{"id":910,"date":"2021-11-16T11:58:35","date_gmt":"2021-11-16T11:58:35","guid":{"rendered":"https:\/\/www.k1-hagen.de\/?page_id=910"},"modified":"2021-11-16T12:58:32","modified_gmt":"2021-11-16T12:58:32","slug":"etwinning","status":"publish","type":"page","link":"https:\/\/www.k1-hagen.de\/index.php\/etwinning\/","title":{"rendered":"eTwinning"},"content":{"rendered":"<p><strong>Informationen \u00fcber das <a href=\"https:\/\/www.etwinning.net\/de\/pub\/index.htm\">eTwinning<\/a>-Projekt<\/strong><\/p>\n<p>&nbsp;<\/p>\n<p>Ich zeige dir mein Land \u2013 Hagen- Racib\u00f3rz(Ratibor) -Krakau ist ein Projekt, das zur Verbesserung von Motivation am Fremdsprachenlernen f\u00fchren soll. Die Sch\u00fcler und Sch\u00fclerinnen bereiten eine Pr\u00e4sentation vor und wollen damit die Vielf\u00e4ltigkeit sowohl der deutschen und der polnischen St\u00e4dte als auch der deutschen und polnischen Kultur zeigen. Das Projekt soll kontinuierlich im Laufe des Schuljahres um andere Themen erweitert werden.<\/p>\n<p><strong>\u00a0<\/strong><\/p>\n<p><strong>Ziele<\/strong><\/p>\n<p>Das Projekt verfolgt das Ziel, Sch\u00fcler und Sch\u00fclerinnen in Kontakt mit anderen L\u00e4ndern zu bringen, so dass sie die Kultur des jeweiligen Landes eigenst\u00e4ndig erfahren. Die Sch\u00fcler und Sch\u00fclerinnen tauschen im Unterricht erarbeitete Produkte aus, beispielsweise Fotoalbum, verbessern ihre Deutsch und Englischkenntnisse und entdecken auch somit die Kultur des anderen Landes. Wichtig dabei w\u00e4re, die Vielf\u00e4ltigkeit der deutschen und polnischen Kultur zu zeigen, ihre Dynamik und ihre Identit\u00e4t. Mit diesem einfachen Thema, wie die deutsche und polnische Kultur, wollen wir auch andere Ziele verfolgen, Unterschiede und Gemeinsamkeiten entdecken.<\/p>\n<p>&nbsp;<\/p>\n<p><strong>Arbeitsprozess<\/strong><\/p>\n<p>&nbsp;<\/p>\n<p>Die Zusammenarbeit mit den Partnern erfolgt \u00fcber den Twinspace\/SuS Vorstellung.<\/p>\n<ul>\n<li>Hagen, Racib\u00f3rz und Krakau erkundigen.<\/li>\n<li><a href=\"https:\/\/www.k1-hagen.de\/wp-content\/uploads\/2021\/11\/Artikel-ueber-Polenfahrt_Feb.2020_Wosch.pdf\">Reise nach Polen (Reisebericht)<\/a><\/li>\n<li>Reflexion des Projekts.<\/li>\n<\/ul>\n<p>&nbsp;<\/p>\n<p><strong>Erwartete Ergebnisse<\/strong><\/p>\n<p><strong>\u00a0<\/strong><\/p>\n<p>Durch das Projekt wollen wir, dass die Sch\u00fcler und Sch\u00fclerinnen die M\u00f6glichkeit haben, die Unterschiede und \u00c4hnlichkeiten zwischen unseren beiden L\u00e4ndern zu entdecken. Die Arbeit am Projekt tr\u00e4gt auch zur Entwicklung von Kreativit\u00e4t und Erlangung von Deutsch, Polnisch und Englischkenntnissen bei.<\/p>\n","protected":false},"excerpt":{"rendered":"<p>Informationen \u00fcber das eTwinning-Projekt &nbsp; Ich zeige dir mein Land \u2013 Hagen- Racib\u00f3rz(Ratibor) -Krakau ist ein Projekt, das zur Verbesserung von Motivation am Fremdsprachenlernen f\u00fchren soll. Die Sch\u00fcler und Sch\u00fclerinnen bereiten eine Pr\u00e4sentation vor&#46;&#46;&#46;<\/p>\n","protected":false},"author":1,"featured_media":0,"parent":0,"menu_order":0,"comment_status":"closed","ping_status":"closed","template":"","meta":{"footnotes":""},"class_list":["post-910","page","type-page","status-publish","hentry"],"_links":{"self":[{"href":"https:\/\/www.k1-hagen.de\/index.php\/wp-json\/wp\/v2\/pages\/910","targetHints":{"allow":["GET"]}}],"collection":[{"href":"https:\/\/www.k1-hagen.de\/index.php\/wp-json\/wp\/v2\/pages"}],"about":[{"href":"https:\/\/www.k1-hagen.de\/index.php\/wp-json\/wp\/v2\/types\/page"}],"author":[{"embeddable":true,"href":"https:\/\/www.k1-hagen.de\/index.php\/wp-json\/wp\/v2\/users\/1"}],"replies":[{"embeddable":true,"href":"https:\/\/www.k1-hagen.de\/index.php\/wp-json\/wp\/v2\/comments?post=910"}],"version-history":[{"count":4,"href":"https:\/\/www.k1-hagen.de\/index.php\/wp-json\/wp\/v2\/pages\/910\/revisions"}],"predecessor-version":[{"id":927,"href":"https:\/\/www.k1-hagen.de\/index.php\/wp-json\/wp\/v2\/pages\/910\/revisions\/927"}],"wp:attachment":[{"href":"https:\/\/www.k1-hagen.de\/index.php\/wp-json\/wp\/v2\/media?parent=910"}],"curies":[{"name":"wp","href":"https:\/\/api.w.org\/{rel}","templated":true}]}}