{"id":780,"date":"2021-10-30T15:18:11","date_gmt":"2021-10-30T15:18:11","guid":{"rendered":"https:\/\/new.k1-hagen.de\/?page_id=780"},"modified":"2021-10-30T15:18:11","modified_gmt":"2021-10-30T15:18:11","slug":"sachbeschaedigung","status":"publish","type":"page","link":"https:\/\/www.k1-hagen.de\/index.php\/sachbeschaedigung\/","title":{"rendered":"Sachbesch\u00e4digung"},"content":{"rendered":"<div class=\"article-rel-wrapper\">\n<h2 class=\"contentheading\">Sachbesch\u00e4digung<\/h2>\n<\/div>\n<p>Sich in der Cafeteria mit einem Edding auf der Wand zu verewigen &#8230;, mit dem M\u00fclleimer Fu\u00dfball zu spielen und ihn dabei zu zerbeulen &#8230;, Schulb\u00fccher zu bekritzeln oder im Computerraum mit einem Stift den Bildschirm zu beschreiben \u2026<\/p>\n<p>Dies sind keine Kavaliersdelikte, sondern ebenso der Straftat \u201eSachbesch\u00e4digung\u201c zuzurechnen wie viele andere Besch\u00e4digungen an und in der Schule, die wir fast t\u00e4glich dort erleben.<\/p>\n<p>Besch\u00e4digt man Sachen vors\u00e4tzlich, begeht man nach Paragraph 303 StGB eine Sachbesch\u00e4digung. Dabei ist es ohne Bedeutung, ob die Sache einen Wert hat. Das bedeutet, die Ausrede \u201each, die Wand ist doch schon v\u00f6llig verschmiert\u201c oder \u201eder Gegenstand ist doch schon kaputt\u201c lassen wir nicht gelten.<\/p>\n<p>Ordnungsma\u00dfnahmen bis hin zur Entlassung von der Schule und der Weiterleitung der Anzeige bei der Polizei sind die Folge. Der besch\u00e4digte Gegenstand muss auf jeden Fall ersetzt werden.<\/p>\n<p>Selbst wenn ein Gegenstand nicht vors\u00e4tzlich sondern fahrl\u00e4ssig besch\u00e4digt wurde, dazu z\u00e4hlen zum Beispiel das Versch\u00fctten von Kaffee im Computerraum oder das l\u00e4ssige Anlehnen mit den F\u00fc\u00dfen an einer Wand, muss der Schaden ersetzt werden.<\/p>\n<p dir=\"ltr\"><strong>\u00a7 303 StGB: Sachbesch\u00e4digung<\/strong><\/p>\n<p>(1) Wer rechtswidrig eine fremde Sache besch\u00e4digt oder zerst\u00f6rt, wird mit Freiheitsstrafe bis zu zwei Jahren oder mit Geldstrafe bestraft.<br \/>\n(2) Ebenso wird bestraft, wer unbefugt das Erscheinungsbild einer fremden Sache nicht nur unerheblich und nicht nur vor\u00fcbergehend ver\u00e4ndert.<br \/>\n(3) Der Versuch ist strafbar.<\/p>\n","protected":false},"excerpt":{"rendered":"<p>Sachbesch\u00e4digung Sich in der Cafeteria mit einem Edding auf der Wand zu verewigen &#8230;, mit dem M\u00fclleimer Fu\u00dfball zu spielen und ihn dabei zu zerbeulen &#8230;, Schulb\u00fccher zu bekritzeln oder im Computerraum mit einem&#46;&#46;&#46;<\/p>\n","protected":false},"author":1,"featured_media":0,"parent":0,"menu_order":0,"comment_status":"closed","ping_status":"closed","template":"","meta":{"footnotes":""},"class_list":["post-780","page","type-page","status-publish","hentry"],"_links":{"self":[{"href":"https:\/\/www.k1-hagen.de\/index.php\/wp-json\/wp\/v2\/pages\/780","targetHints":{"allow":["GET"]}}],"collection":[{"href":"https:\/\/www.k1-hagen.de\/index.php\/wp-json\/wp\/v2\/pages"}],"about":[{"href":"https:\/\/www.k1-hagen.de\/index.php\/wp-json\/wp\/v2\/types\/page"}],"author":[{"embeddable":true,"href":"https:\/\/www.k1-hagen.de\/index.php\/wp-json\/wp\/v2\/users\/1"}],"replies":[{"embeddable":true,"href":"https:\/\/www.k1-hagen.de\/index.php\/wp-json\/wp\/v2\/comments?post=780"}],"version-history":[{"count":1,"href":"https:\/\/www.k1-hagen.de\/index.php\/wp-json\/wp\/v2\/pages\/780\/revisions"}],"predecessor-version":[{"id":782,"href":"https:\/\/www.k1-hagen.de\/index.php\/wp-json\/wp\/v2\/pages\/780\/revisions\/782"}],"wp:attachment":[{"href":"https:\/\/www.k1-hagen.de\/index.php\/wp-json\/wp\/v2\/media?parent=780"}],"curies":[{"name":"wp","href":"https:\/\/api.w.org\/{rel}","templated":true}]}}