{"id":777,"date":"2021-10-30T15:17:50","date_gmt":"2021-10-30T15:17:50","guid":{"rendered":"https:\/\/new.k1-hagen.de\/?page_id=777"},"modified":"2021-10-30T15:17:50","modified_gmt":"2021-10-30T15:17:50","slug":"youtube","status":"publish","type":"page","link":"https:\/\/www.k1-hagen.de\/index.php\/youtube\/","title":{"rendered":"Youtube"},"content":{"rendered":"<div class=\"article-rel-wrapper\">\n<h2 class=\"contentheading\">Youtube<\/h2>\n<\/div>\n<p class=\"absatzcontent\">Videos bei Youtube zu ver\u00f6ffentlichen oder \u00fcber das eigene Handy an andere weiterzugeben ist\u00a0scheinbar &#8222;in&#8220;. Der Slogan von Youtube hei\u00dft: &#8222;videotainment starts here&#8220; &#8211; aber wo endet es? Folgene F\u00e4lle ereigneten sich an deutschen Schulen:<\/p>\n<div class=\"bold\">\n<ul>\n<li>\n<div class=\"absatzcontent\">Ein Sch\u00fcler in Frankfurt filmte mit seinem Handy einen Lehrer auf der Toilette und ver\u00f6ffentlichte das Video bei Youtube.<\/div>\n<\/li>\n<li>\n<div class=\"absatzcontent\">Sch\u00fcler filmen, wie sich Sch\u00fcler \u00fcber einen mit dem Unterricht offensichtlich \u00fcberforderten Lehrer lustig machen. Das Video wird bei Youtube ver\u00f6ffentlicht.<\/div>\n<\/li>\n<li>\n<div class=\"absatzcontent\">\n<div>Ein Sch\u00fcler\u00a0hat brutale &#8222;Snuff&#8220;-Videos\u00a0auf seinem\u00a0Handy und zeigt diese\u00a0seinen minderj\u00e4hrigen Klassenkameraden, um damit anzugeben. Teilweise wurden diese Videos auf die Handys von Mitsch\u00fclern \u00fcbertragen.<\/div>\n<\/div>\n<\/li>\n<li>\n<div class=\"absatzcontent\">\n<div>Eine Sch\u00fclerin gab in der Schule kurze Videos weiter, die u.a. sexuelle Handlungen zwischen einem Pferd und einer Frau sowie die Enthauptung bzw. Hinrichtung einer Frau zeigten.<\/div>\n<\/div>\n<\/li>\n<\/ul>\n<\/div>\n<p class=\"absatzcontent\"><strong>&#8222;Echt witzig&#8220;, &#8222;Ein Spa\u00df&#8220;, &#8222;Cool&#8220;\u00a0oder vielleicht ein Straftatbestand?<\/strong><\/p>\n<table border=\"1\" frame=\"border\" rules=\"none\">\n<tbody>\n<tr>\n<td><strong>\u00a7 201a\u00a0StGB: Verletzung des h\u00f6chstpers\u00f6nlichen Lebensbereichs durch Bildaufnahmen<br \/>\n<\/strong>(1) Wer von einer anderen Person, die sich in einer Wohnung oder einem gegen Einblick besonders gesch\u00fctzten Raum befindet, unbefugt Bildaufnahmen herstellt oder \u00fcbertr\u00e4gt und dadurch deren h\u00f6chstpers\u00f6nlichen Lebensbereich verletzt, wird mit Freiheitsstrafe bis zu einem Jahr oder mit Geldstrafe bestraft.<br \/>\n(2) Ebenso wird bestraft, wer eine durch eine Tat nach Absatz 1 hergestellte Bildaufnahme gebraucht oder einem Dritten zug\u00e4nglich macht.<br \/>\n(3) Wer eine befugt hergestellte Bildaufnahme von einer anderen Person (&#8230;), die sich in\u00a0(&#8230;) einem gegen Einblick besonders gesch\u00fctzten Raum befindet, wissentlich unbefugt einem Dritten zug\u00e4nglich macht (&#8230;)\u00a0, wird mit Freiheitsstrafe bis zu einem Jahr oder mit Geldstrafe bestraft.<br \/>\n(4) Die Bildtr\u00e4ger sowie Bildaufnahmeger\u00e4te oder andere technische Mittel, die der T\u00e4ter oder Teilnehmer verwendet hat, k\u00f6nnen eingezogen werden.<\/td>\n<\/tr>\n<\/tbody>\n<\/table>\n<div class=\"bold\">\nEs ist also verboten, Bildaufnahmen in gesch\u00fctzten R\u00e4umen zu machen\u00a0(z.B. Schultoilette, Umkleideraum in der Sporthalle). Zwar gilt\u00a0ein Klassenraum bislang noch nicht als ein gesch\u00fctzter nicht\u00f6ffentlicher Raum, jedoch\u00a0k\u00f6nnen durch sogenannte &#8222;Happy Slapping&#8220;-Videos andere Strafttatbest\u00e4nde betroffen sein: Misshandlungen und Dem\u00fctigungen k\u00f6nnen als<\/div>\n<ul>\n<li>\n<div>gef\u00e4hrliche und\/oder schwere K\u00f6rperverletzung<\/div>\n<\/li>\n<li>\n<div>N\u00f6tigung<\/div>\n<\/li>\n<li>\n<div>Freiheitsberaubung<\/div>\n<\/li>\n<li>\n<div>Beleidigung<\/div>\n<\/li>\n<li>\n<div>Sexualdelikte<br \/>\n[Vergewaltigung bzw. sexuelle N\u00f6tigung\u00a0(Opfer wird zum Oralverkehr gezwungen)]<\/div>\n<\/li>\n<li>\n<div>Raub oder r\u00e4uberische Erpressung<br \/>\n(Opfer wird Gewalt angedroht bzw.\u00a0angetan,\u00a0Gegenst\u00e4nde entwendet oder deren Herausgabe erzwungen)<\/div>\n<\/li>\n<\/ul>\n<p>rechtlich verfolgt und belangt werden.<\/p>\n<table border=\"1\" frame=\"vsides\" rules=\"none\">\n<tbody>\n<tr>\n<td><strong>\u00a7 201 StGB: Verletzung der Vertraulichkeit des Wortes<br \/>\n<\/strong>(1) Mit Freiheitsstrafe bis zu drei Jahren oder mit Geldstrafe wird bestraft, wer unbefugt<br \/>\n1. das nicht\u00f6ffentlich gesprochene Wort eines anderen auf einen Tontr\u00e4ger aufnimmt oder<br \/>\n2. eine so hergestellte Aufnahme gebraucht oder einem Dritten zug\u00e4nglich macht.<br \/>\n(4) Der Versuch ist strafbar.<\/td>\n<\/tr>\n<\/tbody>\n<\/table>\n<div class=\"rand\"><\/div>\n<div class=\"bold\">\nStrafbar machen sich also Sch\u00fcler, die mit Hilfe ihres Handys heimlich Aussagen von anderen Personen aufnehmen\u00a0und diese anderen zeigen bzw.\u00a0an sie weitergeben.\u00a0In den\u00a0Bereich des &#8222;nicht\u00f6ffentlich&#8220; gesprochenen Wortes\u00a0f\u00e4llt z.B. auch Unterricht.<\/p>\n<\/div>\n<div>\n<table border=\"1\" frame=\"vsides\" rules=\"none\">\n<tbody>\n<tr>\n<td>\n<div align=\"left\"><strong>\u00a7 131 StGB: Gewaltdarstellung<br \/>\n<\/strong>(1) Wer Schriften, die grausame oder sonst unmenschliche Gewaltt\u00e4tigkeiten gegen Menschen oder menschen\u00e4hnliche Wesen in einer Art schildern, die eine Verherrlichung oder Verharmlosung solcher Gewaltt\u00e4tigkeiten ausdr\u00fcckt oder die das Grausame oder Unmenschliche des Vorgangs in einer die Menschenw\u00fcrde verletzenden Weise darstellt,<\/div>\n<div align=\"left\">1. verbreitet,<\/div>\n<div align=\"left\">2. \u00f6ffentlich (&#8230;) vorf\u00fcrht oder sonst zug\u00e4nglich macht,<\/div>\n<div align=\"left\">3. einer Person unter 18 Jahren anbietet, \u00fcberl\u00e4sst oder zug\u00e4nglich macht oder<\/div>\n<div align=\"left\">4. herstellt, bezieht, liefert, vorr\u00e4tig h\u00e4lt, anbietet (&#8230;), um sie (&#8230;) zu verwenden oder einem anderen eine solche Verwendung zu erm\u00f6glichen,<\/div>\n<div align=\"left\">wird mit Freiheitsstrafe bis zu einem Jahr oder mit Geldstrafe bestraft.<\/div>\n<\/td>\n<\/tr>\n<\/tbody>\n<\/table>\n<\/div>\n<div>\n<div>\nEs ist also verboten, bestimmte Medien wie Pornografie, brutale Gewaltdarstellungen\u00a0oder schwer jugendgef\u00e4hrdende Tr\u00e4germedien &#8222;vorr\u00e4tig&#8220; zu halten, um sie weiter zu verbreiten . &#8222;Vorr\u00e4tig&#8220; halten bezieht sich dabei nicht auf eine Mehrzahl von Dateien. Ein Handy mit diesen Aufnahmen reicht aus, da es sich hierbei um &#8222;Tasch- und Sammelgut&#8220; handelt, das anderen (auch minderj\u00e4hrigen) weitergezeigt werden soll. Der Sch\u00fcler aus dem dritten Einstiegsfall macht sich also auch strafbar, weil er diese Videos an minderj\u00e4hrige Sch\u00fcler weitergibt.<\/div>\n<\/div>\n<div>\n<div class=\"bold\">Die Sch\u00fclerin aus dem vierten Einstiegsfall wurde f\u00fcr f\u00fcnf Tage vom Unterricht ausgeschlossen. Die Ordnungsma\u00dfnahme wurde vom Verwaltungsgericht Karlsruhe gebilligt, da es sich um ein schweres Fehlverhalten handelt.<\/div>\n<div class=\"bold\">\n<div class=\"bold\">Weitere Informationen:<\/div>\n<div class=\"bold\">\n<ul>\n<li><a href=\"http:\/\/www.lehrerfreund.de\/in\/schule\/1s\/lehrer-videos-internet\/\">http:\/\/www.lehrerfreund.de\/in\/schule\/1s\/lehrer-videos-internet\/<\/a><\/li>\n<li><a class=\"undefined\" title=\"StGB\" href=\"http:\/\/bundesrecht.juris.de\/stgb\/\" target=\"_blank\" rel=\"noopener\">Strafgesetzbuch<\/a><\/li>\n<li><a href=\"http:\/\/www.spiegel.de\/schulspiegel\/0,1518,388117,00.html\">http:\/\/www.spiegel.de\/schulspiegel\/0,1518,388117,00.html<\/a><\/li>\n<\/ul>\n<\/div>\n<\/div>\n<\/div>\n","protected":false},"excerpt":{"rendered":"<p>Youtube Videos bei Youtube zu ver\u00f6ffentlichen oder \u00fcber das eigene Handy an andere weiterzugeben ist\u00a0scheinbar &#8222;in&#8220;. Der Slogan von Youtube hei\u00dft: &#8222;videotainment starts here&#8220; &#8211; aber wo endet es? Folgene F\u00e4lle ereigneten sich an&#46;&#46;&#46;<\/p>\n","protected":false},"author":1,"featured_media":0,"parent":0,"menu_order":0,"comment_status":"closed","ping_status":"closed","template":"","meta":{"footnotes":""},"class_list":["post-777","page","type-page","status-publish","hentry"],"_links":{"self":[{"href":"https:\/\/www.k1-hagen.de\/index.php\/wp-json\/wp\/v2\/pages\/777","targetHints":{"allow":["GET"]}}],"collection":[{"href":"https:\/\/www.k1-hagen.de\/index.php\/wp-json\/wp\/v2\/pages"}],"about":[{"href":"https:\/\/www.k1-hagen.de\/index.php\/wp-json\/wp\/v2\/types\/page"}],"author":[{"embeddable":true,"href":"https:\/\/www.k1-hagen.de\/index.php\/wp-json\/wp\/v2\/users\/1"}],"replies":[{"embeddable":true,"href":"https:\/\/www.k1-hagen.de\/index.php\/wp-json\/wp\/v2\/comments?post=777"}],"version-history":[{"count":1,"href":"https:\/\/www.k1-hagen.de\/index.php\/wp-json\/wp\/v2\/pages\/777\/revisions"}],"predecessor-version":[{"id":779,"href":"https:\/\/www.k1-hagen.de\/index.php\/wp-json\/wp\/v2\/pages\/777\/revisions\/779"}],"wp:attachment":[{"href":"https:\/\/www.k1-hagen.de\/index.php\/wp-json\/wp\/v2\/media?parent=777"}],"curies":[{"name":"wp","href":"https:\/\/api.w.org\/{rel}","templated":true}]}}