{"id":774,"date":"2021-10-30T15:17:23","date_gmt":"2021-10-30T15:17:23","guid":{"rendered":"https:\/\/new.k1-hagen.de\/?page_id=774"},"modified":"2021-10-30T15:17:23","modified_gmt":"2021-10-30T15:17:23","slug":"attestfaelschung","status":"publish","type":"page","link":"https:\/\/www.k1-hagen.de\/index.php\/attestfaelschung\/","title":{"rendered":"Attestf\u00e4lschung"},"content":{"rendered":"<div class=\"article-rel-wrapper\">\n<h2 class=\"contentheading\">Attestf\u00e4lschung<\/h2>\n<\/div>\n<p>Leider versuchen Sch\u00fclerInnen immer wieder, ihre Fehlzeiten mit gef\u00e4lschten Attesten zu entschuldigen. In der Regel sind diese F\u00e4lschungen von den LehrerInnen sehr leicht zu erkennen und ein Anruf beim entsprechenden Arzt f\u00fchrt meistens schnell zu einer Aufkl\u00e4rung.<\/p>\n<p>Auch wenn viele Sch\u00fclerInnen aus Angst vor einer Ordnungsma\u00dfnahme diese Atteste f\u00e4lschen, um einer drohenden Entlassung wegen unentschuldigten Fehlens vorzubeugen, f\u00fchrt dieser Weg meistens in die falsche Richtung, denn das F\u00e4lschen von Attesten f\u00fchrt in jedem Fall zum Ausschluss von der Schule, denn es handelt sich hierbei um eine Urkundenf\u00e4lschung, also eine Straftat, die an unserer Schule nicht geduldet wird.<\/p>\n<p>Eine solche Straftat kann bei der Polizei angezeigt werden, \u00fcbrigens auch von dem betreffenden Arzt<strong>.<\/strong><\/p>\n<table border=\"1\" frame=\"border\" cellspacing=\"0\" cellpadding=\"0\">\n<tbody>\n<tr>\n<td scope=\"row\" align=\"left\" valign=\"top\"><strong><br \/>\n\u00a7 267 StGB: Urkundenf\u00e4lschung<\/strong><br \/>\n(1) Wer zur T\u00e4uschung im Rechtsverkehr eine unechte Urkunde herstellt, eine echte Urkunde verf\u00e4lscht oder eine unechte oder verf\u00e4lschte Urkunde gebraucht, wird mit Freiheitsstrafe bis zu f\u00fcnf Jahren oder mit Geldstrafe bestraft.<br \/>\n(2) Der Versuch ist strafbar.<strong><\/p>\n<p>\u00a7 277 StGB: F\u00e4lschung von Gesundheitszeugnissen<\/strong><br \/>\nWer unter der ihm nicht zustehenden Bezeichnung als Arzt oder als eine andere approbierte Medizinalperson oder unberechtigt unter dem Namen solcher Personen ein Zeugnis \u00fcber seinen oder eines anderen Gesundheitszustand ausstellt oder ein derartiges echtes Zeugnis verf\u00e4lscht und davon zur T\u00e4uschung von Beh\u00f6rden oder Versicherungsgesellschaften Gebrauch macht, wird mit Freiheitsstrafe bis zu einem Jahr oder mit Geldstrafe bestraft.<\/td>\n<\/tr>\n<\/tbody>\n<\/table>\n<p>Oft gibt es Gr\u00fcnde f\u00fcr das unentschuldigte Fehlen, wie zum Beispiel pers\u00f6nliche Probleme oder schwierige Lebenssituationen. Deshalb ist auf jeden Fall der bessere Weg, mit der Schule \u2013 den eigenen Lehrern oder den Beratungslehrern \u2013 das Gespr\u00e4ch zu suchen und etwaige Fehlzeiten zu erkl\u00e4ren.<\/p>\n<p><strong>Wir haben f\u00fcr vieles Verst\u00e4ndnis &#8211; aber nicht f\u00fcr das F\u00e4lschen von Attesten!<\/strong><\/p>\n","protected":false},"excerpt":{"rendered":"<p>Attestf\u00e4lschung Leider versuchen Sch\u00fclerInnen immer wieder, ihre Fehlzeiten mit gef\u00e4lschten Attesten zu entschuldigen. In der Regel sind diese F\u00e4lschungen von den LehrerInnen sehr leicht zu erkennen und ein Anruf beim entsprechenden Arzt f\u00fchrt meistens&#46;&#46;&#46;<\/p>\n","protected":false},"author":1,"featured_media":0,"parent":0,"menu_order":0,"comment_status":"closed","ping_status":"closed","template":"","meta":{"footnotes":""},"class_list":["post-774","page","type-page","status-publish","hentry"],"_links":{"self":[{"href":"https:\/\/www.k1-hagen.de\/index.php\/wp-json\/wp\/v2\/pages\/774","targetHints":{"allow":["GET"]}}],"collection":[{"href":"https:\/\/www.k1-hagen.de\/index.php\/wp-json\/wp\/v2\/pages"}],"about":[{"href":"https:\/\/www.k1-hagen.de\/index.php\/wp-json\/wp\/v2\/types\/page"}],"author":[{"embeddable":true,"href":"https:\/\/www.k1-hagen.de\/index.php\/wp-json\/wp\/v2\/users\/1"}],"replies":[{"embeddable":true,"href":"https:\/\/www.k1-hagen.de\/index.php\/wp-json\/wp\/v2\/comments?post=774"}],"version-history":[{"count":1,"href":"https:\/\/www.k1-hagen.de\/index.php\/wp-json\/wp\/v2\/pages\/774\/revisions"}],"predecessor-version":[{"id":776,"href":"https:\/\/www.k1-hagen.de\/index.php\/wp-json\/wp\/v2\/pages\/774\/revisions\/776"}],"wp:attachment":[{"href":"https:\/\/www.k1-hagen.de\/index.php\/wp-json\/wp\/v2\/media?parent=774"}],"curies":[{"name":"wp","href":"https:\/\/api.w.org\/{rel}","templated":true}]}}