{"id":763,"date":"2021-10-30T15:14:25","date_gmt":"2021-10-30T15:14:25","guid":{"rendered":"https:\/\/new.k1-hagen.de\/?page_id=763"},"modified":"2024-03-14T08:47:42","modified_gmt":"2024-03-14T08:47:42","slug":"informationen-ueber-leistungsbewertung-zeugnis-und-abschluss","status":"publish","type":"page","link":"https:\/\/www.k1-hagen.de\/index.php\/informationen-ueber-leistungsbewertung-zeugnis-und-abschluss\/","title":{"rendered":"Informationen \u00fcber Leistungsbewertung, Zeugnis und Abschluss in der Berufsschule"},"content":{"rendered":"<div class=\"article-rel-wrapper\">\n<h2 class=\"contentheading\">Informationen \u00fcber Leistungsbewertung, Zeugnis und Abschluss<\/h2>\n<\/div>\n<p>Die<b>\u00a0Leistungsbewertung<\/b> richtet sich in ihren Grunds\u00e4tzen nach dem Schulgesetz (\u00a7 48) und speziell nach \u00a7 8 der Ausbildungs- und Pr\u00fcfungsordnung Berufskolleg &#8211; APO-BK und den entsprechenden Verwaltungsvorschriften. Die Bildungsgangkonferenz entscheidet, in welchen F\u00e4chern schriftliche Arbeiten geschrieben werden. In F\u00e4chern mit schriftlichen Arbeiten werden die Zeugnisnoten i. d. R. gleichgewichtig aus dem Beurteilungsbereich \u201eschriftliche Arbeiten&#8220; und dem Beurteilungsbereich \u201esonstige Leistungen&#8220; (z.B. m\u00fcndliche Mitarbeit, Test, Fachgespr\u00e4ch, Protokoll, Referat) gebildet.<\/p>\n<p><b>Die\u00a0Leistungsanforderungen<\/b>\u00a0einer Klasse sind erf\u00fcllt bzw. der Bildungsgang der Berufsschule ist erfolgreich beendet, wenn die Leistungen in allen F\u00e4chern &#8211; au\u00dfer denen des Differenzierungsbereichs &#8211; mindestens \u201eausreichend&#8220; oder nur in einem Fach \u201emangelhaft&#8220; sind.<\/p>\n<p>Die Sch\u00fclerin\/ der Sch\u00fcler erh\u00e4lt ein<b>\u00a0Zeugnis<\/b> jeweils am Ende des Schuljahres oder des Unterrichts\u00adblocks. Er\/sie r\u00fcckt dann ohne Versetzung in die n\u00e4chste Klasse vor, sofern nicht wegen Verl\u00e4ngerung des Berufsausbildungsverh\u00e4ltnisses die Klasse wiederholt wird. Zus\u00e4tzlich wird in der Oberstufe zum Ende des ersten Schulhalbjahres ein Zeugnis erteilt.<\/p>\n<p><b>Der\u00a0Berufsschulabschluss<\/b> wird zuerkannt, wenn am Ende der Berufsausbildung alle erbrachten schulischen Leistungen den Anforderungen (s.o.) entsprechen. Der Berufschulabschluss ist unabh\u00e4n\u00adgig vom Berufsabschluss, der bei den Kammern erworben werden kann.<\/p>\n<p>Die Noten der F\u00e4cher des letzten Schuljahres werden zu einer Berufsschulabschlussnote zusammengefasst. Konnte im letzten Schuljahr ein Fach nicht erteilt werden, so wird f\u00fcr dieses Fach die letzte Zeugnisnote ber\u00fccksichtigt. Die Leistungen im Differenzierungsbereich werden nicht in die Ab\u00adschlussnote einbezogen. Zur Ermittlung der Berufsabschlussnote werden die Einzelnoten gewichtet: In F\u00e4chern, die gem\u00e4\u00df Stundentafel im Durchschnitt \u00fcber alle Schuljahre mit mindestens mit 2 Stun\u00adden\/Woche unterrichtet werden, wird die Note doppelt gewichtet. Die Noten der \u00fcbrigen F\u00e4cher wer\u00adden einfach gewichtet. (N\u00e4here Ausk\u00fcnfte dazu erteilt der Klassenlehrer.)<\/p>\n<p align=\"left\">Die Note des Abschlusszeugnisses der Berufsschule wird auf Antrag bei der Kammer auf das Kam\u00admerzeugnis eingetragen. (N\u00e4here Informationen dazu erteilt die zust\u00e4ndige Kammer.)<\/p>\n<p>Da der Berufsschulabschluss mit einigen<b>\u00a0allgemein bildenden Schulabschl\u00fcssen<\/b> gleichwertig ist, k\u00f6nnen hierdurch noch fehlende Abschl\u00fcsse erworben werden, und zwar insbesondere der Erweiterte Erste Schulabschluss oder der Mittlere Schulabschluss (ggf. mit Q-Vermerk). (N\u00e4here Informationen erteilt der Klas\u00adsenlehrer; vgl. <i>Informationsblatt \u201eAbschl\u00fcsse und Qualifikationen in der Berufsschule&#8220;.)<\/i><\/p>\n<p>In einem \u201emangelhaft&#8220; bewerteten Fach kann eine<b>\u00a0Nachpr\u00fcfung<\/b>\u00a0abgelegt werden, wenn durch die Verbesserung auf \u201eausreichend&#8220; in einem Fach der Berufsschulabschluss erreicht werden kann. (N\u00e4here Informationen erteilt der Klassenlehrer; vgl.\u00a0<i>Informationsblatt \u201eNachpr\u00fcfung in der Berufs\u00adschule&#8220;.)<\/i><\/p>\n<p align=\"left\">Bei Fragen wenden Sie sich bitte an Ihre\/n Klassenlehrer\/in bzw. Beratungslehrer\/in!<\/p>\n","protected":false},"excerpt":{"rendered":"<p>Informationen \u00fcber Leistungsbewertung, Zeugnis und Abschluss Die\u00a0Leistungsbewertung richtet sich in ihren Grunds\u00e4tzen nach dem Schulgesetz (\u00a7 48) und speziell nach \u00a7 8 der Ausbildungs- und Pr\u00fcfungsordnung Berufskolleg &#8211; APO-BK und den entsprechenden Verwaltungsvorschriften. Die&#46;&#46;&#46;<\/p>\n","protected":false},"author":1,"featured_media":0,"parent":0,"menu_order":0,"comment_status":"closed","ping_status":"closed","template":"","meta":{"footnotes":""},"class_list":["post-763","page","type-page","status-publish","hentry"],"_links":{"self":[{"href":"https:\/\/www.k1-hagen.de\/index.php\/wp-json\/wp\/v2\/pages\/763","targetHints":{"allow":["GET"]}}],"collection":[{"href":"https:\/\/www.k1-hagen.de\/index.php\/wp-json\/wp\/v2\/pages"}],"about":[{"href":"https:\/\/www.k1-hagen.de\/index.php\/wp-json\/wp\/v2\/types\/page"}],"author":[{"embeddable":true,"href":"https:\/\/www.k1-hagen.de\/index.php\/wp-json\/wp\/v2\/users\/1"}],"replies":[{"embeddable":true,"href":"https:\/\/www.k1-hagen.de\/index.php\/wp-json\/wp\/v2\/comments?post=763"}],"version-history":[{"count":5,"href":"https:\/\/www.k1-hagen.de\/index.php\/wp-json\/wp\/v2\/pages\/763\/revisions"}],"predecessor-version":[{"id":1942,"href":"https:\/\/www.k1-hagen.de\/index.php\/wp-json\/wp\/v2\/pages\/763\/revisions\/1942"}],"wp:attachment":[{"href":"https:\/\/www.k1-hagen.de\/index.php\/wp-json\/wp\/v2\/media?parent=763"}],"curies":[{"name":"wp","href":"https:\/\/api.w.org\/{rel}","templated":true}]}}