{"id":654,"date":"2021-10-30T09:42:24","date_gmt":"2021-10-30T09:42:24","guid":{"rendered":"https:\/\/new.k1-hagen.de\/?page_id=654"},"modified":"2021-10-31T06:54:09","modified_gmt":"2021-10-31T06:54:09","slug":"datenschutzerklaerung","status":"publish","type":"page","link":"https:\/\/www.k1-hagen.de\/index.php\/datenschutzerklaerung\/","title":{"rendered":"Datenschutzerkl\u00e4rung"},"content":{"rendered":"<h1>Datenschutzerkl\u00e4rung<\/h1>\n<p>Wenn Sie unsere Schulwebsite besuchen, verarbeitet diese gem\u00e4\u00df Art. 6 Abs. 1 S. 1 lit. e Datenschutz-Grundverordnung (EU-DSGVO) im erforderlichen Umfang Ihre personenbezogenen Daten. Dies ist schon aus technischen Gr\u00fcnden erforderlich, um Ihnen alle Funktionalit\u00e4ten unserer Website und die Sicherheit unseres Angebotes zu gew\u00e4hrleisten. Gem\u00e4\u00df Art. 13 und 14 EU-DSGVO geben wir Ihnen hierzu folgende Informationen:<\/p>\n<h2>1. Verantwortlich f\u00fcr diese Homepage ist:<\/h2>\n<p>OStD&#8216; Carolina H\u00f6nninger (Schulleiterin)<br \/>\nBerufskolleg der Stadt Hagen &#8211; Kaufmannsschule I<\/p>\n<p>Springmannstr. 7<br \/>\n58095 Hagen<br \/>\nbk@k1-hagen.de<\/p>\n<h2>2. Datenschutzbeauftragter (Art. 37-39 EU-DSGVO)<\/h2>\n<p>Den beh\u00f6rdlichen Datenschutzbeauftragten f\u00fcr Schulen in staatlicher Tr\u00e4gerschaft der Stadt Hagen erreichen Sie per E-Mail oder \u00fcber die Adresse:<br \/>\nUdo Dreher<br \/>\nBeh\u00f6rdlicher Datenschutzbeauftragten f\u00fcr Schulen<br \/>\nin staatlicher Tr\u00e4gerschaft der Stadt Hagen<br \/>\nRathaustr. 11<br \/>\nD-58095 Hagen<br \/>\n0177-8063308<br \/>\nudo.dreher@stadt-hagen.de<\/p>\n<h2>3. Bereitstellung der Website und Erstellung von Protokoll- oder Log-Dateien<\/h2>\n<p align=\"justify\">Das Internetangebot der Kaufmannsschule 1 wird gehostet durch:<\/p>\n<p>LK Train<br \/>\nLars Kr\u00e4winkel<br \/>\nWilhelm-Diederichs-Str. 43<br \/>\n45468 M\u00fclheim an der Ruhr<\/p>\n<p>LK Train empf\u00e4ngt zu diesem Zweck die unten genannten Daten.<\/p>\n<h3>3.1 Welche Daten werden verarbeitet?<\/h3>\n<p>Bei jedem Zugriff auf Inhalte des Internetangebotes werden dort vor\u00fcbergehend Daten \u00fcber sogenannte Protokoll- oder Log-Dateien gespeichert, die m\u00f6glicherweise eine Identifizierung zulassen. Die folgenden Daten werden hierbei erhoben:<br \/>\n\u2022 Datum und Uhrzeit des Abrufs<br \/>\n\u2022 Name des aufgerufenen Internetdienstes, der aufgerufenen Ressource und der verwendeten Aktion<br \/>\n\u2022 Abfrage, die der Client gestellt hat<br \/>\n\u2022 \u00fcbertragene Datenmenge<br \/>\n\u2022 Meldung, ob der Abruf erfolgreich war<br \/>\n\u2022 IP-Adresse des aufrufenden Rechners<br \/>\n\u2022 Clientinformationen (u.a. Browser, Betriebssystem)<\/p>\n<p>Rechtsgrundlage f\u00fcr die vor\u00fcbergehende Speicherung der Daten ist Art. 6 Abs. 1 lit. e EU-DSGVO i.V.m. \u00a7 3 Abs. 1 NRWDSAnpUG-EU.<\/p>\n<h3>3.2 Zu welchen Zwecken erfolgt die Verarbeitung?<\/h3>\n<p>Die Daten aus den Protokoll- bzw. Logdateien dienen zur Sicherstellung der Funktionsf\u00e4higkeit der Website. Zudem dienen sie zur Abwehr und Analyse von Angriffen. In diesen Zwecken liegt auch unser berechtigtes Interesse an der Datenverarbeitung.<\/p>\n<h3>3.3 Wie lange werden die Daten gespeichert?<\/h3>\n<p>Die Daten werden gespeichert ausschlie\u00dflich f\u00fcr Administratoren zug\u00e4nglich aufbewahrt. Danach sind sie nur noch indirekt \u00fcber die Rekonstruktion von Sicherungen verf\u00fcgbar und werden nach 52 Wochen endg\u00fcltig gel\u00f6scht.<\/p>\n<h2>4. Anfragen und E-Mail-Verkehr<\/h2>\n<p>F\u00fcr Ihre Kontaktaufnahme mit unserer Schule bieten wir Ihnen verschiedene Zugangsm\u00f6glichkeiten \u00fcber Kontaktformulare oder die Nutzung von E-Mailadressen. Sofern Sie diese Kontakte nutzen, erfolgt die Eingabe personenbezogener Daten gem\u00e4\u00df Art. 6 Abs. 1 S. 1 lit. a EU-DSGVO auf ausdr\u00fccklich freiwilliger Basis. Hier k\u00f6nnen gespeichert werden:<br \/>\n\u2022 Anrede<br \/>\n\u2022 Name<br \/>\n\u2022 Vorname<br \/>\n\u2022 E-Mail Adresse<br \/>\n\u2022 Stra\u00dfe<br \/>\n\u2022 Hausnummer<br \/>\n\u2022 Postleitzahl<br \/>\n\u2022 Ort<br \/>\n\u2022 Telefonnummer<br \/>\n\u2022 Betreff<br \/>\n\u2022 Ihre Nachricht<br \/>\n\u2022 Zeitstempel<br \/>\n\u2022 Benutzer<br \/>\n\u2022 IP-Adresse4. Verwendung von Cookies, Besucherz\u00e4hler, Frageb\u00f6gen<\/p>\n<h2>5. Nutzung von Cookies gem\u00e4\u00df Art. 37 Abs. 7 i.V.m. Art. 6 Abs. 1 lit. e EU-DSGVO<\/h2>\n<p>Auf unserer Website\/Homepage verwenden wir sogn. \u201eCookies\u201c. Hierbei handelt es sich um kleine Textdateien, die auf Ihrem Rechner abgelegt werden und die Ihr Browser speichert. Diese dienen dazu, unser Angebot f\u00fcr Sie nutzerfreundlicher und effektiver zu machen.<br \/>\nBeim erstmaligen Besuch des Internetangebotes bzw. einer Seite werden Sie automatisch auf die Cookie-Nutzung hingewiesen.<br \/>\nSie k\u00f6nnen die Verwendung von Cookies dadurch unterbinden, indem Sie Ihren Internetbrowser so einstellen, dass dieser keine Cookies akzeptiert. Sie k\u00f6nnen in Ihren Browser aber auch festlegen, ob Sie \u00fcber das Setzen von Cookies informiert werden m\u00f6chten und Cookies nur im Einzelfall erlauben, ob Sie die Annahme von Cookies f\u00fcr bestimmte F\u00e4lle oder eben auch generell ausschlie\u00dfen. Au\u00dferdem k\u00f6nnen Sie das automatische L\u00f6schen der Cookies beim Schlie\u00dfen des Browser aktivieren. Wie man das macht, h\u00e4ngt von Ihrem Browser ab.<br \/>\nBei Ihrer Kontaktaufnahme mit uns per E-Mail oder \u00fcber unser Kontaktformular m\u00fcssen die von Ihnen freiwillig mitgeteilten Daten gespeichert werden, damit wir Ihrem Anliegen entgegen kommen k\u00f6nnen.<br \/>\nDie von Ihnen eingegebenen pers\u00f6nlichen Daten verwenden wir nur zu dem von Ihnen gew\u00fcnschten Zweck und nur innerhalb unserer Schule.<br \/>\nDie anfallenden personenbezogenen Daten, die wir per E-Mail oder Kontaktformular erhalten, l\u00f6schen wir, sobald die Speicherung nicht mehr f\u00fcr den von Ihnen verfolgten Zweck oder im Zusammenhang mit damit ausgel\u00f6sten Verwaltungsvorg\u00e4ngen und den hierf\u00fcr geltenden Aufbewahrungspflichten erforderlich ist.<\/p>\n<h2>6. Webanalyse<\/h2>\n<p>Derzeit wird kein Instrument zur Webanalyse eingesetzt.<\/p>\n<h2>7. Soziale Medien<\/h2>\n<p>Derzeit bietet unsere Website\/Homepage keine Zug\u00e4nge zu Sozialen Medien an.<\/p>\n<h2>8. Information zur Verarbeitung personenbezogener Daten durch die Schule<\/h2>\n<p>Welche Daten werden in der Schule verarbeitet?<br \/>\nZur Erf\u00fcllung der Grunds\u00e4tze einer fairen und transparenten Verarbeitung personenbezogener Daten sind wir als Schule gehalten, gem\u00e4\u00df Art. 13 EU-DSGVO, in Verbindung mit \u00a7 120 Abs. 7 SchulG betroffenen Personen zum Zeitpunkt der Erhebung mitzuteilen, zu welchen Zwecken diese Daten von uns verarbeitet werden. Da jedoch die hierzu erforderlichen Daten z. B. zum Zweck der Datenverarbeitung, Speicherdauer u. \u00e4. \u00e4u\u00dferst detailliert und umfassend sind, verweisen wir zur rechtskonformen Verfahrensvereinfachung an dieser Stelle auf die VO DV I NRW und VO DV II NRW nebst Anlagen:<br \/>\n\uf0c4 https:\/\/www.schulministerium.nrw.de\/docs\/Recht\/Schulrecht\/Verordnungen\/VO-DV_I.pdf<br \/>\n\uf0c4 https:\/\/www.schulministerium.nrw.de\/docs\/Recht\/Datenschutz\/1-VO-DV-II-9_2_2017.pdf<\/p>\n<h2>9. Ihre Rechte als Nutzer unserer Website<\/h2>\n<p>Nach Ma\u00dfgabe von Art. 15 DS-GVO haben Sie gegen\u00fcber uns folgende Rechte hinsichtlich der Sie betreffenden personenbezogenen Daten:<br \/>\n\u2022 Ein Recht auf Auskunft \u00fcber die zu Ihrer Person gespeicherten Daten einschlie\u00dflich eventueller Empf\u00e4nger und der geplanten Speicherdauer,<br \/>\n\u2022 ein Recht auf Berichtigung oder L\u00f6schung unrichtiger personenbezogener Daten gem\u00e4\u00df Art. 16 EU-DSGVO,<br \/>\n\u2022 ein Recht auf Einschr\u00e4nkung der Verarbeitung,<br \/>\n\u2022 ein Recht auf Widerspruch gegen die Verarbeitung,<br \/>\n\u2022 ein Recht auf Daten\u00fcbertragbarkeit.<\/p>\n<p>Liegen die gesetzlichen Voraussetzungen vor, so k\u00f6nnen Sie die L\u00f6schung oder Einschr\u00e4nkung der Verarbeitung verlangen sowie Widerspruch gegen die Verarbeitung einlegen (Art. 17, 18 und 21 DS-GVO). Wenden Sie sich bitte dazu per Mail oder schriftlich \u00fcber die im Impressum angegebene Adresse.<br \/>\nSie haben zudem das Recht, sich bei der Landesbeauftragten f\u00fcr Datenschutz und Informationsfreiheit des Landes Nordrhein-Westfalen (www.ldi.nrw.de) \u00fcber die Verarbeitung Ihrer personenbezogenen Daten durch uns zu beschweren.<\/p>\n<h2>10. Allgemeines zum Datenschutz<\/h2>\n<p>Im Zuge der Weiterentwicklung des Internetangebotes k\u00f6nnen auch \u00c4nderungen dieser Datenschutzerkl\u00e4rung erforderlich werden. Wir empfehlen Ihnen deshalb, sich unsere Datenschutzerkl\u00e4rung von Zeit zu Zeit erneut durchzulesen.<br \/>\nAllgemeines zum Thema Datenschutz finden Sie auf der Website der Landesbeauftragten f\u00fcr Datenschutz und Informationsfreiheit Nordrhein-Westfalen: www.ldi.nrw.de<br \/>\nWir weisen darauf hin, dass Betreiber von fremden Internetseiten, die vom Portal aus verlinkt werden, die Daten von Besucherinnen bzw. Besuchern dieser Internetseiten erheben und auswerten k\u00f6nnen.<br \/>\nDas Impressum finden Sie <a href=\"https:\/\/k1-hagen.de\/index.php\/impressum\/\">hier<\/a>.<\/p>\n","protected":false},"excerpt":{"rendered":"<p>Datenschutzerkl\u00e4rung Wenn Sie unsere Schulwebsite besuchen, verarbeitet diese gem\u00e4\u00df Art. 6 Abs. 1 S. 1 lit. e Datenschutz-Grundverordnung (EU-DSGVO) im erforderlichen Umfang Ihre personenbezogenen Daten. Dies ist schon aus technischen Gr\u00fcnden erforderlich, um Ihnen&#46;&#46;&#46;<\/p>\n","protected":false},"author":1,"featured_media":0,"parent":0,"menu_order":0,"comment_status":"closed","ping_status":"closed","template":"","meta":{"footnotes":""},"class_list":["post-654","page","type-page","status-publish","hentry"],"_links":{"self":[{"href":"https:\/\/www.k1-hagen.de\/index.php\/wp-json\/wp\/v2\/pages\/654","targetHints":{"allow":["GET"]}}],"collection":[{"href":"https:\/\/www.k1-hagen.de\/index.php\/wp-json\/wp\/v2\/pages"}],"about":[{"href":"https:\/\/www.k1-hagen.de\/index.php\/wp-json\/wp\/v2\/types\/page"}],"author":[{"embeddable":true,"href":"https:\/\/www.k1-hagen.de\/index.php\/wp-json\/wp\/v2\/users\/1"}],"replies":[{"embeddable":true,"href":"https:\/\/www.k1-hagen.de\/index.php\/wp-json\/wp\/v2\/comments?post=654"}],"version-history":[{"count":2,"href":"https:\/\/www.k1-hagen.de\/index.php\/wp-json\/wp\/v2\/pages\/654\/revisions"}],"predecessor-version":[{"id":847,"href":"https:\/\/www.k1-hagen.de\/index.php\/wp-json\/wp\/v2\/pages\/654\/revisions\/847"}],"wp:attachment":[{"href":"https:\/\/www.k1-hagen.de\/index.php\/wp-json\/wp\/v2\/media?parent=654"}],"curies":[{"name":"wp","href":"https:\/\/api.w.org\/{rel}","templated":true}]}}