{"id":630,"date":"2021-10-30T09:11:23","date_gmt":"2021-10-30T09:11:23","guid":{"rendered":"https:\/\/new.k1-hagen.de\/?page_id=630"},"modified":"2024-03-14T10:34:18","modified_gmt":"2024-03-14T10:34:18","slug":"projekte","status":"publish","type":"page","link":"https:\/\/www.k1-hagen.de\/index.php\/projekte\/","title":{"rendered":"Projekte"},"content":{"rendered":"<h1>Projekte<\/h1>\n<p>Auf diesen Seiten informieren wie Sie \u00fcber Projekte an der Kaufmannsschule 1. W\u00e4hlen Sie die entsprechenden Eintr\u00e4ge im Men\u00fc oben aus oder folgen Sie den Links.<\/p>\n<p><img loading=\"lazy\" decoding=\"async\" class=\" wp-image-631 alignright\" src=\"https:\/\/k1-hagen.de\/wp-content\/uploads\/2021\/10\/2021_10_28_4454-small-200x300.jpg\" alt=\"\" width=\"334\" height=\"501\" srcset=\"https:\/\/www.k1-hagen.de\/wp-content\/uploads\/2021\/10\/2021_10_28_4454-small-200x300.jpg 200w, https:\/\/www.k1-hagen.de\/wp-content\/uploads\/2021\/10\/2021_10_28_4454-small-684x1024.jpg 684w, https:\/\/www.k1-hagen.de\/wp-content\/uploads\/2021\/10\/2021_10_28_4454-small-768x1151.jpg 768w, https:\/\/www.k1-hagen.de\/wp-content\/uploads\/2021\/10\/2021_10_28_4454-small-1025x1536.jpg 1025w, https:\/\/www.k1-hagen.de\/wp-content\/uploads\/2021\/10\/2021_10_28_4454-small.jpg 1080w\" sizes=\"auto, (max-width: 334px) 100vw, 334px\" \/><\/p>\n","protected":false},"excerpt":{"rendered":"<p>Projekte Auf diesen Seiten informieren wie Sie \u00fcber Projekte an der Kaufmannsschule 1. W\u00e4hlen Sie die entsprechenden Eintr\u00e4ge im Men\u00fc oben aus oder folgen Sie den Links.<\/p>\n","protected":false},"author":1,"featured_media":0,"parent":0,"menu_order":0,"comment_status":"closed","ping_status":"closed","template":"","meta":{"footnotes":""},"class_list":["post-630","page","type-page","status-publish","hentry"],"_links":{"self":[{"href":"https:\/\/www.k1-hagen.de\/index.php\/wp-json\/wp\/v2\/pages\/630","targetHints":{"allow":["GET"]}}],"collection":[{"href":"https:\/\/www.k1-hagen.de\/index.php\/wp-json\/wp\/v2\/pages"}],"about":[{"href":"https:\/\/www.k1-hagen.de\/index.php\/wp-json\/wp\/v2\/types\/page"}],"author":[{"embeddable":true,"href":"https:\/\/www.k1-hagen.de\/index.php\/wp-json\/wp\/v2\/users\/1"}],"replies":[{"embeddable":true,"href":"https:\/\/www.k1-hagen.de\/index.php\/wp-json\/wp\/v2\/comments?post=630"}],"version-history":[{"count":3,"href":"https:\/\/www.k1-hagen.de\/index.php\/wp-json\/wp\/v2\/pages\/630\/revisions"}],"predecessor-version":[{"id":1953,"href":"https:\/\/www.k1-hagen.de\/index.php\/wp-json\/wp\/v2\/pages\/630\/revisions\/1953"}],"wp:attachment":[{"href":"https:\/\/www.k1-hagen.de\/index.php\/wp-json\/wp\/v2\/media?parent=630"}],"curies":[{"name":"wp","href":"https:\/\/api.w.org\/{rel}","templated":true}]}}