{"id":610,"date":"2021-10-30T09:00:50","date_gmt":"2021-10-30T09:00:50","guid":{"rendered":"https:\/\/new.k1-hagen.de\/?page_id=610"},"modified":"2025-03-27T11:48:20","modified_gmt":"2025-03-27T11:48:20","slug":"foerderverein-der-kaufmannsschule-i-hagen-e-v","status":"publish","type":"page","link":"https:\/\/www.k1-hagen.de\/index.php\/foerderverein-der-kaufmannsschule-i-hagen-e-v\/","title":{"rendered":"F\u00f6rderverein der Kaufmannsschule I Hagen e. V."},"content":{"rendered":"<div class=\"article-rel-wrapper\">\n<h1 class=\"contentheading\">F\u00f6rderverein der Kaufmannsschule I Hagen e. V.<\/h1>\n<\/div>\n<p>F\u00f6rderverein der Kaufmannsschule I Hagen e. V.<\/p>\n<p>Sitz des Vereins: 58095 Hagen, Springmannstra\u00dfe 7<\/p>\n<p>Amtsgericht Hagen, VR 3170<\/p>\n<p>&nbsp;<\/p>\n<h2><span class=\"contentheading\">Ziele und Zweck des Vereins<\/span><\/h2>\n<p>Der neu gegr\u00fcndete F\u00f6rderverein der Kaufmannsschule I unterst\u00fctzt die Erziehungs- und Bildungsarbeit des Berufskollegs der Stadt Hagen \u2013 Kaufmannsschule I \u2013 in Hagen.<\/p>\n<p>Dieses Ziel wird unter anderem erreicht durch:<\/p>\n<ul>\n<li>die Schaffung enger berufsbezogener und wirtschaftsnaher Verbindungen zwischen der Kaufmannsschule I und allen an der Berufsausbildung Beteiligten sowie an der Berufsbildung interessierten lokalen und regionalen Institutionen,<\/li>\n<\/ul>\n<ul>\n<li>die Beschaffung von Lehr,- Lern- und Anschauungsmaterial sowie Ausstattungsgegenst\u00e4nden einschlie\u00dflich Wartung und Pflege,<\/li>\n<\/ul>\n<ul>\n<li>die Beschaffung von Auszeichnungen und Preisen f\u00fcr schulische Wettbewerbe und Ehrungen,<\/li>\n<\/ul>\n<ul>\n<li>die Unterst\u00fctzung von Klassen und einzelnen, bed\u00fcrftigen Teilnehmerinnen und Teilnehmern bei Klassenfahrten sowie kulturellen Veranstaltungen,<\/li>\n<\/ul>\n<ul>\n<li>die Pflege der Kontakte zwischen der Schule, dem Elternhaus, ehemaligen Sch\u00fclerinnen und Sch\u00fclern sowie ehemaligen Kolleginnen und Kollegen<\/li>\n<\/ul>\n<p>&nbsp;<\/p>\n<h2><span class=\"contentheading\">Vorstand<\/span><\/h2>\n<table border=\"0\">\n<tbody>\n<tr>\n<td align=\"left\" valign=\"top\"><strong>1. Vorsitzender<\/strong><\/td>\n<td><\/td>\n<td>Volker Kruspe<\/td>\n<\/tr>\n<tr>\n<td align=\"left\" valign=\"top\"><strong>Stellvertretende Vorsitzende<\/strong><\/td>\n<td><\/td>\n<td>Marzena Wosch<\/td>\n<\/tr>\n<tr>\n<td align=\"left\" valign=\"top\"><strong>Schatzmeister<\/strong><\/td>\n<td><\/td>\n<td>Magnus Kaczmarek<\/td>\n<\/tr>\n<tr>\n<td align=\"left\" valign=\"top\"><strong>Schriftf\u00fchrerin<\/strong><\/td>\n<td><\/td>\n<td>Anna Rhein<\/td>\n<\/tr>\n<\/tbody>\n<\/table>\n<h2><span class=\"contentheading\">Mitglieder<\/span><\/h2>\n<p>Alle Interessierten, die die Sch\u00fclerinnen und Sch\u00fcler sowie das Schulleben der Kaufmannsschule I unterst\u00fctzen m\u00f6chten.<\/p>\n<h2><span class=\"contentheading\">Beitrag<\/span><\/h2>\n<ul>\n<li>Sch\u00fclerinnen\/Sch\u00fcler 5,00 Euro<\/li>\n<li>Privatpersonen (Lehrer:innen) ab 12,00 Euro<\/li>\n<li>Unternehmen 25,00 Euro<\/li>\n<\/ul>\n<h2><span class=\"contentheading\">Geld- und Sachspenden<\/span><\/h2>\n<ul>\n<li>sind jederzeit willkommen<\/li>\n<li>sind steuerlich absetzbar<\/li>\n<\/ul>\n<p>Spendenbescheinigungen werden bei Geldspenden gr\u00f6\u00dfer als 300,00 Euro und bei Sachspenden auf Wunsch und bei Nachvollziehbarkeit des Wertes umgehend erstellt.<\/p>\n<h2><span class=\"contentheading\">Bankverbindung<\/span><\/h2>\n<p>Sparkasse an Volme und Ruhr<\/p>\n<p>IBAN: DE49 4505 0001\u00a0<b>1000 2367 03<\/b><\/p>\n","protected":false},"excerpt":{"rendered":"<p>F\u00f6rderverein der Kaufmannsschule I Hagen e. V. F\u00f6rderverein der Kaufmannsschule I Hagen e. V. Sitz des Vereins: 58095 Hagen, Springmannstra\u00dfe 7 Amtsgericht Hagen, VR 3170 &nbsp; Ziele und Zweck des Vereins Der neu gegr\u00fcndete&#46;&#46;&#46;<\/p>\n","protected":false},"author":1,"featured_media":0,"parent":0,"menu_order":0,"comment_status":"closed","ping_status":"closed","template":"","meta":{"footnotes":""},"class_list":["post-610","page","type-page","status-publish","hentry"],"_links":{"self":[{"href":"https:\/\/www.k1-hagen.de\/index.php\/wp-json\/wp\/v2\/pages\/610","targetHints":{"allow":["GET"]}}],"collection":[{"href":"https:\/\/www.k1-hagen.de\/index.php\/wp-json\/wp\/v2\/pages"}],"about":[{"href":"https:\/\/www.k1-hagen.de\/index.php\/wp-json\/wp\/v2\/types\/page"}],"author":[{"embeddable":true,"href":"https:\/\/www.k1-hagen.de\/index.php\/wp-json\/wp\/v2\/users\/1"}],"replies":[{"embeddable":true,"href":"https:\/\/www.k1-hagen.de\/index.php\/wp-json\/wp\/v2\/comments?post=610"}],"version-history":[{"count":5,"href":"https:\/\/www.k1-hagen.de\/index.php\/wp-json\/wp\/v2\/pages\/610\/revisions"}],"predecessor-version":[{"id":2348,"href":"https:\/\/www.k1-hagen.de\/index.php\/wp-json\/wp\/v2\/pages\/610\/revisions\/2348"}],"wp:attachment":[{"href":"https:\/\/www.k1-hagen.de\/index.php\/wp-json\/wp\/v2\/media?parent=610"}],"curies":[{"name":"wp","href":"https:\/\/api.w.org\/{rel}","templated":true}]}}