{"id":607,"date":"2021-10-30T08:57:52","date_gmt":"2021-10-30T08:57:52","guid":{"rendered":"https:\/\/new.k1-hagen.de\/?page_id=607"},"modified":"2024-12-16T07:34:42","modified_gmt":"2024-12-16T07:34:42","slug":"foerdervereine-an-der-kaufmannsschule-i","status":"publish","type":"page","link":"https:\/\/www.k1-hagen.de\/index.php\/foerdervereine-an-der-kaufmannsschule-i\/","title":{"rendered":"F\u00f6rderverein der Kaufmannsschule 1"},"content":{"rendered":"<div class=\"article-rel-wrapper\">\n<h1 class=\"contentheading\">F\u00f6rderverein der Kaufmannsschule 1<\/h1>\n<\/div>\n<p><strong>Der F\u00f6rderverein<\/strong>\u00a0der Kaufmannsschule I\u00a0dient als\u00a0gemeinn\u00fctziger F\u00f6rderverein der F\u00f6rderung der Bildungsanliegen der Schule.<\/p>\n<p><a href=\"https:\/\/www.k1-hagen.de\/index.php\/foerderverein-der-kaufmannsschule-i-hagen-e-v\/\">F\u00f6rderverein der Kaufmannsschule I Hagen e. V.<\/a><\/p>\n<p>&nbsp;<\/p>\n","protected":false},"excerpt":{"rendered":"<p>F\u00f6rderverein der Kaufmannsschule 1 Der F\u00f6rderverein\u00a0der Kaufmannsschule I\u00a0dient als\u00a0gemeinn\u00fctziger F\u00f6rderverein der F\u00f6rderung der Bildungsanliegen der Schule. F\u00f6rderverein der Kaufmannsschule I Hagen e. V. &nbsp;<\/p>\n","protected":false},"author":1,"featured_media":0,"parent":0,"menu_order":0,"comment_status":"closed","ping_status":"closed","template":"","meta":{"footnotes":""},"class_list":["post-607","page","type-page","status-publish","hentry"],"_links":{"self":[{"href":"https:\/\/www.k1-hagen.de\/index.php\/wp-json\/wp\/v2\/pages\/607","targetHints":{"allow":["GET"]}}],"collection":[{"href":"https:\/\/www.k1-hagen.de\/index.php\/wp-json\/wp\/v2\/pages"}],"about":[{"href":"https:\/\/www.k1-hagen.de\/index.php\/wp-json\/wp\/v2\/types\/page"}],"author":[{"embeddable":true,"href":"https:\/\/www.k1-hagen.de\/index.php\/wp-json\/wp\/v2\/users\/1"}],"replies":[{"embeddable":true,"href":"https:\/\/www.k1-hagen.de\/index.php\/wp-json\/wp\/v2\/comments?post=607"}],"version-history":[{"count":5,"href":"https:\/\/www.k1-hagen.de\/index.php\/wp-json\/wp\/v2\/pages\/607\/revisions"}],"predecessor-version":[{"id":2211,"href":"https:\/\/www.k1-hagen.de\/index.php\/wp-json\/wp\/v2\/pages\/607\/revisions\/2211"}],"wp:attachment":[{"href":"https:\/\/www.k1-hagen.de\/index.php\/wp-json\/wp\/v2\/media?parent=607"}],"curies":[{"name":"wp","href":"https:\/\/api.w.org\/{rel}","templated":true}]}}