{"id":600,"date":"2021-10-30T08:52:06","date_gmt":"2021-10-30T08:52:06","guid":{"rendered":"https:\/\/new.k1-hagen.de\/?page_id=600"},"modified":"2026-03-14T11:11:58","modified_gmt":"2026-03-14T11:11:58","slug":"infomaterial","status":"publish","type":"page","link":"https:\/\/www.k1-hagen.de\/index.php\/infomaterial\/","title":{"rendered":"Servicebereich &#8211; Formulare und Informationsmaterialien"},"content":{"rendered":"<h1 class=\"contentheading\">Infomaterial zum Download<\/h1>\n<p>Sie finden hier verschiedene Formulare bzw. Informationsmaterial im pdf-Format. Zum Lesen ben\u00f6tigen Sie den Acrobat Reader von Adobe, den Sie\u00a0<a href=\"http:\/\/www.adobe.com\/go\/DE-H-M-A1\" target=\"_blank\" rel=\"noopener\">hier<\/a>\u00a0kostenlos herunterladen k\u00f6nnen.<\/p>\n<p>Bitte verwenden Sie den jeweils aktuellen Acrobat Reader, wenn Sie unsere Formulare ausf\u00fcllen wollen, w\u00e4hrend Sie online sind. Sollten Sie eine \u00e4ltere Version nutzen, empfehlen wir Ihnen die Formulare herunterzuladen und offline auszuf\u00fcllen.<\/p>\n<p>&nbsp;<\/p>\n<h3>Anmeldeformulare<\/h3>\n<p>Wichtiger Hinweis:\u00a0Die Anmeldung erfolgt online im <a href=\"https:\/\/schueleranmeldung.de\" target=\"_blank\" rel=\"noopener\">[<strong>Anmeldeverfahren \u00fcber schueleranmeldung.de<\/strong>]<\/a>. N\u00e4here Informationen zur Online-Anmeldung erhalten Sie\u00a0im Sekretariat der Kaufmannsschule 1.<\/p>\n<p>&nbsp;<\/p>\n<h3>Informationen zur \u00dcbernahme und Abrechnung von Sch\u00fclerfahrkosten<\/h3>\n<p>Voraussetzungen:<\/p>\n<p>Die Sch\u00fclerin\/der Sch\u00fcler hat einen Anspruch auf Fahrkostenerstattung bis zu einem H\u00f6chstbetrag von 50,00 EUR monatlich,<\/p>\n<p>\u2022 wenn sie\/er Sch\u00fcler\/in einer Fachklasse C, E, P, PD oder T ist<br \/>\n\u2022 und die Entfernung mehr als 5 km betr\u00e4gt<br \/>\n\u2022 und soweit ein von der Sch\u00fclerin\/dem Sch\u00fcler zu tragender Eigenanteil von 50,00 EUR monatlich \u00fcberschritten wird. (Bitte selbst berechnen! Kritisch nah sind Iserlohn, Kierspe, Menden und L\u00fcdenscheid.)<\/p>\n<ul>\n<li><a href=\"https:\/\/www.k1-hagen.de\/wp-content\/uploads\/2023\/08\/1-Antrag-auf-Uebernahme-von-Schuelerfahrkosten-Taxi-PKW-Begleitung_12-2021.pdf\"><span class=\"wf_file_text\">Antrag auf \u00dcbernahme von Sch\u00fclerfahrtkosten<\/span><\/a><\/li>\n<li><a href=\"https:\/\/www.k1-hagen.de\/wp-content\/uploads\/2024\/11\/Merkblatt-Schuelerfahrkosten-Berufskolleg.pdf\"><span class=\"wf_file_text\">Merkblatt Sch\u00fclerfahrtkosten Berufskolleg<\/span><\/a><\/li>\n<li><span class=\"wf_file_text\"><a href=\"https:\/\/www.k1-hagen.de\/wp-content\/uploads\/2023\/08\/2-Abrechnung-Schuelerfahrkosten-Berufskolleg_Stand-07-2023.pdf\">Abrechnung Sch\u00fclerfahrtkosten Berufskolleg<\/a><\/span><\/li>\n<\/ul>\n<p>&nbsp;<\/p>\n<h3>Hinweise zum Erwerb der Fachhochschulreife in der Berufsausbildung (Doppelqualifizierung):<\/h3>\n<ul>\n<li><span class=\"wf_file_text\"><a href=\"https:\/\/www.k1-hagen.de\/wp-content\/uploads\/2026\/03\/Flyer-Februar-2026.pdf\">Informationsflyer<\/a> (Stand M\u00e4rz 2026)<\/span><\/li>\n<li><a href=\"https:\/\/www.k1-hagen.de\/wp-content\/uploads\/2026\/03\/Zustimmung-des-Betriebs.pdf\">Erg\u00e4nzung zur Anmeldung zur Berufsschule: Zustimmung des Ausbildungsbetriebes<\/a> (Stand M\u00e4rz 2026)<\/li>\n<\/ul>\n<p>&nbsp;<\/p>\n<h3>Antrag auf Beurlaubung von Sch\u00fclerinnen und Sch\u00fclern gem. \u00a7 43 SchulG NRW<\/h3>\n<ul>\n<li><a href=\"https:\/\/www.k1-hagen.de\/wp-content\/uploads\/2025\/04\/Beurlaubung-Antrag-2024.pdf\">Antragsformular zur Vorlage bei der Kaufmannsschule I<\/a><\/li>\n<\/ul>\n<h3><\/h3>\n","protected":false},"excerpt":{"rendered":"<p>Infomaterial zum Download Sie finden hier verschiedene Formulare bzw. Informationsmaterial im pdf-Format. Zum Lesen ben\u00f6tigen Sie den Acrobat Reader von Adobe, den Sie\u00a0hier\u00a0kostenlos herunterladen k\u00f6nnen. Bitte verwenden Sie den jeweils aktuellen Acrobat Reader, wenn&#46;&#46;&#46;<\/p>\n","protected":false},"author":1,"featured_media":0,"parent":0,"menu_order":0,"comment_status":"closed","ping_status":"closed","template":"","meta":{"footnotes":""},"class_list":["post-600","page","type-page","status-publish","hentry"],"_links":{"self":[{"href":"https:\/\/www.k1-hagen.de\/index.php\/wp-json\/wp\/v2\/pages\/600","targetHints":{"allow":["GET"]}}],"collection":[{"href":"https:\/\/www.k1-hagen.de\/index.php\/wp-json\/wp\/v2\/pages"}],"about":[{"href":"https:\/\/www.k1-hagen.de\/index.php\/wp-json\/wp\/v2\/types\/page"}],"author":[{"embeddable":true,"href":"https:\/\/www.k1-hagen.de\/index.php\/wp-json\/wp\/v2\/users\/1"}],"replies":[{"embeddable":true,"href":"https:\/\/www.k1-hagen.de\/index.php\/wp-json\/wp\/v2\/comments?post=600"}],"version-history":[{"count":44,"href":"https:\/\/www.k1-hagen.de\/index.php\/wp-json\/wp\/v2\/pages\/600\/revisions"}],"predecessor-version":[{"id":2660,"href":"https:\/\/www.k1-hagen.de\/index.php\/wp-json\/wp\/v2\/pages\/600\/revisions\/2660"}],"wp:attachment":[{"href":"https:\/\/www.k1-hagen.de\/index.php\/wp-json\/wp\/v2\/media?parent=600"}],"curies":[{"name":"wp","href":"https:\/\/api.w.org\/{rel}","templated":true}]}}