{"id":582,"date":"2021-10-30T08:38:12","date_gmt":"2021-10-30T08:38:12","guid":{"rendered":"https:\/\/new.k1-hagen.de\/?page_id=582"},"modified":"2025-09-02T07:22:00","modified_gmt":"2025-09-02T07:22:00","slug":"berufsberatung","status":"publish","type":"page","link":"https:\/\/www.k1-hagen.de\/index.php\/berufsberatung\/","title":{"rendered":"Berufsberatung"},"content":{"rendered":"<div class=\"article-rel-wrapper\">\n<h1 class=\"contentheading\">Berufsberatung<\/h1>\n<\/div>\n<h4><a href=\"https:\/\/www.arbeitsagentur.de\/vor-ort\/hagen\/kaufmannschule-1?pk_campaign=schulwebsite\">Informationen zur Studien- und Schulberatung an Ihrer Schule finden Sie auf der Seite der Bundesagentur f\u00fcr Arbeit!<\/a><\/h4>\n<h3><strong><br \/>\nAnsprechpartner f\u00fcr die Kaufmannsschule 1:<\/strong><\/h3>\n<p>Frau Kim Peche ist unsere Berufsberaterin. Sie gibt einen \u00dcberblick \u00fcber Ausbildungsinhalte und -anforderungen und informiert zu weiterf\u00fchrenden Schulen.<\/p>\n<p>E-Mail: <a href=\"mailto:Kim.peche@arbeitsagentur.de\">kim.peche@arbeitsagentur.de<\/a><\/p>\n<p>&nbsp;<\/p>\n<p>Fragen zum \u00dcbergang in die Ausbildung? Unsere \u00dcbergangslotsin an der K1, Frau Alexandra Kornemann (Caritas Hagen), unterst\u00fctzt und ber\u00e4t.<\/p>\n<p>B\u00fcrozeiten: \u00a0Dienstag, Donnerstag und nach Absprache in Raum 05<\/p>\n<p>Telefon: \u00a0 \u00a0 \u00a0 \u00a00174 3305392<\/p>\n<p>E-Mail: \u00a0 \u00a0 \u00a0 \u00a0 <a href=\"mailto:kornemann@caritas-hagen.de\">kornemann@caritas-hagen.de<\/a><\/p>\n<h3><\/h3>\n<h3><strong><br \/>\nWir beraten<\/strong><\/h3>\n<ul>\n<li>in einem\u00a0pers\u00f6nlichen\u00a0Gespr\u00e4ch<\/li>\n<li>in der Agentur f\u00fcr Arbeit oder in deiner Schule!<\/li>\n<\/ul>\n<h3><strong>Wir informieren<\/strong><\/h3>\n<ul>\n<li>\u00fcber Aufgaben und T\u00e4tigkeiten in Berufen<\/li>\n<li>\u00fcber Ausbildungsm\u00f6glichkeiten in Betrieben und Schulen<\/li>\n<li>\u00fcber Aussichten auf dem Ausbildungs- und Arbeitsmarkt<\/li>\n<li>\u00fcber Bewerbungsverfahren und -termine<\/li>\n<\/ul>\n<h3><strong>Wir vermitteln Ausbildungsstellen<\/strong><\/h3>\n<ul>\n<li>und geben dir Adressen von Betrieben mit, die Ausbildungsstellen anbieten<\/li>\n<li>und helfen dir bei der Bewerbung.<\/li>\n<\/ul>\n<h3><strong>Weiterf\u00fchrende Links<\/strong><\/h3>\n<p>&#8211;\u00a0\u00a0\u00a0\u00a0\u00a0\u00a0 \u00a0\u00a0\u00a0 Ausbildung finden:\u00a0<a href=\"https:\/\/www.xn--jobbrse-stellenangebote-blc.de\/ausbildung\/\">https:\/\/www.jobb\u00f6rse-stellenangebote.de\/ausbildung\/<\/a><br \/>\n&#8211;\u00a0\u00a0\u00a0\u00a0\u00a0\u00a0 \u00a0\u00a0\u00a0 Gehaltsdaten:\u00a0<a href=\"https:\/\/www.xn--jobbrse-stellenangebote-blc.de\/gehalt\/\">https:\/\/www.jobb\u00f6rse-stellenangebote.de\/gehalt\/<\/a><br \/>\n&#8211;\u00a0\u00a0\u00a0\u00a0\u00a0\u00a0 \u00a0\u00a0\u00a0 Berufsorientierung: <a href=\"https:\/\/www.xn--jobbrse-stellenangebote-blc.de\/beruf\/\">https:\/\/www.jobb\u00f6rse-stellenangebote.de\/beruf\/<\/a><br \/>\n&#8211;\u00a0\u00a0\u00a0\u00a0\u00a0\u00a0\u00a0\u00a0\u00a0\u00a0 Jobb\u00f6rse: <a href=\"https:\/\/www.xn--jobbrse-d1a.de\/\">https:\/\/www.jobb\u00f6rse.de\/\u00a0\u00a0<\/a><\/p>\n","protected":false},"excerpt":{"rendered":"<p>Berufsberatung Informationen zur Studien- und Schulberatung an Ihrer Schule finden Sie auf der Seite der Bundesagentur f\u00fcr Arbeit! Ansprechpartner f\u00fcr die Kaufmannsschule 1: Frau Kim Peche ist unsere Berufsberaterin. Sie gibt einen \u00dcberblick \u00fcber&#46;&#46;&#46;<\/p>\n","protected":false},"author":1,"featured_media":0,"parent":0,"menu_order":0,"comment_status":"closed","ping_status":"closed","template":"","meta":{"footnotes":""},"class_list":["post-582","page","type-page","status-publish","hentry"],"_links":{"self":[{"href":"https:\/\/www.k1-hagen.de\/index.php\/wp-json\/wp\/v2\/pages\/582","targetHints":{"allow":["GET"]}}],"collection":[{"href":"https:\/\/www.k1-hagen.de\/index.php\/wp-json\/wp\/v2\/pages"}],"about":[{"href":"https:\/\/www.k1-hagen.de\/index.php\/wp-json\/wp\/v2\/types\/page"}],"author":[{"embeddable":true,"href":"https:\/\/www.k1-hagen.de\/index.php\/wp-json\/wp\/v2\/users\/1"}],"replies":[{"embeddable":true,"href":"https:\/\/www.k1-hagen.de\/index.php\/wp-json\/wp\/v2\/comments?post=582"}],"version-history":[{"count":18,"href":"https:\/\/www.k1-hagen.de\/index.php\/wp-json\/wp\/v2\/pages\/582\/revisions"}],"predecessor-version":[{"id":2549,"href":"https:\/\/www.k1-hagen.de\/index.php\/wp-json\/wp\/v2\/pages\/582\/revisions\/2549"}],"wp:attachment":[{"href":"https:\/\/www.k1-hagen.de\/index.php\/wp-json\/wp\/v2\/media?parent=582"}],"curies":[{"name":"wp","href":"https:\/\/api.w.org\/{rel}","templated":true}]}}