{"id":579,"date":"2021-10-30T08:37:08","date_gmt":"2021-10-30T08:37:08","guid":{"rendered":"https:\/\/new.k1-hagen.de\/?page_id=579"},"modified":"2025-08-26T12:17:10","modified_gmt":"2025-08-26T12:17:10","slug":"schuelervertretung-sv","status":"publish","type":"page","link":"https:\/\/www.k1-hagen.de\/index.php\/schuelervertretung-sv\/","title":{"rendered":"Sch\u00fclervertretung (SV)"},"content":{"rendered":"<h1>Sch\u00fclervertretung (SV)<\/h1>\n<p>\u00dcber alle wichtigen Angelegenheiten der SV, wie z. B.<\/p>\n<ul>\n<li>Infok\u00e4sten<\/li>\n<li>SV-Raum<\/li>\n<li>Parken<\/li>\n<li><a href=\"https:\/\/www.k1-hagen.de\/wp-content\/uploads\/2025\/08\/SV_Vertreter_Tabelle_2024_2025_aktuell.pdf\">Wahlen (Stand: Oktober 2024)<\/a><\/li>\n<li>Reinigungsplan<\/li>\n<li><a href=\"https:\/\/k1-hagen.de\/wp-content\/uploads\/2021\/10\/SV-Stunde_12.pdf\">SV-Stunde<\/a>\u00a0usw.<\/li>\n<\/ul>\n<p>unterrichtet das <span class=\"wf_file_text\"><a href=\"https:\/\/www.k1-hagen.de\/wp-content\/uploads\/2025\/08\/Jahresinfo-2025_2026_Ws-1.pdf\">Informationsschreiben (Stand 27.08.2025)<\/a>.<\/span><\/p>\n","protected":false},"excerpt":{"rendered":"<p>Sch\u00fclervertretung (SV) \u00dcber alle wichtigen Angelegenheiten der SV, wie z. B. Infok\u00e4sten SV-Raum Parken Wahlen (Stand: Oktober 2024) Reinigungsplan SV-Stunde\u00a0usw. unterrichtet das Informationsschreiben (Stand 27.08.2025).<\/p>\n","protected":false},"author":1,"featured_media":0,"parent":0,"menu_order":0,"comment_status":"closed","ping_status":"closed","template":"","meta":{"footnotes":""},"class_list":["post-579","page","type-page","status-publish","hentry"],"_links":{"self":[{"href":"https:\/\/www.k1-hagen.de\/index.php\/wp-json\/wp\/v2\/pages\/579","targetHints":{"allow":["GET"]}}],"collection":[{"href":"https:\/\/www.k1-hagen.de\/index.php\/wp-json\/wp\/v2\/pages"}],"about":[{"href":"https:\/\/www.k1-hagen.de\/index.php\/wp-json\/wp\/v2\/types\/page"}],"author":[{"embeddable":true,"href":"https:\/\/www.k1-hagen.de\/index.php\/wp-json\/wp\/v2\/users\/1"}],"replies":[{"embeddable":true,"href":"https:\/\/www.k1-hagen.de\/index.php\/wp-json\/wp\/v2\/comments?post=579"}],"version-history":[{"count":13,"href":"https:\/\/www.k1-hagen.de\/index.php\/wp-json\/wp\/v2\/pages\/579\/revisions"}],"predecessor-version":[{"id":2540,"href":"https:\/\/www.k1-hagen.de\/index.php\/wp-json\/wp\/v2\/pages\/579\/revisions\/2540"}],"wp:attachment":[{"href":"https:\/\/www.k1-hagen.de\/index.php\/wp-json\/wp\/v2\/media?parent=579"}],"curies":[{"name":"wp","href":"https:\/\/api.w.org\/{rel}","templated":true}]}}