{"id":575,"date":"2021-10-30T08:35:53","date_gmt":"2021-10-30T08:35:53","guid":{"rendered":"https:\/\/new.k1-hagen.de\/?page_id=575"},"modified":"2021-11-05T09:12:18","modified_gmt":"2021-11-05T09:12:18","slug":"sv-lehrerinnen","status":"publish","type":"page","link":"https:\/\/www.k1-hagen.de\/index.php\/sv-lehrerinnen\/","title":{"rendered":"SV-Lehrer:innen"},"content":{"rendered":"<h1>SV-Lehrer:innen<\/h1>\n<div class=\"tmm tmm_sv-lehrerinnen\"><div class=\"tmm_3_columns tmm_wrap tmm_plugin_f\"><span class=\"tmm_two_containers_tablet\"><\/span><div class=\"tmm_container\"><div class=\"tmm_member\" style=\"border-top:#333333 solid 5px;\"><div class=\"tmm_photo tmm_pic_sv-lehrerinnen_0\" style=\"background: url(https:\/\/www.k1-hagen.de\/wp-content\/uploads\/2021\/10\/Hec.jpg); margin-left: auto; margin-right:auto; background-size:cover !important;\"><\/div><div class=\"tmm_textblock\"><div class=\"tmm_names\"><span class=\"tmm_fname\">Janina<\/span> <span class=\"tmm_lname\">Hecht<\/span><\/div><div class=\"tmm_scblock\"><a class=\"tmm_sociallink\" href=\"mailto:h&#099;&#064;k1&#045;&#104;&#097;gen.d&#101;\" title=\"\"><img decoding=\"async\" alt=\"\" src=\"https:\/\/www.k1-hagen.de\/wp-content\/plugins\/team-members\/inc\/img\/links\/email.png\"\/><\/a><\/div><\/div><\/div><div class=\"tmm_member\" style=\"border-top:#333333 solid 5px;\"><div class=\"tmm_photo tmm_pic_sv-lehrerinnen_1\" style=\"background: url(https:\/\/www.k1-hagen.de\/wp-content\/uploads\/2021\/10\/Ws.jpg.jpg); margin-left: auto; margin-right:auto; background-size:cover !important;\"><\/div><div class=\"tmm_textblock\"><div class=\"tmm_names\"><span class=\"tmm_fname\">Marzena<\/span> <span class=\"tmm_lname\">Wosch<\/span><\/div><div class=\"tmm_scblock\"><a class=\"tmm_sociallink\" href=\"mailto:&#119;&#115;&#064;&#107;&#049;-&#104;&#097;g&#101;n.&#100;e\" title=\"\"><img decoding=\"async\" alt=\"\" src=\"https:\/\/www.k1-hagen.de\/wp-content\/plugins\/team-members\/inc\/img\/links\/email.png\"\/><\/a><\/div><\/div><\/div><span class=\"tmm_two_containers_tablet\"><\/span><div class=\"tmm_member\" style=\"border-top:#333333 solid 5px;\"><div class=\"tmm_photo tmm_pic_sv-lehrerinnen_2\" style=\"background: url(https:\/\/www.k1-hagen.de\/wp-content\/uploads\/2021\/10\/image-010.jpg); margin-left: auto; margin-right:auto; background-size:cover !important;\"><\/div><div class=\"tmm_textblock\"><div class=\"tmm_names\"><span class=\"tmm_fname\">Marco<\/span> <span class=\"tmm_lname\">Schweitzer<\/span><\/div><div class=\"tmm_scblock\"><a class=\"tmm_sociallink\" href=\"mailto:&#115;&#119;&#064;k&#049;&#045;&#104;ag&#101;&#110;.&#100;e\" title=\"\"><img decoding=\"async\" alt=\"\" src=\"https:\/\/www.k1-hagen.de\/wp-content\/plugins\/team-members\/inc\/img\/links\/email.png\"\/><\/a><\/div><\/div><\/div><div style=\"clear:both;\"><\/div><\/div><\/div><\/div>\n<p><strong><img loading=\"lazy\" decoding=\"async\" class=\"alignnone size-medium wp-image-870 aligncenter\" src=\"https:\/\/www.k1-hagen.de\/wp-content\/uploads\/2021\/11\/IMG_4011-300x225.jpg\" alt=\"\" width=\"300\" height=\"225\" srcset=\"https:\/\/www.k1-hagen.de\/wp-content\/uploads\/2021\/11\/IMG_4011-300x225.jpg 300w, https:\/\/www.k1-hagen.de\/wp-content\/uploads\/2021\/11\/IMG_4011-1024x768.jpg 1024w, https:\/\/www.k1-hagen.de\/wp-content\/uploads\/2021\/11\/IMG_4011-768x576.jpg 768w, https:\/\/www.k1-hagen.de\/wp-content\/uploads\/2021\/11\/IMG_4011-1536x1152.jpg 1536w, https:\/\/www.k1-hagen.de\/wp-content\/uploads\/2021\/11\/IMG_4011-2048x1536.jpg 2048w\" sizes=\"auto, (max-width: 300px) 100vw, 300px\" \/><br \/>\nSV-Arbeit<br \/>\n<\/strong>Die Interessen der Sch\u00fcler an der Kaufmannsschule 1 sollen durch ihre Sch\u00fclervertretung (SV) wahrgenommen werden.<\/p>\n<p><strong>Organe der Sch\u00fclervertretung:<\/strong><\/p>\n<ul>\n<li>\n<div>der Sch\u00fclerrat (Klassensprecher und -sprecherinnen aller Klassen),<\/div>\n<\/li>\n<li>\n<div>der Sch\u00fclersprecher bzw. die Sch\u00fclersprecherin und seine \/ ihre Vertreter und Vertreterinnen (Wahl durch Sch\u00fclerrat),<\/div>\n<\/li>\n<li>\n<div>die Verbindungslehrer und -lehrerinnen (werden durch den Sch\u00fclerrat f\u00fcr die Dauer von einem Schuljahr gew\u00e4hlt), die den Sch\u00fclerrat bei der Planung und Durchf\u00fchrung der Aufgaben unterst\u00fctzen;<\/div>\n<\/li>\n<li>\n<div>die Sch\u00fclerversammlung (alle Sch\u00fcler der Kaufmannsschule 1) die das Recht hat, sich \u00fcber alle wichtigen schulischen Angelegenheiten unterrichten zu lassen und dar\u00fcber zu beraten.<\/div>\n<\/li>\n<\/ul>\n<p><strong>Festgelegte Aufgabenbereiche gem\u00e4\u00df SchG:<\/strong><\/p>\n<ul>\n<li>\n<div>Ausgew\u00e4hlte Vertreter des Sch\u00fclerrats beteiligen sich mit Stimmrecht an der Schulkonferenz;<\/div>\n<\/li>\n<li>\n<div>allgemeine Beschwerden bez\u00fcglich des Schullebens werden aufgegriffen und L\u00f6sungsm\u00f6glichkeiten vor Ort gefunden;<\/div>\n<\/li>\n<li>\n<div>im notwendigen Einzelfall werden Sch\u00fcler in der Wahrnehmung ihrer Rechte gegen\u00fcber der Schulleitung bzw. Lehrkr\u00e4ften unterst\u00fctzt;<\/div>\n<\/li>\n<li>\n<div>Aussch\u00fcsse f\u00fcr besondere Aufgaben des Sch\u00fclerrats werden gebildet und die Mitglieder arbeiten gemeinsam<\/div>\n<\/li>\n<li>\n<div>Erkl\u00e4rungen des Sch\u00fclerrats k\u00f6nnen bei Bedarf an die \u00d6ffentlichkeit abgegeben werden (Bedingung: Beschluss des Sch\u00fclerrats);<\/div>\n<\/li>\n<li>\n<div>Veranstaltungen der Sch\u00fclervertretung auf dem Schulgel\u00e4nde oder au\u00dferhalb werden geplant und durchgef\u00fchrt<\/div>\n<\/li>\n<\/ul>\n<p><strong>Besondere Vorschriften und Verpflichtungen:<br \/>\n<\/strong>Die Sch\u00fclervertreter sind verpflichtet, alle Mitsch\u00fcler \u00fcber ihre T\u00e4tigkeit und \u00fcber Beschl\u00fcsse der Mitwirkungsorgane zu informieren. Hierf\u00fcr steht im Anschluss an SV-Sitzungen jeder Klasse eine SV-Stunde zur Verf\u00fcgung.<br \/>\nAls Teil der Schule ist die Sch\u00fclervertretung an den Grundsatz der Unparteilichkeit der Schule gebunden.<\/p>\n<p><strong>Rechtlicher Hintergrund:<br \/>\n<\/strong>Die Mitwirkung der Sch\u00fclervertretung in der Schule ist im Schulgesetz geregelt.<\/p>\n<p><strong>Zusammenarbeit der Sch\u00fclervertretungen:<br \/>\n<\/strong>Auf Landesebene ist die\u00a0<a href=\"https:\/\/lsvnrw.de\/\">LandesSch\u00fclerInnenVertretung<\/a>\u00a0(LSV NRW) die Vertretung aller Sch\u00fclerinnen und Sch\u00fcler.<\/p>\n","protected":false},"excerpt":{"rendered":"<p>SV-Lehrer:innen SV-Arbeit Die Interessen der Sch\u00fcler an der Kaufmannsschule 1 sollen durch ihre Sch\u00fclervertretung (SV) wahrgenommen werden. Organe der Sch\u00fclervertretung: der Sch\u00fclerrat (Klassensprecher und -sprecherinnen aller Klassen), der Sch\u00fclersprecher bzw. die Sch\u00fclersprecherin und seine&#46;&#46;&#46;<\/p>\n","protected":false},"author":1,"featured_media":870,"parent":0,"menu_order":0,"comment_status":"closed","ping_status":"closed","template":"","meta":{"footnotes":""},"class_list":["post-575","page","type-page","status-publish","has-post-thumbnail","hentry"],"_links":{"self":[{"href":"https:\/\/www.k1-hagen.de\/index.php\/wp-json\/wp\/v2\/pages\/575","targetHints":{"allow":["GET"]}}],"collection":[{"href":"https:\/\/www.k1-hagen.de\/index.php\/wp-json\/wp\/v2\/pages"}],"about":[{"href":"https:\/\/www.k1-hagen.de\/index.php\/wp-json\/wp\/v2\/types\/page"}],"author":[{"embeddable":true,"href":"https:\/\/www.k1-hagen.de\/index.php\/wp-json\/wp\/v2\/users\/1"}],"replies":[{"embeddable":true,"href":"https:\/\/www.k1-hagen.de\/index.php\/wp-json\/wp\/v2\/comments?post=575"}],"version-history":[{"count":6,"href":"https:\/\/www.k1-hagen.de\/index.php\/wp-json\/wp\/v2\/pages\/575\/revisions"}],"predecessor-version":[{"id":872,"href":"https:\/\/www.k1-hagen.de\/index.php\/wp-json\/wp\/v2\/pages\/575\/revisions\/872"}],"wp:featuredmedia":[{"embeddable":true,"href":"https:\/\/www.k1-hagen.de\/index.php\/wp-json\/wp\/v2\/media\/870"}],"wp:attachment":[{"href":"https:\/\/www.k1-hagen.de\/index.php\/wp-json\/wp\/v2\/media?parent=575"}],"curies":[{"name":"wp","href":"https:\/\/api.w.org\/{rel}","templated":true}]}}