{"id":570,"date":"2021-10-30T08:32:51","date_gmt":"2021-10-30T08:32:51","guid":{"rendered":"https:\/\/new.k1-hagen.de\/?page_id=570"},"modified":"2021-10-30T08:32:51","modified_gmt":"2021-10-30T08:32:51","slug":"beratungslehrerinnen","status":"publish","type":"page","link":"https:\/\/www.k1-hagen.de\/index.php\/beratungslehrerinnen\/","title":{"rendered":"Beratungslehrer:innen"},"content":{"rendered":"<h1>Beratungslehrer:innen<\/h1>\n<div class=\"tmm tmm_beratungslehrerinnen\"><div class=\"tmm_2_columns tmm_wrap tmm_plugin_f\"><span class=\"tmm_two_containers_tablet\"><\/span><div class=\"tmm_container\"><div class=\"tmm_member\" style=\"border-top:#595959 solid 5px;\"><div class=\"tmm_photo tmm_pic_beratungslehrerinnen_0\" style=\"background: url(https:\/\/www.k1-hagen.de\/wp-content\/uploads\/2021\/10\/no_photo-1.jpg); margin-left: auto; margin-right:auto; background-size:cover !important;\"><\/div><div class=\"tmm_textblock\"><div class=\"tmm_names\"><span class=\"tmm_fname\">Stephanie<\/span> <span class=\"tmm_lname\">Kirchheim<\/span><\/div><div class=\"tmm_scblock\"><a class=\"tmm_sociallink\" href=\"mailto:ki&#064;k1&#045;h&#097;&#103;&#101;&#110;.&#100;&#101;\" title=\"\"><img decoding=\"async\" alt=\"\" src=\"https:\/\/www.k1-hagen.de\/wp-content\/plugins\/team-members\/inc\/img\/links\/email.png\"\/><\/a><\/div><\/div><\/div><div class=\"tmm_member\" style=\"border-top:#595959 solid 5px;\"><div class=\"tmm_photo tmm_pic_beratungslehrerinnen_1\" style=\"background: url(https:\/\/www.k1-hagen.de\/wp-content\/uploads\/2022\/01\/20220120081524_IMG_3232-scaled.jpg); margin-left: auto; margin-right:auto; background-size:cover !important;\"><\/div><div class=\"tmm_textblock\"><div class=\"tmm_names\"><span class=\"tmm_fname\">Miriam<\/span> <span class=\"tmm_lname\">Meis<\/span><\/div><div class=\"tmm_scblock\"><a class=\"tmm_sociallink\" href=\"mailto:&#109;&#115;&#064;&#107;&#049;-hag&#101;&#110;&#046;&#100;&#101;\" title=\"\"><img decoding=\"async\" alt=\"\" src=\"https:\/\/www.k1-hagen.de\/wp-content\/plugins\/team-members\/inc\/img\/links\/email.png\"\/><\/a><\/div><\/div><\/div><span class=\"tmm_two_containers_tablet\"><\/span><\/div><span class=\"tmm_columns_containers_desktop\"><\/span><div class=\"tmm_container\"><div class=\"tmm_member\" style=\"border-top:#595959 solid 5px;\"><div class=\"tmm_photo tmm_pic_beratungslehrerinnen_2\" style=\"background: url(https:\/\/www.k1-hagen.de\/wp-content\/uploads\/2021\/10\/image-005.jpg); margin-left: auto; margin-right:auto; background-size:cover !important;\"><\/div><div class=\"tmm_textblock\"><div class=\"tmm_names\"><span class=\"tmm_fname\">Christian<\/span> <span class=\"tmm_lname\">Schmidt<\/span><\/div><div class=\"tmm_scblock\"><a class=\"tmm_sociallink\" href=\"mailto:si&#064;&#107;&#049;&#045;&#104;&#097;&#103;&#101;&#110;.d&#101;\" title=\"\"><img decoding=\"async\" alt=\"\" src=\"https:\/\/www.k1-hagen.de\/wp-content\/plugins\/team-members\/inc\/img\/links\/email.png\"\/><\/a><\/div><\/div><\/div><div style=\"clear:both;\"><\/div><\/div><\/div><\/div>\n<p><strong><br \/>\nWir beraten<\/strong>\u00a0Sch\u00fcler\/innen sowie Erziehungsberechtigte und Auszubildende \u00fcber weiterf\u00fchrende Bildungsangebote, Schullaufbahnen, aber auch bei Lernschwierigkeiten und Verhaltensauff\u00e4lligkeiten.<\/p>\n","protected":false},"excerpt":{"rendered":"<p>Beratungslehrer:innen Wir beraten\u00a0Sch\u00fcler\/innen sowie Erziehungsberechtigte und Auszubildende \u00fcber weiterf\u00fchrende Bildungsangebote, Schullaufbahnen, aber auch bei Lernschwierigkeiten und Verhaltensauff\u00e4lligkeiten.<\/p>\n","protected":false},"author":1,"featured_media":0,"parent":0,"menu_order":0,"comment_status":"closed","ping_status":"closed","template":"","meta":{"footnotes":""},"class_list":["post-570","page","type-page","status-publish","hentry"],"_links":{"self":[{"href":"https:\/\/www.k1-hagen.de\/index.php\/wp-json\/wp\/v2\/pages\/570","targetHints":{"allow":["GET"]}}],"collection":[{"href":"https:\/\/www.k1-hagen.de\/index.php\/wp-json\/wp\/v2\/pages"}],"about":[{"href":"https:\/\/www.k1-hagen.de\/index.php\/wp-json\/wp\/v2\/types\/page"}],"author":[{"embeddable":true,"href":"https:\/\/www.k1-hagen.de\/index.php\/wp-json\/wp\/v2\/users\/1"}],"replies":[{"embeddable":true,"href":"https:\/\/www.k1-hagen.de\/index.php\/wp-json\/wp\/v2\/comments?post=570"}],"version-history":[{"count":1,"href":"https:\/\/www.k1-hagen.de\/index.php\/wp-json\/wp\/v2\/pages\/570\/revisions"}],"predecessor-version":[{"id":572,"href":"https:\/\/www.k1-hagen.de\/index.php\/wp-json\/wp\/v2\/pages\/570\/revisions\/572"}],"wp:attachment":[{"href":"https:\/\/www.k1-hagen.de\/index.php\/wp-json\/wp\/v2\/media?parent=570"}],"curies":[{"name":"wp","href":"https:\/\/api.w.org\/{rel}","templated":true}]}}