{"id":560,"date":"2021-10-30T08:24:04","date_gmt":"2021-10-30T08:24:04","guid":{"rendered":"https:\/\/new.k1-hagen.de\/?page_id=560"},"modified":"2021-10-30T15:28:57","modified_gmt":"2021-10-30T15:28:57","slug":"menschen","status":"publish","type":"page","link":"https:\/\/www.k1-hagen.de\/index.php\/menschen\/","title":{"rendered":"Menschen"},"content":{"rendered":"<h1>Menschen<\/h1>\n<p>Hier k\u00f6nnen Sie sich \u00fcber die Menschen an der Kaufmannsschule 1 informieren. W\u00e4hlen Sie dazu aus dem Men\u00fc den entsprechenden Eintrag oder folgen Sie den unten stehenden Links:<\/p>\n<p><img loading=\"lazy\" decoding=\"async\" class=\" wp-image-564 alignright\" src=\"https:\/\/k1-hagen.de\/wp-content\/uploads\/2021\/10\/2021_10_28_4473-small-200x300.jpg\" alt=\"\" width=\"333\" height=\"500\" srcset=\"https:\/\/www.k1-hagen.de\/wp-content\/uploads\/2021\/10\/2021_10_28_4473-small-200x300.jpg 200w, https:\/\/www.k1-hagen.de\/wp-content\/uploads\/2021\/10\/2021_10_28_4473-small-684x1024.jpg 684w, https:\/\/www.k1-hagen.de\/wp-content\/uploads\/2021\/10\/2021_10_28_4473-small-768x1151.jpg 768w, https:\/\/www.k1-hagen.de\/wp-content\/uploads\/2021\/10\/2021_10_28_4473-small-1025x1536.jpg 1025w, https:\/\/www.k1-hagen.de\/wp-content\/uploads\/2021\/10\/2021_10_28_4473-small.jpg 1080w\" sizes=\"auto, (max-width: 333px) 100vw, 333px\" \/><\/p>\n<p><a href=\"https:\/\/k1-hagen.de\/index.php\/kollegium\/\">Kollegium<\/a><\/p>\n<p><a href=\"https:\/\/k1-hagen.de\/index.php\/schulsozialarbeit\/\">Schulsozialarbeit<\/a><\/p>\n<p><a href=\"https:\/\/k1-hagen.de\/index.php\/beratungslehrerinnen\/\">Beratungslehrer:innen<\/a><\/p>\n<p><a href=\"https:\/\/k1-hagen.de\/index.php\/sv-lehrerinnen\/\">SV-Lehrer:innen<\/a><\/p>\n<p><a href=\"https:\/\/k1-hagen.de\/index.php\/schuelervertretung-sv\/\">SV<\/a><\/p>\n<p><a href=\"https:\/\/k1-hagen.de\/index.php\/berufsberatung\/\">Berufsberatung<\/a><\/p>\n<p>&nbsp;<\/p>\n","protected":false},"excerpt":{"rendered":"<p>Menschen Hier k\u00f6nnen Sie sich \u00fcber die Menschen an der Kaufmannsschule 1 informieren. W\u00e4hlen Sie dazu aus dem Men\u00fc den entsprechenden Eintrag oder folgen Sie den unten stehenden Links: Kollegium Schulsozialarbeit Beratungslehrer:innen SV-Lehrer:innen SV&#46;&#46;&#46;<\/p>\n","protected":false},"author":1,"featured_media":0,"parent":0,"menu_order":0,"comment_status":"closed","ping_status":"closed","template":"","meta":{"footnotes":""},"class_list":["post-560","page","type-page","status-publish","hentry"],"_links":{"self":[{"href":"https:\/\/www.k1-hagen.de\/index.php\/wp-json\/wp\/v2\/pages\/560","targetHints":{"allow":["GET"]}}],"collection":[{"href":"https:\/\/www.k1-hagen.de\/index.php\/wp-json\/wp\/v2\/pages"}],"about":[{"href":"https:\/\/www.k1-hagen.de\/index.php\/wp-json\/wp\/v2\/types\/page"}],"author":[{"embeddable":true,"href":"https:\/\/www.k1-hagen.de\/index.php\/wp-json\/wp\/v2\/users\/1"}],"replies":[{"embeddable":true,"href":"https:\/\/www.k1-hagen.de\/index.php\/wp-json\/wp\/v2\/comments?post=560"}],"version-history":[{"count":6,"href":"https:\/\/www.k1-hagen.de\/index.php\/wp-json\/wp\/v2\/pages\/560\/revisions"}],"predecessor-version":[{"id":795,"href":"https:\/\/www.k1-hagen.de\/index.php\/wp-json\/wp\/v2\/pages\/560\/revisions\/795"}],"wp:attachment":[{"href":"https:\/\/www.k1-hagen.de\/index.php\/wp-json\/wp\/v2\/media?parent=560"}],"curies":[{"name":"wp","href":"https:\/\/api.w.org\/{rel}","templated":true}]}}