{"id":404,"date":"2021-10-29T12:42:21","date_gmt":"2021-10-29T12:42:21","guid":{"rendered":"https:\/\/new.k1-hagen.de\/?page_id=404"},"modified":"2021-10-29T13:18:26","modified_gmt":"2021-10-29T13:18:26","slug":"verwaltungsfachangestellte-r","status":"publish","type":"page","link":"https:\/\/www.k1-hagen.de\/index.php\/verwaltungsfachangestellte-r\/","title":{"rendered":"Verwaltungsfachangestellte\/r"},"content":{"rendered":"\n<div class=\"article-rel-wrapper\">\n<h1 class=\"contentheading\">Verwaltungsfachangestellte\/r<\/h1>\n<\/div>\n\n\n\n<figure class=\"wp-block-table is-style-stripes\"><table><tbody><tr><td><strong>Ausbildungsdauer<\/strong><\/td><td>3 Jahre<\/td><\/tr><tr><td><strong>Voraussetzungen<\/strong><\/td><td>m\u00f6glichst Fachoberschulreife<\/td><\/tr><tr><td><strong>Berufsschulunterricht<\/strong><\/td><td>Fachklassen in Blockform<\/td><\/tr><\/tbody><\/table><\/figure>\n\n\n\n<h2 class=\"contentheading wp-block-heading\">Ausbildungsschwerpunkte<\/h2>\n\n\n\n<ul class=\"wp-block-list\"><li>Ausbildungsbetrieb<\/li><li>Verwaltungsbetriebswirtschaft<\/li><li>Arbeitsorganisation und b\u00fcrowirtschaftliche Abl\u00e4ufe<\/li><li>Informations- und Kommunikationssysteme<\/li><li>Kommunikation und Kooperation<\/li><li>Personalwesen<\/li><li>Kommunalrecht<\/li><li>Handeln in Gebieten des besonderen Verwaltungsrechts<\/li><li>Allgemeines Verwaltungsrecht und Verwaltungsverfahren<\/li><li>Fallbezogene Rechtsanwendung in Aufgabengebieten der ausbildenden K\u00f6rperschaft<\/li><\/ul>\n\n\n\n<h2 class=\"contentheading wp-block-heading\">Unterrichtsschwerpunkte<\/h2>\n\n\n\n<ul class=\"wp-block-list\"><li>Allgemeine Wirtschaftslehre<\/li><li>Personalwesen<\/li><li>Rechnungswesen<\/li><li>Staatsrecht<\/li><li>Gemeinderecht<\/li><li>Verwaltungsrechtliches Handeln<\/li><li>Verwaltungsbetriebslehre und Controlling<\/li><li>Datenverarbeitung<\/li><li>Organisationslehre<\/li><\/ul>\n\n\n\n<h2 class=\"contentheading wp-block-heading\">M\u00f6gliche Abschl\u00fcsse<\/h2>\n\n\n\n<ul class=\"wp-block-list\"><li>Berufsabschluss durch die Pr\u00fcfung beim S\u00fcdwestf\u00e4lischen Studieninstitut f\u00fcr kommunale Verwaltung<\/li><li>Berufsschulabschluss, durch den auch zus\u00e4tzliche Qualifikationen m\u00f6glich sind<\/li><\/ul>\n\n\n\n<h2 class=\"contentheading wp-block-heading\">Zusatzqualifikationen<\/h2>\n\n\n\n<figure class=\"wp-block-table\"><table><tbody><tr><td><strong>Bezeichnung:<\/strong><\/td><td><strong>Englisch: IHK-Kammerzertifikat<\/strong><\/td><\/tr><tr><td>Zielgruppe:<\/td><td>Sch\u00fclerinnen und Sch\u00fcler des Bildungsgangs<br>(Oberstufe)<\/td><\/tr><tr><td>Voraussetzungen\/Vorkenntnisse:<\/td><td>Kaufm\u00e4nnische Englisch-Kenntnisse, Niveaustufe B1 oder h\u00f6her<\/td><\/tr><tr><td>Inhalte:<\/td><td>Business English: Correspondence, Telephoning<\/td><\/tr><tr><td>Pr\u00fcfung:<\/td><td>Schriftliche und m\u00fcndliche Pr\u00fcfung vor der IHK Dortmund<\/td><\/tr><tr><td>Zeugnis bzw. Zertifikat:<\/td><td>IHK-Kammerzertifikat<\/td><\/tr><tr><td>Termine\/Dauer\/Stundenvolumen:<\/td><td>Englisch-Unterricht in der Berufsschule<br>+ begleitete Selbstlernphasen : etwa 20 Stunden<\/td><\/tr><tr><td>Kosten:<\/td><td>keine<\/td><\/tr><tr><td>Ansprechpartner:<\/td><td><a href=\"mailto:br@k1-hagen.de\">Frau Brinkschulte<\/a>,&nbsp;&nbsp;<a href=\"mailto:hm@k1-hagen.de\">Frau Stefanie Hartmann<\/a><\/td><\/tr><\/tbody><\/table><\/figure>\n\n\n\n<h2 class=\"wp-block-heading\">Weiterbildung<\/h2>\n\n\n\n<p class=\"contentheading\">Verschiedene Fortbildungsm\u00f6glichkeiten durch Kurse und Lehrg\u00e4nge am S\u00fcdwestf\u00e4lischen Studieninstitut f\u00fcr kommunale Verwaltung, z.B. Angestelltenlehrgang II (nach Pr\u00fcfung vergleichbar mit gehobener Beamtenlaufbahn)Weiterbildung<\/p>\n","protected":false},"excerpt":{"rendered":"<p>Verwaltungsfachangestellte\/r Ausbildungsdauer 3 Jahre Voraussetzungen m\u00f6glichst Fachoberschulreife Berufsschulunterricht Fachklassen in Blockform Ausbildungsschwerpunkte Ausbildungsbetrieb Verwaltungsbetriebswirtschaft Arbeitsorganisation und b\u00fcrowirtschaftliche Abl\u00e4ufe Informations- und Kommunikationssysteme Kommunikation und Kooperation Personalwesen Kommunalrecht Handeln in Gebieten des besonderen Verwaltungsrechts Allgemeines Verwaltungsrecht&#46;&#46;&#46;<\/p>\n","protected":false},"author":1,"featured_media":0,"parent":0,"menu_order":0,"comment_status":"closed","ping_status":"closed","template":"","meta":{"footnotes":""},"class_list":["post-404","page","type-page","status-publish","hentry"],"_links":{"self":[{"href":"https:\/\/www.k1-hagen.de\/index.php\/wp-json\/wp\/v2\/pages\/404","targetHints":{"allow":["GET"]}}],"collection":[{"href":"https:\/\/www.k1-hagen.de\/index.php\/wp-json\/wp\/v2\/pages"}],"about":[{"href":"https:\/\/www.k1-hagen.de\/index.php\/wp-json\/wp\/v2\/types\/page"}],"author":[{"embeddable":true,"href":"https:\/\/www.k1-hagen.de\/index.php\/wp-json\/wp\/v2\/users\/1"}],"replies":[{"embeddable":true,"href":"https:\/\/www.k1-hagen.de\/index.php\/wp-json\/wp\/v2\/comments?post=404"}],"version-history":[{"count":6,"href":"https:\/\/www.k1-hagen.de\/index.php\/wp-json\/wp\/v2\/pages\/404\/revisions"}],"predecessor-version":[{"id":418,"href":"https:\/\/www.k1-hagen.de\/index.php\/wp-json\/wp\/v2\/pages\/404\/revisions\/418"}],"wp:attachment":[{"href":"https:\/\/www.k1-hagen.de\/index.php\/wp-json\/wp\/v2\/media?parent=404"}],"curies":[{"name":"wp","href":"https:\/\/api.w.org\/{rel}","templated":true}]}}