{"id":398,"date":"2021-10-29T12:39:36","date_gmt":"2021-10-29T12:39:36","guid":{"rendered":"https:\/\/new.k1-hagen.de\/?page_id=398"},"modified":"2021-10-30T14:49:22","modified_gmt":"2021-10-30T14:49:22","slug":"steuerfachangestellte-r","status":"publish","type":"page","link":"https:\/\/www.k1-hagen.de\/index.php\/steuerfachangestellte-r\/","title":{"rendered":"Steuerfachangestellte\/r"},"content":{"rendered":"<div class=\"article-rel-wrapper\">\n<h1 class=\"contentheading\">Steuerfachangestellte\/r<\/h1>\n<\/div>\n<table border=\"0\">\n<tbody>\n<tr>\n<td align=\"left\" valign=\"top\">&nbsp;<\/p>\n<p><strong>Berufsbild<\/strong><\/td>\n<td><\/td>\n<td>Steuerfachangestellte<\/p>\n<ul>\n<li>erstellen Steuererkl\u00e4rungen von Privatpersonen und Unternehmen<\/li>\n<li>\u00fcbernehmen die Finanzbuchhaltung von Unternehmen<\/li>\n<li>bereiten Jahresabschl\u00fcsse von Unternehmen vor<\/li>\n<\/ul>\n<\/td>\n<\/tr>\n<tr>\n<td align=\"left\" valign=\"top\"><strong>Ausbildungsdauer<\/strong><\/td>\n<td><\/td>\n<td>3 Jahre (bzw. 2,5 Jahre im dualen Studium)<\/td>\n<\/tr>\n<tr>\n<td align=\"left\" valign=\"top\"><strong>Voraussetzungen<\/strong><\/td>\n<td><\/td>\n<td>\n<ul>\n<li>m\u00f6glichst Fachober- oder Fachhochschulreife\u00a0(bzw. Fachhochschul- oder Allgemeine Hochschulreife im dualen Studium)<\/li>\n<li>Interesse an steuerlichen und rechtlichen Fragen<\/li>\n<li>ein Gef\u00fchl f\u00fcr Zahlen, Verst\u00e4ndnis f\u00fcr wirtschaftliche Zusammenh\u00e4nge und die F\u00e4higkeit\u00a0zu analytischem Denken<\/li>\n<\/ul>\n<\/td>\n<\/tr>\n<tr>\n<td align=\"left\" valign=\"top\"><strong>Berufsschulunterricht<\/strong><\/td>\n<td><\/td>\n<td>Fachklassen in Teilzeitform\u00a0(zweimal w\u00f6chentlich bzw. einmal w\u00f6chentlich im dualen Studium)<\/td>\n<\/tr>\n<\/tbody>\n<\/table>\n<h2 class=\"contentheading\">Team<\/h2>\n<p><img loading=\"lazy\" decoding=\"async\" src=\"https:\/\/k1-hagen.de\/images\/stories\/menschen\/Kollegium\/00_Team_S.jpg\" alt=\"00_Team_S\" width=\"274\" height=\"206\" \/><\/p>\n<p>Ihre Ansprechpartner (v. l.):\u00a0<a href=\"mailto:pm@k1-hagen.de\">Herr Pamp<\/a>,\u00a0<a href=\"mailto:la@k1-hagen.de\">Frau Latussek<\/a><\/p>\n<h2 class=\"contentheading\">Ausbildungsschwerpunkte<\/h2>\n<ul>\n<li>Steuerliche Facharbeit\n<ul>\n<li>Abgabenordnung<\/li>\n<li>Umsatzsteuer<\/li>\n<li>Einkommensteuer<\/li>\n<li>K\u00f6rperschaftsteuer<\/li>\n<li>Gewerbesteuer<\/li>\n<li>Bewertungsgesetz<\/li>\n<\/ul>\n<\/li>\n<li>Rechnungswesen<\/li>\n<li>Betriebswirtschaftliche Facharbeit<\/li>\n<li>Praxis- und Arbeitsorganisation<\/li>\n<\/ul>\n<h2 class=\"contentheading\">Unterrichtsschwerpunkte<\/h2>\n<ul>\n<li>Steuerlehre<\/li>\n<li>Rechnungswesen<\/li>\n<li>Allgemeine Wirtschaftslehre<\/li>\n<li>Datenverarbeitung<\/li>\n<\/ul>\n<h2 class=\"contentheading\">M\u00f6gliche Abschl\u00fcsse<\/h2>\n<ul>\n<li>Berufsabschluss durch die Pr\u00fcfung bei der Steuerberaterkammer Westfalen-Lippe<\/li>\n<li>Berufsschulabschluss, durch den auch zus\u00e4tzliche Qualifikationen m\u00f6glich sind<\/li>\n<\/ul>\n<p class=\"contentheading\">Zusatzqualifikationen<\/p>\n<table border=\"0\">\n<tbody>\n<tr>\n<td>Bezeichnung:<\/td>\n<td>Lohn- und Gehaltsabrechnung mit DATEV<\/td>\n<\/tr>\n<tr>\n<td>Zielgruppe:<\/td>\n<td>Sch\u00fclerinnen und Sch\u00fcler des Bildungsgangs<\/td>\n<\/tr>\n<tr>\n<td>Voraussetzungen\/Vorkenntnisse:<\/td>\n<td>keine<\/td>\n<\/tr>\n<tr>\n<td>Inhalte:<\/td>\n<td>Module zur Lohn- und Gehaltsabrechnung<\/td>\n<\/tr>\n<tr>\n<td>Pr\u00fcfung:<\/td>\n<td>keine<\/td>\n<\/tr>\n<tr>\n<td>Zeugnis bzw. Zertifikat:<\/td>\n<td>Zertifikat der Steuerberaterkammer<\/td>\n<\/tr>\n<tr>\n<td>Termine\/Dauer\/Stundenvolumen:<\/td>\n<td>2 Tage zu je 8 Stunden<\/td>\n<\/tr>\n<tr>\n<td>Kosten:<\/td>\n<td>50,00 \u20ac (\u00fcbernimmt der Ausbildungsbetrieb)<\/td>\n<\/tr>\n<tr>\n<td>Ansprechpartner:<\/td>\n<td><a href=\"mailto:la@k1-hagen.de\">Frau Latussek<\/a><\/td>\n<\/tr>\n<\/tbody>\n<\/table>\n<h2 class=\"contentheading\">Weiterbildung<\/h2>\n<ul>\n<li>Fortbildung zum\/zur Steuerfachwirt\/in bei der Steuerberaterkammer Westfalen-Lippe in M\u00fcnster<\/li>\n<li>Fortbildung zum\/zur Steuerberater\/in<\/li>\n<li>Fortbildung zum\/zur Bilanzbuchhalter\/in bei der SIHK Hagen<\/li>\n<\/ul>\n<h2 class=\"contentheading\">Dualer ausbildungsintegrierter Studiengang Steuerfachangestellte\/r<\/h2>\n<p>Informationen zu diesem Bildungsangebot finden Sie <a href=\"https:\/\/k1-hagen.de\/index.php\/duales-studium\/\">hier<\/a>.<\/p>\n","protected":false},"excerpt":{"rendered":"<p>Steuerfachangestellte\/r &nbsp; Berufsbild Steuerfachangestellte erstellen Steuererkl\u00e4rungen von Privatpersonen und Unternehmen \u00fcbernehmen die Finanzbuchhaltung von Unternehmen bereiten Jahresabschl\u00fcsse von Unternehmen vor Ausbildungsdauer 3 Jahre (bzw. 2,5 Jahre im dualen Studium) Voraussetzungen m\u00f6glichst Fachober- oder Fachhochschulreife\u00a0(bzw.&#46;&#46;&#46;<\/p>\n","protected":false},"author":1,"featured_media":0,"parent":0,"menu_order":0,"comment_status":"closed","ping_status":"closed","template":"","meta":{"footnotes":""},"class_list":["post-398","page","type-page","status-publish","hentry"],"_links":{"self":[{"href":"https:\/\/www.k1-hagen.de\/index.php\/wp-json\/wp\/v2\/pages\/398","targetHints":{"allow":["GET"]}}],"collection":[{"href":"https:\/\/www.k1-hagen.de\/index.php\/wp-json\/wp\/v2\/pages"}],"about":[{"href":"https:\/\/www.k1-hagen.de\/index.php\/wp-json\/wp\/v2\/types\/page"}],"author":[{"embeddable":true,"href":"https:\/\/www.k1-hagen.de\/index.php\/wp-json\/wp\/v2\/users\/1"}],"replies":[{"embeddable":true,"href":"https:\/\/www.k1-hagen.de\/index.php\/wp-json\/wp\/v2\/comments?post=398"}],"version-history":[{"count":3,"href":"https:\/\/www.k1-hagen.de\/index.php\/wp-json\/wp\/v2\/pages\/398\/revisions"}],"predecessor-version":[{"id":743,"href":"https:\/\/www.k1-hagen.de\/index.php\/wp-json\/wp\/v2\/pages\/398\/revisions\/743"}],"wp:attachment":[{"href":"https:\/\/www.k1-hagen.de\/index.php\/wp-json\/wp\/v2\/media?parent=398"}],"curies":[{"name":"wp","href":"https:\/\/api.w.org\/{rel}","templated":true}]}}