{"id":392,"date":"2021-10-29T12:36:56","date_gmt":"2021-10-29T12:36:56","guid":{"rendered":"https:\/\/new.k1-hagen.de\/?page_id=392"},"modified":"2023-11-27T09:09:34","modified_gmt":"2023-11-27T09:09:34","slug":"personaldienstleistungskauffrau-mann","status":"publish","type":"page","link":"https:\/\/www.k1-hagen.de\/index.php\/personaldienstleistungskauffrau-mann\/","title":{"rendered":"Personaldienstleistungskauffrau\/-mann"},"content":{"rendered":"<div class=\"article-rel-wrapper\">\n<h2 class=\"contentheading\">Personaldienstleistungskauffrau\/-mann<\/h2>\n<\/div>\n<table border=\"0\">\n<tbody>\n<tr>\n<td align=\"left\" valign=\"top\"><strong>Ausbildungsdauer<\/strong><\/td>\n<td><\/td>\n<td>3 Jahre<\/td>\n<\/tr>\n<tr>\n<td align=\"left\" valign=\"top\"><strong>Voraussetzungen<\/strong><\/td>\n<td><\/td>\n<td>m\u00f6glichst Fachoberschulreife<\/td>\n<\/tr>\n<tr>\n<td align=\"left\" valign=\"top\"><strong>Berufsschulunterricht<\/strong><\/td>\n<td><\/td>\n<td>Fachklassen in Teilzeitform (zweimal w\u00f6chentlich)<\/td>\n<\/tr>\n<\/tbody>\n<\/table>\n<h2 class=\"contentheading\">Ausbildungsschwerpunkte<\/h2>\n<p><strong>Abschnitt A<\/strong><\/p>\n<ol>\n<li>Personalgewinnung<\/li>\n<li>Personaleinsatz<\/li>\n<li>Berufsfelderschlie\u00dfung<\/li>\n<li>Auftragsakquisition, Auftragsdurchf\u00fchrung, Marketing<\/li>\n<li>Kommunikation und Kooperation<\/li>\n<li>Kaufm\u00e4nnische Steuerung und Kontrolle<\/li>\n<li>Berufsbezogene Rechtsanwendungen<\/li>\n<\/ol>\n<p><strong>Abschnitt B<\/strong><\/p>\n<ol>\n<li>Der Ausbildungsbetrieb<\/li>\n<li>Arbeitsgestaltung<\/li>\n<li>Anwenden einer Fremdsprache bei Fachaufgaben<\/li>\n<\/ol>\n<h2 class=\"contentheading\">Unterrichtsschwerpunkte<\/h2>\n<p><strong>Berufsbezogene F\u00e4cher<\/strong><strong>:<\/strong><\/p>\n<ul>\n<li>Personalprozesse<\/li>\n<li>Kundengesch\u00e4ftsprozesse<\/li>\n<li>Wirtschafts- und Sozialprozesse<\/li>\n<li>Fremdsprachliche Kommunikation<\/li>\n<\/ul>\n<p><strong>Berufs\u00fcbergreifende F\u00e4cher:<\/strong><\/p>\n<ul>\n<li>Deutsch\/Kommunikation<\/li>\n<li>Religionslehre<\/li>\n<li>Sport\/Gesundheitsf\u00f6rderung<\/li>\n<li>Politik\/Gesellschaftslehre<\/li>\n<\/ul>\n<h2 class=\"contentheading\">M\u00f6gliche Abschl\u00fcsse<\/h2>\n<ul>\n<li>Berufsabschluss durch die Pr\u00fcfung bei der SIHK Hagen<\/li>\n<li>Berufsschulabschluss, durch den auch zus\u00e4tzliche Qualifikationen m\u00f6glich sind<\/li>\n<\/ul>\n<h2 class=\"contentheading\">Zusatzqualifikationen<\/h2>\n<table border=\"0\" width=\"616\">\n<tbody>\n<tr>\n<td>Bezeichnung:<\/td>\n<td>Staatlicher EDV-F\u00fchrerschein NRW (einzelne Module)<\/td>\n<\/tr>\n<tr>\n<td>Zielgruppe:<\/td>\n<td>Sch\u00fclerinnen und Sch\u00fcler des Bildungsgangs<\/td>\n<\/tr>\n<tr>\n<td>Voraussetzungen\/Vorkenntnisse:<\/td>\n<td>PC-Raum \/ Internetzugang<br \/>\nPC-Kenntnisse \/ berufsrelevanter Umgang mit Daten<\/td>\n<\/tr>\n<tr>\n<td>Inhalte:<\/td>\n<td>Modul 8: Grundlagen Datenschutz und Datensicherheit<\/td>\n<\/tr>\n<tr>\n<td>Pr\u00fcfung:<\/td>\n<td>Online- \/ Offline-Pr\u00fcfung<\/td>\n<\/tr>\n<tr>\n<td>Zeugnis bzw. Zertifikat:<\/td>\n<td>Teilzertifikat Staatlicher Computerf\u00fchrerschein NRW<\/td>\n<\/tr>\n<tr>\n<td>Termine\/Dauer\/Stundenvolumen:<\/td>\n<td>OS-Block, ca. 20 Std.<\/td>\n<\/tr>\n<tr>\n<td>Kosten:<\/td>\n<td>keine<\/td>\n<\/tr>\n<tr>\n<td>Ansprechpartner:<\/td>\n<td>Frau Latussek<\/td>\n<\/tr>\n<\/tbody>\n<\/table>\n<h2 class=\"contentheading\">Weiterbildung<\/h2>\n<ul>\n<li>Besuch der Fachoberschule am Berufskolleg Kaufmannsschule II<\/li>\n<li>Fortbildung zum\/zur Ausbilder\/in bei der SIHK Hagen<\/li>\n<li>Weiterbildung zum\/zur staatlich gepr\u00fcften Betriebswirt\/in am Berufskolleg der Stadt Hagen &#8211; KAUFMANNSSCHULE I<\/li>\n<\/ul>\n","protected":false},"excerpt":{"rendered":"<p>Personaldienstleistungskauffrau\/-mann Ausbildungsdauer 3 Jahre Voraussetzungen m\u00f6glichst Fachoberschulreife Berufsschulunterricht Fachklassen in Teilzeitform (zweimal w\u00f6chentlich) Ausbildungsschwerpunkte Abschnitt A Personalgewinnung Personaleinsatz Berufsfelderschlie\u00dfung Auftragsakquisition, Auftragsdurchf\u00fchrung, Marketing Kommunikation und Kooperation Kaufm\u00e4nnische Steuerung und Kontrolle Berufsbezogene Rechtsanwendungen Abschnitt B Der&#46;&#46;&#46;<\/p>\n","protected":false},"author":1,"featured_media":0,"parent":0,"menu_order":0,"comment_status":"closed","ping_status":"closed","template":"","meta":{"footnotes":""},"class_list":["post-392","page","type-page","status-publish","hentry"],"_links":{"self":[{"href":"https:\/\/www.k1-hagen.de\/index.php\/wp-json\/wp\/v2\/pages\/392","targetHints":{"allow":["GET"]}}],"collection":[{"href":"https:\/\/www.k1-hagen.de\/index.php\/wp-json\/wp\/v2\/pages"}],"about":[{"href":"https:\/\/www.k1-hagen.de\/index.php\/wp-json\/wp\/v2\/types\/page"}],"author":[{"embeddable":true,"href":"https:\/\/www.k1-hagen.de\/index.php\/wp-json\/wp\/v2\/users\/1"}],"replies":[{"embeddable":true,"href":"https:\/\/www.k1-hagen.de\/index.php\/wp-json\/wp\/v2\/comments?post=392"}],"version-history":[{"count":4,"href":"https:\/\/www.k1-hagen.de\/index.php\/wp-json\/wp\/v2\/pages\/392\/revisions"}],"predecessor-version":[{"id":1852,"href":"https:\/\/www.k1-hagen.de\/index.php\/wp-json\/wp\/v2\/pages\/392\/revisions\/1852"}],"wp:attachment":[{"href":"https:\/\/www.k1-hagen.de\/index.php\/wp-json\/wp\/v2\/media?parent=392"}],"curies":[{"name":"wp","href":"https:\/\/api.w.org\/{rel}","templated":true}]}}