{"id":383,"date":"2021-10-29T12:33:39","date_gmt":"2021-10-29T12:33:39","guid":{"rendered":"https:\/\/new.k1-hagen.de\/?page_id=383"},"modified":"2025-05-14T11:28:35","modified_gmt":"2025-05-14T11:28:35","slug":"kauffrau-kaufmann-im-e-commerce","status":"publish","type":"page","link":"https:\/\/www.k1-hagen.de\/index.php\/kauffrau-kaufmann-im-e-commerce\/","title":{"rendered":"Kauffrau\/Kaufmann im E-Commerce"},"content":{"rendered":"<div class=\"article-rel-wrapper\">\n<h1 class=\"contentheading\">Kauffrau\/Kaufmann im E-Commerce<\/h1>\n<\/div>\n<table border=\"0\">\n<tbody>\n<tr>\n<td align=\"left\" valign=\"top\"><strong>Ausbildungsdauer<\/strong><\/td>\n<td><\/td>\n<td>3 Jahre<\/td>\n<\/tr>\n<tr>\n<td align=\"left\" valign=\"top\"><strong>Voraussetzungen<\/strong><\/td>\n<td><\/td>\n<td>m\u00f6glichst Fachoberschulreife<\/td>\n<\/tr>\n<tr>\n<td align=\"left\" valign=\"top\"><strong>Berufsschulunterricht<\/strong><\/td>\n<td><\/td>\n<td>Fachklassen in Teilzeitform (zweimal w\u00f6chentlich)<\/td>\n<\/tr>\n<\/tbody>\n<\/table>\n<h2 class=\"contentheading\">Ausbildungsschwerpunkte\/ Lernfelder<\/h2>\n<ul>\n<li>Das Unternehmen pr\u00e4sentieren und die eigene Rolle mitgestalten<\/li>\n<li>Online-Sortimente gestalten und die Beschaffung unterst\u00fctzen<\/li>\n<li>Vertr\u00e4ge im Online-Vertrieb anbahnen und bearbeiten<\/li>\n<li>Wertestr\u00f6me erfassen, auswerten und beurteilen<\/li>\n<li>R\u00fcckabwicklungsprozesse und Leistungsst\u00f6rungen bearbeiten<\/li>\n<li>Servicekommunikation kundenorientiert gestalten<\/li>\n<li>Online-Marketing-Ma\u00dfnahmen umsetzen und bewerten<\/li>\n<li>Wertsch\u00f6pfungsprozesse erfolgsorientiert steuern<\/li>\n<li>Online-Vertriebskan\u00e4le ausw\u00e4hlen<\/li>\n<li>Den Online-Vertrieb kennzahlengest\u00fctzt optimieren<\/li>\n<li>Gesamtwirtschaftliche Einfl\u00fcsse bei unternehmerischen Entscheidungen ber\u00fccksichtigen<\/li>\n<li>Berufsbezogene Projekte durchf\u00fchren und bewerten<\/li>\n<\/ul>\n<h2 class=\"contentheading\">Unterrichtsschwerpunkte<\/h2>\n<p><strong>Berufsbezogene F\u00e4cher:<\/strong><\/p>\n<ul>\n<li>Wirtschafts- und Sozialprozesse<\/li>\n<li>Gesch\u00e4ftsprozesse im E-Commerce<\/li>\n<li>Steuerung und Kontrolle<\/li>\n<li>Fremdsprachliche Kommunikation (Englisch)<\/li>\n<\/ul>\n<p><strong>Berufs\u00fcbergreifende F\u00e4cher:<\/strong><\/p>\n<ul>\n<li>Deutsch\/Kommunikation<\/li>\n<li>Politik\/Gesellschaftslehre<\/li>\n<li>Religionslehre<\/li>\n<li>Sport\/Gesundheitsf\u00f6rderung<\/li>\n<\/ul>\n<h2 class=\"contentheading\">M\u00f6gliche Abschl\u00fcsse<\/h2>\n<ul>\n<li>Berufsabschlusspr\u00fcfung bei der SIHK Hagen<\/li>\n<li>Berufsschulabschluss an der Kaufmannsschule I<\/li>\n<\/ul>\n<h2 class=\"contentheading\">Weiterbildung<\/h2>\n<ul>\n<li>Fortbildung zum\/zur Ausbilder\/in bei der SIHK Hagen<\/li>\n<li>Weiterbildung zum\/zur staatlich gepr\u00fcften Betriebswirt\/in am Berufskolleg der Stadt Hagen &#8211; KAUFMANNSSCHULE I<\/li>\n<li>Weiterbildung zum\/zur Handelsfachwirt\/-in, Fachwirt\/-in f\u00fcr Vertrieb, Fachwirt\/-in f\u00fcr Marketing, Fachwirt\/-in f\u00fcr E-Commerce<\/li>\n<\/ul>\n<h2 class=\"contentheading\"><\/h2>\n","protected":false},"excerpt":{"rendered":"<p>Kauffrau\/Kaufmann im E-Commerce Ausbildungsdauer 3 Jahre Voraussetzungen m\u00f6glichst Fachoberschulreife Berufsschulunterricht Fachklassen in Teilzeitform (zweimal w\u00f6chentlich) Ausbildungsschwerpunkte\/ Lernfelder Das Unternehmen pr\u00e4sentieren und die eigene Rolle mitgestalten Online-Sortimente gestalten und die Beschaffung unterst\u00fctzen Vertr\u00e4ge im Online-Vertrieb&#46;&#46;&#46;<\/p>\n","protected":false},"author":1,"featured_media":0,"parent":0,"menu_order":0,"comment_status":"closed","ping_status":"closed","template":"","meta":{"footnotes":""},"class_list":["post-383","page","type-page","status-publish","hentry"],"_links":{"self":[{"href":"https:\/\/www.k1-hagen.de\/index.php\/wp-json\/wp\/v2\/pages\/383","targetHints":{"allow":["GET"]}}],"collection":[{"href":"https:\/\/www.k1-hagen.de\/index.php\/wp-json\/wp\/v2\/pages"}],"about":[{"href":"https:\/\/www.k1-hagen.de\/index.php\/wp-json\/wp\/v2\/types\/page"}],"author":[{"embeddable":true,"href":"https:\/\/www.k1-hagen.de\/index.php\/wp-json\/wp\/v2\/users\/1"}],"replies":[{"embeddable":true,"href":"https:\/\/www.k1-hagen.de\/index.php\/wp-json\/wp\/v2\/comments?post=383"}],"version-history":[{"count":4,"href":"https:\/\/www.k1-hagen.de\/index.php\/wp-json\/wp\/v2\/pages\/383\/revisions"}],"predecessor-version":[{"id":2384,"href":"https:\/\/www.k1-hagen.de\/index.php\/wp-json\/wp\/v2\/pages\/383\/revisions\/2384"}],"wp:attachment":[{"href":"https:\/\/www.k1-hagen.de\/index.php\/wp-json\/wp\/v2\/media?parent=383"}],"curies":[{"name":"wp","href":"https:\/\/api.w.org\/{rel}","templated":true}]}}