{"id":380,"date":"2021-10-29T12:32:42","date_gmt":"2021-10-29T12:32:42","guid":{"rendered":"https:\/\/new.k1-hagen.de\/?page_id=380"},"modified":"2024-12-16T15:16:35","modified_gmt":"2024-12-16T15:16:35","slug":"kaufmann-kauffrau-fuer-bueromanagement","status":"publish","type":"page","link":"https:\/\/www.k1-hagen.de\/index.php\/kaufmann-kauffrau-fuer-bueromanagement\/","title":{"rendered":"Kaufmann\/ Kauffrau f\u00fcr B\u00fcromanagement"},"content":{"rendered":"<div class=\"article-rel-wrapper\">\n<h1 class=\"contentheading\">Kaufmann\/ Kauffrau f\u00fcr B\u00fcromanagement<\/h1>\n<\/div>\n<table border=\"0\">\n<tbody>\n<tr>\n<td align=\"left\" valign=\"top\"><strong>Ausbildungsdauer<\/strong><\/td>\n<td><\/td>\n<td>3 Jahre<\/td>\n<\/tr>\n<tr>\n<td align=\"left\" valign=\"top\"><strong>Voraussetzungen<\/strong><\/td>\n<td><\/td>\n<td>Erweiterter Erster Schulabschluss oder Mittlerer Schulabschluss<\/td>\n<\/tr>\n<tr>\n<td align=\"left\" valign=\"top\"><strong>Berufsschulunterricht<\/strong><\/td>\n<td><\/td>\n<td>Fachklassen in Teilzeitform (zweimal w\u00f6chentlich)<\/td>\n<\/tr>\n<\/tbody>\n<\/table>\n<h2 class=\"contentheading\">Ausbildungsschwerpunkte\/ Lernfelder<\/h2>\n<ul>\n<li>Die eigene Rolle im Betrieb mitgestalten und den Betrieb pr\u00e4sentieren<\/li>\n<li>B\u00fcroprozesse gestalten und Arbeitsvorg\u00e4nge organisieren<\/li>\n<li>Auftr\u00e4ge bearbeiten<\/li>\n<li>Sachg\u00fcter und Dienstleistungen beschaffen und Vertr\u00e4ge schlie\u00dfen<\/li>\n<li>Wertestr\u00f6me erfassen und beurteilen<\/li>\n<li>Personalwirtschaftliche Aufgaben wahrnehmen<\/li>\n<li>Liquidit\u00e4t sichern und Finanzierung vorbereiten<\/li>\n<li>Veranstaltungen und Gesch\u00e4ftsreisen organisieren<\/li>\n<\/ul>\n<h2>Unterrichtsschwerpunkte<\/h2>\n<p><strong>Berufsbezogene F\u00e4cher:<\/strong><\/p>\n<ul>\n<li>Betriebsprozesse<\/li>\n<li>Gesch\u00e4ftsprozesse<\/li>\n<li>Steuerung und Kontrolle<\/li>\n<li>Informationsverarbeitung<\/li>\n<\/ul>\n<p><strong>Berufs\u00fcbergreifende F\u00e4cher:<\/strong><\/p>\n<ul>\n<li>Deutsch\/Kommunikation<\/li>\n<li>Politik\/Gesellschaftslehre<\/li>\n<li>Religionslehre<\/li>\n<li>Sport\/Gesundheitsf\u00f6rderung<\/li>\n<\/ul>\n<h2 class=\"contentheading\">M\u00f6gliche Abschl\u00fcsse<\/h2>\n<ul>\n<li>Berufsabschlusspr\u00fcfung bei der SIHK Hagen<\/li>\n<li>Berufsschulabschluss an der Kaufmannsschule I<\/li>\n<li>Fachoberschulreife (unter bestimmten Voraussetzungen)<\/li>\n<li>Fachhochschulreife (<a href=\"https:\/\/www.k1-hagen.de\/wp-content\/uploads\/2024\/12\/Flyer-Doppelqualifizierung.pdf\">unter bestimmten Voraussetzungen<\/a>)<\/li>\n<\/ul>\n<h2 class=\"contentheading\">Zusatzqualifikationen<\/h2>\n<table border=\"0\">\n<tbody>\n<tr>\n<td valign=\"top\"><strong>Bezeichnung:<\/strong><\/td>\n<td valign=\"top\"><strong>KMK-Fremdsprachenzertifikat Englisch (Stufe II, entspricht B2 Englisch-Kompetenzstufe)<\/strong><\/td>\n<\/tr>\n<tr>\n<td valign=\"top\">Zielgruppe:<\/td>\n<td valign=\"top\">Auszubildende der Mittelstufe, die das Zertifikat mit der Niveaustufe B2 erwerben wollen<\/td>\n<\/tr>\n<tr>\n<td valign=\"top\">Vorausssetzungen\/Vorkenntnisse:<\/td>\n<td valign=\"top\">gute Englischkenntnisse und erfolgreiche Teilnahme am Englischunterricht<\/td>\n<\/tr>\n<tr>\n<td valign=\"top\">Inhalte:<\/td>\n<td valign=\"top\">In der Pr\u00fcfung wird F\u00e4higkeit, im beruflichen Alltag in der Fremdsprache Englisch zu kommunizieren, in vier Kompetenzbereichen unter Beweis gestellt (Rezeption, Produktion, Mediation und Interaktion)<\/td>\n<\/tr>\n<tr>\n<td valign=\"top\">Pr\u00fcfung:<\/td>\n<td valign=\"top\">Die Pr\u00fcfung besteht aus einem schriftlichen einem m\u00fcndlichen Teil. Gepr\u00fcft wird 120 Minuten schriftlich und 25 Minuten m\u00fcndlich.<\/td>\n<\/tr>\n<tr>\n<td valign=\"top\">Zeugnis bzw. Zertifikat:<\/td>\n<td valign=\"top\">Vermerk auf dem Zeugnis \u00fcber die erfolgreich bestandene Pr\u00fcfung, Zertifikat \u00fcber die KMK-Pr\u00fcfung<\/td>\n<\/tr>\n<tr>\n<td valign=\"top\">Termine:<\/td>\n<td valign=\"top\">i.d.R. am Anfang des zweiten Halbjahres im M\u00e4rz oder April, an der Kaufmannsschule I<\/td>\n<\/tr>\n<tr>\n<td valign=\"top\">Kosten:<\/td>\n<td valign=\"top\">keine<\/td>\n<\/tr>\n<tr>\n<td valign=\"top\">Ansprechpartner:<\/td>\n<td valign=\"top\"><a href=\"mailto:tl@k1-hagen.de\">Frau Beck, Frau Tullius<\/a><\/td>\n<\/tr>\n<tr>\n<td valign=\"top\"><\/td>\n<td valign=\"top\"><\/td>\n<\/tr>\n<tr>\n<td valign=\"top\"><\/td>\n<td valign=\"top\"><\/td>\n<\/tr>\n<tr>\n<td valign=\"top\"><\/td>\n<td valign=\"top\"><\/td>\n<\/tr>\n<tr>\n<td valign=\"top\"><\/td>\n<td valign=\"top\"><\/td>\n<\/tr>\n<tr>\n<td valign=\"top\"><\/td>\n<td valign=\"top\"><\/td>\n<\/tr>\n<tr>\n<td valign=\"top\"><\/td>\n<td valign=\"top\"><\/td>\n<\/tr>\n<tr>\n<td valign=\"top\"><\/td>\n<td valign=\"top\"><\/td>\n<\/tr>\n<tr>\n<td valign=\"top\"><\/td>\n<td valign=\"top\"><\/td>\n<\/tr>\n<tr>\n<td valign=\"top\"><\/td>\n<td valign=\"top\"><\/td>\n<\/tr>\n<tr>\n<td valign=\"top\"><\/td>\n<td valign=\"top\"><\/td>\n<\/tr>\n<\/tbody>\n<\/table>\n<h2 class=\"contentheading\">Weiterbildung<\/h2>\n<ul>\n<li>Besuch der Fachoberschule am Berufskolleg Kaufmannsschule II<\/li>\n<li>Fortbildung zum\/zur Bilanzbuchhalter\/in bei der SIHK Hagen<\/li>\n<li>Fortbildung zum\/zur Ausbilder\/in bei der SIHK Hagen<\/li>\n<li>Weiterbildung zum\/zur staatlich gepr\u00fcften Betriebswirt\/in am Berufskolleg der Stadt Hagen &#8211; KAUFMANNSSCHULE I<\/li>\n<\/ul>\n<p><strong>weitere Informationen:<\/strong>\u00a0<a href=\"http:\/\/www.sihk.de\/produktmarken\/bildung\/index.jsp\" target=\"_blank\" rel=\"noopener\">SIHK Hagen<\/a><\/p>\n","protected":false},"excerpt":{"rendered":"<p>Kaufmann\/ Kauffrau f\u00fcr B\u00fcromanagement Ausbildungsdauer 3 Jahre Voraussetzungen Erweiterter Erster Schulabschluss oder Mittlerer Schulabschluss Berufsschulunterricht Fachklassen in Teilzeitform (zweimal w\u00f6chentlich) Ausbildungsschwerpunkte\/ Lernfelder Die eigene Rolle im Betrieb mitgestalten und den Betrieb pr\u00e4sentieren B\u00fcroprozesse gestalten&#46;&#46;&#46;<\/p>\n","protected":false},"author":1,"featured_media":0,"parent":0,"menu_order":0,"comment_status":"closed","ping_status":"closed","template":"","meta":{"footnotes":""},"class_list":["post-380","page","type-page","status-publish","hentry"],"_links":{"self":[{"href":"https:\/\/www.k1-hagen.de\/index.php\/wp-json\/wp\/v2\/pages\/380","targetHints":{"allow":["GET"]}}],"collection":[{"href":"https:\/\/www.k1-hagen.de\/index.php\/wp-json\/wp\/v2\/pages"}],"about":[{"href":"https:\/\/www.k1-hagen.de\/index.php\/wp-json\/wp\/v2\/types\/page"}],"author":[{"embeddable":true,"href":"https:\/\/www.k1-hagen.de\/index.php\/wp-json\/wp\/v2\/users\/1"}],"replies":[{"embeddable":true,"href":"https:\/\/www.k1-hagen.de\/index.php\/wp-json\/wp\/v2\/comments?post=380"}],"version-history":[{"count":5,"href":"https:\/\/www.k1-hagen.de\/index.php\/wp-json\/wp\/v2\/pages\/380\/revisions"}],"predecessor-version":[{"id":2219,"href":"https:\/\/www.k1-hagen.de\/index.php\/wp-json\/wp\/v2\/pages\/380\/revisions\/2219"}],"wp:attachment":[{"href":"https:\/\/www.k1-hagen.de\/index.php\/wp-json\/wp\/v2\/media?parent=380"}],"curies":[{"name":"wp","href":"https:\/\/api.w.org\/{rel}","templated":true}]}}