{"id":374,"date":"2021-10-29T12:30:28","date_gmt":"2021-10-29T12:30:28","guid":{"rendered":"https:\/\/new.k1-hagen.de\/?page_id=374"},"modified":"2025-06-20T14:00:39","modified_gmt":"2025-06-20T14:00:39","slug":"industriekauffrau-mann","status":"publish","type":"page","link":"https:\/\/www.k1-hagen.de\/index.php\/industriekauffrau-mann\/","title":{"rendered":"Industriekauffrau\/-mann"},"content":{"rendered":"<div class=\"article-rel-wrapper\">\n<h1 class=\"contentheading\">Industriekauffrau\/-mann<\/h1>\n<\/div>\n<table border=\"0\">\n<tbody>\n<tr>\n<td align=\"left\" valign=\"top\"><strong>Ausbildungsdauer<\/strong><\/td>\n<td>3 Jahre<\/td>\n<\/tr>\n<tr>\n<td align=\"left\" valign=\"top\"><strong>Voraussetzungen<\/strong><\/td>\n<td>Hauptschulabschluss, m\u00f6glichst Fachoberschulreife<\/td>\n<\/tr>\n<tr>\n<td align=\"left\" valign=\"top\"><strong>Berufsschulunterricht<\/strong><\/td>\n<td>Fachklassen in Blockform (12 Wochen) und Teilzeitform (zweimal w\u00f6chentlich)<\/td>\n<\/tr>\n<\/tbody>\n<\/table>\n<h2 class=\"contentheading\">Ausbildungsschwerpunkte<\/h2>\n<ul>\n<li>In Ausbildung und Beruf orientieren<\/li>\n<li>Marktorientierte Gesch\u00e4ftsprozesse eines Industriebetriebes erfassen<\/li>\n<li>Wertestr\u00f6me erfassen und dokumentieren<\/li>\n<li>Wertsch\u00f6pfungsprozesse analysieren und beurteilen<\/li>\n<li>Leistungserstellungsprozesse planen, steuern und kontrollieren<\/li>\n<li>Beschaffungsprozesse planen, steuern und kontrollieren<\/li>\n<li>Personalwirtschaftliche Aufgaben wahrnehmen<\/li>\n<li>Jahresabschluss analysieren und bewerten<\/li>\n<li>Das Unternehmen im gesamt- und weltwirtschaftlichen Zusammenhang einordnen<\/li>\n<li>Absatzprozesse planen, steuern und kontrollieren<\/li>\n<li>Investitions- und Finanzierungsprozesse planen<\/li>\n<li>Unternehmensstrategien und\u00a0 -projekte umsetzen<\/li>\n<\/ul>\n<h2 class=\"contentheading\">Unterrichtsschwerpunkte<\/h2>\n<p><strong>Berufsbezogene F\u00e4cher:<\/strong><\/p>\n<ul>\n<li>Wirtschafts- und Sozialkunde<\/li>\n<li>Gesch\u00e4ftsprozesse<\/li>\n<li>Steuerung und Kontrolle<\/li>\n<li>Datenverarbeitung<\/li>\n<li>Fremdsprache (Wirtschaftsenglisch)<\/li>\n<\/ul>\n<p><strong>Differenzierungsbereich:<\/strong><\/p>\n<p>Ausgestaltet nach den M\u00f6glichkeiten der Schule und den Bed\u00fcrfnissen der Sch\u00fcler\/innen<\/p>\n<p><strong>Berufs\u00fcbergreifende F\u00e4cher:<\/strong><\/p>\n<ul>\n<li>Deutsch\/Kommunikation<\/li>\n<li>Politik\/Gesellschaftslehre<\/li>\n<li>Religionslehre<\/li>\n<li>Sport\/Gesundheitsf\u00f6rderung<\/li>\n<\/ul>\n<h2 class=\"contentheading\">M\u00f6gliche Abschl\u00fcsse<\/h2>\n<ul>\n<li>Berufsabschlusspr\u00fcfung bei der SIHK Hagen<\/li>\n<li>Berufsschulabschluss<\/li>\n<\/ul>\n<h2 class=\"contentheading\">Zusatzqualifikationen<\/h2>\n<table border=\"0\">\n<tbody>\n<tr>\n<td>Bezeichnung:<\/td>\n<td>IHK-Kammerzertifikat \u201eBusiness English Certificate\u201c<\/td>\n<\/tr>\n<tr>\n<td>Zielgruppe:<\/td>\n<td>Auszubildende, vornehmlich der Mittelstufe des Bildungsgangs<\/td>\n<\/tr>\n<tr>\n<td>Voraussetzungen\/Vorkenntnisse:<\/td>\n<td>Erfolgreiche Teilnahme am Englischunterricht der K1 nach Absprache und auf Empfehlung der Englischlehrer (schriftliche Bescheinigung)<\/td>\n<\/tr>\n<tr>\n<td>Inhalte:<\/td>\n<td>Englische Gesch\u00e4ftskommunikation in Wort und Schrift<\/td>\n<\/tr>\n<tr>\n<td>Pr\u00fcfung:<\/td>\n<td>Schriftliche Pr\u00fcfung: 145 Minuten und<br \/>\nM\u00fcndliche Pr\u00fcfung: 20 Minuten bei der IHK Dortmund<\/td>\n<\/tr>\n<tr>\n<td>Zeugnis bzw. Zertifikat:<\/td>\n<td>Zeugnis der IHK Dortmund, auf Wunsch auch in englischer Sprache<\/td>\n<\/tr>\n<tr>\n<td>Termine\/Dauer\/Stundenvolumen:<\/td>\n<td>1 Wochenstunde Englisch in der Unterstufe und 2 Wochenstunden in der Mittelstufe<\/td>\n<\/tr>\n<tr>\n<td>Kosten:<\/td>\n<td>77,00 \u20ac Pr\u00fcfungsgeb\u00fchr<\/td>\n<\/tr>\n<tr>\n<td>Ansprechpartner:<\/td>\n<td>Die Englischlehrer der K1 Hagen<\/td>\n<\/tr>\n<\/tbody>\n<\/table>\n<h2 class=\"contentheading\">Fort- bzw. Weiterbildung<\/h2>\n<ul>\n<li>Fortbildung zum\/zur Ausbilder\/in<\/li>\n<li>Fortbildung zum\/zur Industriefachwirt\/in<\/li>\n<li>Fortbildung zum\/zur staatlich gepr\u00fcften Betriebswirt\/in am Berufskolleg der Stadt Hagen &#8211; KAUFMANNSSCHULE I<\/li>\n<\/ul>\n<h2 class=\"contentheading\">Dualer ausbildungsintegrierter Studiengang Industriekauffrau\/Industriekaufmann<\/h2>\n<p>Informationen zu diesem Bildungsangebot finden Sie\u00a0<a href=\"https:\/\/k1-hagen.de\/index.php\/duales-studium\/\">hier<\/a>.<\/p>\n<h2 class=\"contentheading\">Haben Sie noch Fragen?<\/h2>\n<p><a href=\"mailto:ls@k1-hagen.de\">Herr L\u00f6scher<\/a>\u00a0ist gerne bereit, nach Terminabsprache mit Ihnen ein pers\u00f6nliches Gespr\u00e4ch zu f\u00fchren und Ihre Fragen zu beantworten.<\/p>\n","protected":false},"excerpt":{"rendered":"<p>Industriekauffrau\/-mann Ausbildungsdauer 3 Jahre Voraussetzungen Hauptschulabschluss, m\u00f6glichst Fachoberschulreife Berufsschulunterricht Fachklassen in Blockform (12 Wochen) und Teilzeitform (zweimal w\u00f6chentlich) Ausbildungsschwerpunkte In Ausbildung und Beruf orientieren Marktorientierte Gesch\u00e4ftsprozesse eines Industriebetriebes erfassen Wertestr\u00f6me erfassen und dokumentieren Wertsch\u00f6pfungsprozesse&#46;&#46;&#46;<\/p>\n","protected":false},"author":1,"featured_media":0,"parent":0,"menu_order":0,"comment_status":"closed","ping_status":"closed","template":"","meta":{"footnotes":""},"class_list":["post-374","page","type-page","status-publish","hentry"],"_links":{"self":[{"href":"https:\/\/www.k1-hagen.de\/index.php\/wp-json\/wp\/v2\/pages\/374","targetHints":{"allow":["GET"]}}],"collection":[{"href":"https:\/\/www.k1-hagen.de\/index.php\/wp-json\/wp\/v2\/pages"}],"about":[{"href":"https:\/\/www.k1-hagen.de\/index.php\/wp-json\/wp\/v2\/types\/page"}],"author":[{"embeddable":true,"href":"https:\/\/www.k1-hagen.de\/index.php\/wp-json\/wp\/v2\/users\/1"}],"replies":[{"embeddable":true,"href":"https:\/\/www.k1-hagen.de\/index.php\/wp-json\/wp\/v2\/comments?post=374"}],"version-history":[{"count":7,"href":"https:\/\/www.k1-hagen.de\/index.php\/wp-json\/wp\/v2\/pages\/374\/revisions"}],"predecessor-version":[{"id":2480,"href":"https:\/\/www.k1-hagen.de\/index.php\/wp-json\/wp\/v2\/pages\/374\/revisions\/2480"}],"wp:attachment":[{"href":"https:\/\/www.k1-hagen.de\/index.php\/wp-json\/wp\/v2\/media?parent=374"}],"curies":[{"name":"wp","href":"https:\/\/api.w.org\/{rel}","templated":true}]}}