{"id":371,"date":"2021-10-29T12:28:11","date_gmt":"2021-10-29T12:28:11","guid":{"rendered":"https:\/\/new.k1-hagen.de\/?page_id=371"},"modified":"2021-10-30T14:28:52","modified_gmt":"2021-10-30T14:28:52","slug":"fachlagerist-in","status":"publish","type":"page","link":"https:\/\/www.k1-hagen.de\/index.php\/fachlagerist-in\/","title":{"rendered":"Fachlagerist\/in"},"content":{"rendered":"<div class=\"article-rel-wrapper\">\n<h1 class=\"contentheading\">Fachlagerist\/in<\/h1>\n<\/div>\n<table border=\"0\">\n<tbody>\n<tr>\n<td align=\"left\" valign=\"top\"><strong>Ausbildungsdauer<\/strong><\/td>\n<td><\/td>\n<td>2 Jahre<\/td>\n<\/tr>\n<tr>\n<td align=\"left\" valign=\"top\"><strong>Voraussetzungen<\/strong><\/td>\n<td><\/td>\n<td>Hauptschulabschluss (10A)<\/td>\n<\/tr>\n<tr>\n<td align=\"left\" valign=\"top\"><strong>Berufsschulunterricht<\/strong><\/td>\n<td><\/td>\n<td>Fachklassen in Teilzeitform (zweimal w\u00f6chentlich)<\/td>\n<\/tr>\n<\/tbody>\n<\/table>\n<h2 class=\"contentheading\">Ausbildungsschwerpunkte<\/h2>\n<p><strong>Notwendige Fertigkeiten und Kenntnisse<\/strong><\/p>\n<ul>\n<li>Berufsbildung, Arbeits- und Tarifrecht<\/li>\n<li>Aufbau und Organisation des Ausbildungsbetriebes<\/li>\n<li>Sicherheit und Gesundheitsschutz bei der Arbeit<\/li>\n<li>Umweltschutz<\/li>\n<li>Arbeitsorganisation; Information und Kommunikation<\/li>\n<li>G\u00fcterkontrolle und qualit\u00e4tssichernde Ma\u00dfnahmen<\/li>\n<li>Einsatz von Arbeitsmitteln<\/li>\n<li>Annahme von G\u00fctern<\/li>\n<li>Lagerung von G\u00fctern<\/li>\n<li>Kommissionierung und Verpackung von G\u00fctern<\/li>\n<li>Versand von G\u00fctern<\/li>\n<\/ul>\n<p><strong>Erw\u00fcnschte Fertigkeiten und Kenntnisse<\/strong><\/p>\n<ul>\n<li>Anfertigen der Begleitpapiere<\/li>\n<li>Einfache Kenntnisse im Verkehr mit der Deutschen Bahn AG und der Deutschen Post AG<\/li>\n<\/ul>\n<h2 class=\"contentheading\">Unterrichtsschwerpunkte<\/h2>\n<p><strong>Berufsbezogene F\u00e4cher:<\/strong><\/p>\n<ul>\n<li>Lagerwirtschaftliche Prozesse<\/li>\n<li>Betriebliche G\u00fcterbewegungen<\/li>\n<li>Wirtschafts- und Betriebslehre<\/li>\n<li>Datenverarbeitung<\/li>\n<li>Fremdsprache<\/li>\n<\/ul>\n<p><strong>Differenzierungsbereich:<\/strong><\/p>\n<ul>\n<li>Unterst\u00fctzung bzw. Vertiefung von Lernprozessen<\/li>\n<li>Erwerb von Zusatzqualifikationen<\/li>\n<\/ul>\n<p><strong>Berufs\u00fcbergreifende F\u00e4cher:<\/strong><\/p>\n<ul>\n<li>Deutsch\/Kommunikation<\/li>\n<li>Politik\/Gesellschaftslehre<\/li>\n<li>Religionslehre<\/li>\n<li>Sport\/Gesundheitsf\u00f6rderung<\/li>\n<\/ul>\n<h2 class=\"contentheading\">M\u00f6gliche Abschl\u00fcsse<\/h2>\n<ul>\n<li>Berufsabschlusspr\u00fcfung bei der SIHK Hagen<\/li>\n<li>Berufsschulabschluss, durch den auch zus\u00e4tzliche Qualifikationen m\u00f6glich sind<\/li>\n<\/ul>\n<h2 class=\"contentheading\">Zusatzqualifikationen<\/h2>\n<table border=\"0\">\n<tbody>\n<tr>\n<td><strong>Bezeichnung:<\/strong><\/td>\n<td><a href=\"https:\/\/k1-hagen.de\/wp-content\/uploads\/2021\/10\/KMK_Zertifikat.pdf\">KMK-Zertifikat: Englisch (Niveaustufe B1)<\/a><\/td>\n<\/tr>\n<tr>\n<td>Zielgruppe:<\/td>\n<td>Sch\u00fcler\/-innen des Bildungsgangs, die noch keine Fachoberschulreife haben oder das Zertifikat erwerben wollen.<\/td>\n<\/tr>\n<tr>\n<td>Voraussetzungen\/Vorkenntnisse:<\/td>\n<td>Keine<\/td>\n<\/tr>\n<tr>\n<td>Inhalte:<\/td>\n<td>Erwerb von Englischkenntnissen auf der Niveaustufe B1 zur Erlangung der FOR<\/td>\n<\/tr>\n<tr>\n<td>Pr\u00fcfung:<\/td>\n<td>KMK-Pr\u00fcfung (im Hause durchgef\u00fchrt)<\/td>\n<\/tr>\n<tr>\n<td>Zeugnis bzw. Zertifikat:<\/td>\n<td>Zertifikat \u00fcber die KMK-Pr\u00fcfung<\/td>\n<\/tr>\n<tr>\n<td>Termine\/Dauer\/Stundenvolumen:<\/td>\n<td>Oberstufe des Bildungsgangs im Differenzierungsunterricht,<br \/>\n1 Wochenstunde von Schuljahresbeginn bis zur Pr\u00fcfung<\/td>\n<\/tr>\n<tr>\n<td>Kosten:<\/td>\n<td>Keine<\/td>\n<\/tr>\n<tr>\n<td>Ansprechpartner:<\/td>\n<td><a href=\"mailto:rl@k1-hagen.de\">Frau Lonn<\/a>,\u00a0<a href=\"mailto:%20%3Cscript%20language='JavaScript'%20type='text\/javascript'%3E%20%3C!--%20var%20prefix%20=%20'mailto:';%20var%20suffix%20=%20'';%20var%20attribs%20=%20'';%20var%20path%20=%20'hr'%20+%20'ef'%20+%20'=';%20var%20addy98509%20=%20'sw'%20+%20'@';%20addy98509%20=%20addy98509%20+%20'k1-hagen'%20+%20'.'%20+%20'de';%20document.write(%20'%3Ca%20'%20+%20path%20+%20'\\''%20+%20prefix%20+%20addy98509%20+%20suffix%20+%20'\\''%20+%20attribs%20+%20'%3E'%20);%20document.write(%20addy98509%20);%20document.write(%20'%3C\\\/a%3E'%20);%20\/\/--%3E%20%3C\/script%3E%3Cscript%20language='JavaScript'%20type='text\/javascript'%3E%20%3C!--%20document.write(%20'%3Cspan%20style=\\'display:%20none;\\'%3E'%20);%20\/\/--%3E%20%3C\/script%3EDiese%20E-Mail-Adresse%20ist%20gegen%20Spambots%20gesch%C3%BCtzt!%20JavaScript%20muss%20aktiviert%20werden,%20damit%20sie%20angezeigt%20werden%20kann.%20%3Cscript%20language='JavaScript'%20type='text\/javascript'%3E%20%3C!--%20document.write(%20'%3C\/'%20);%20document.write(%20'span%3E'%20);%20\/\/--%3E%20%3C\/script%3E\">Herr Schweitzer<\/a><\/td>\n<\/tr>\n<tr>\n<td valign=\"top\"><\/td>\n<td valign=\"top\"><\/td>\n<\/tr>\n<\/tbody>\n<\/table>\n<table border=\"0\">\n<tbody>\n<tr>\n<td><strong>Bezeichnung:<\/strong><\/td>\n<td><strong>Ersthelfer-Ausbildung (geplant)<\/strong><\/td>\n<\/tr>\n<tr>\n<td>Zielgruppe:<\/td>\n<td>Sch\u00fcler des Bildungsgangs<\/td>\n<\/tr>\n<tr>\n<td>Voraussetzungen\/Vorkenntnisse:<\/td>\n<td>keine<\/td>\n<\/tr>\n<tr>\n<td>Inhalte:<\/td>\n<td>Erste-Hilfe-Kenntnisse nach berufsgenossenschaftlichen Vorgaben<\/td>\n<\/tr>\n<tr>\n<td>Pr\u00fcfung:<\/td>\n<td>W\u00e4hrend des Seminars<\/td>\n<\/tr>\n<tr>\n<td>Zeugnis bzw. Zertifikat:<\/td>\n<td>Teilnahmebescheinigung<\/td>\n<\/tr>\n<tr>\n<td>Termine\/Dauer\/Stundenvolumen:<\/td>\n<td>Unterstufe des Bildungsgangs<br \/>\n2 Schultage von 8 bis 14 Uhr<\/td>\n<\/tr>\n<tr>\n<td>Kosten:<\/td>\n<td>Keine<\/td>\n<\/tr>\n<tr>\n<td>Ansprechpartner:<\/td>\n<td><a href=\"mailto:mae@k1-hagen.de\">Herr M\u00e4rker<\/a>,\u00a0<a href=\"mailto:sw@k1-hagen.de\">Herr Schweitzer<\/a><\/td>\n<\/tr>\n<\/tbody>\n<\/table>\n<h2 class=\"contentheading\">Weiterbildung<\/h2>\n<ul>\n<li>Ausbildung zur Fachkraft f\u00fcr Lagerlogistik (1 Jahr)<\/li>\n<li>Fortbildung zum \/ zur Ausbilder\/in<\/li>\n<li>zahlreiche Fort- und Weiterbildungsm\u00f6glichkeiten bei der SIHK Hagen<\/li>\n<\/ul>\n","protected":false},"excerpt":{"rendered":"<p>Fachlagerist\/in Ausbildungsdauer 2 Jahre Voraussetzungen Hauptschulabschluss (10A) Berufsschulunterricht Fachklassen in Teilzeitform (zweimal w\u00f6chentlich) Ausbildungsschwerpunkte Notwendige Fertigkeiten und Kenntnisse Berufsbildung, Arbeits- und Tarifrecht Aufbau und Organisation des Ausbildungsbetriebes Sicherheit und Gesundheitsschutz bei der Arbeit Umweltschutz&#46;&#46;&#46;<\/p>\n","protected":false},"author":1,"featured_media":0,"parent":0,"menu_order":0,"comment_status":"closed","ping_status":"closed","template":"","meta":{"footnotes":""},"class_list":["post-371","page","type-page","status-publish","hentry"],"_links":{"self":[{"href":"https:\/\/www.k1-hagen.de\/index.php\/wp-json\/wp\/v2\/pages\/371","targetHints":{"allow":["GET"]}}],"collection":[{"href":"https:\/\/www.k1-hagen.de\/index.php\/wp-json\/wp\/v2\/pages"}],"about":[{"href":"https:\/\/www.k1-hagen.de\/index.php\/wp-json\/wp\/v2\/types\/page"}],"author":[{"embeddable":true,"href":"https:\/\/www.k1-hagen.de\/index.php\/wp-json\/wp\/v2\/users\/1"}],"replies":[{"embeddable":true,"href":"https:\/\/www.k1-hagen.de\/index.php\/wp-json\/wp\/v2\/comments?post=371"}],"version-history":[{"count":2,"href":"https:\/\/www.k1-hagen.de\/index.php\/wp-json\/wp\/v2\/pages\/371\/revisions"}],"predecessor-version":[{"id":731,"href":"https:\/\/www.k1-hagen.de\/index.php\/wp-json\/wp\/v2\/pages\/371\/revisions\/731"}],"wp:attachment":[{"href":"https:\/\/www.k1-hagen.de\/index.php\/wp-json\/wp\/v2\/media?parent=371"}],"curies":[{"name":"wp","href":"https:\/\/api.w.org\/{rel}","templated":true}]}}