{"id":345,"date":"2021-10-27T16:12:27","date_gmt":"2021-10-27T16:12:27","guid":{"rendered":"https:\/\/new.k1-hagen.de\/?page_id=345"},"modified":"2024-08-07T08:27:45","modified_gmt":"2024-08-07T08:27:45","slug":"berufsschule","status":"publish","type":"page","link":"https:\/\/www.k1-hagen.de\/index.php\/berufsschule\/","title":{"rendered":"Berufsschule"},"content":{"rendered":"<div class=\"article-rel-wrapper\">\n<h2 class=\"contentheading\">Berufsschule<\/h2>\n<\/div>\n<p><strong>Wir sind Partner&#8230;<\/strong><br \/>\n&#8230;von Industrie, Gro\u00dfhandel, Kreditinstituten, \u00c4rzten, Zahn\u00e4rzten, Apothekern, Steuerberatern, kommunalen Verwaltungen, Eisenbahnunternehmen im Dualen System der Berufsbildung in kaufm\u00e4nnischen und verwaltenden Berufen.<\/p>\n<p>Die meisten Auszubildenden werden im schulischen Teil ihrer Berufsausbildung am Berufskolleg der Stadt Hagen &#8211; KAUFMANNSSCHULE 1 in Teilzeitform an zwei Wochentagen unterrichtet. Bankkaufleute, Verwaltungsfachangestellte und Eisenbahner im Betriebsdienst erhalten Unterricht in Blockform (z. Z. 13- bzw. 6-Wochen-Bl\u00f6cke).<\/p>\n<p>Die Anmeldung zur\u00a0<strong>Ausbildungsvorbereitung<\/strong>\u00a0erfolgt in der\u00a0der Regel im Februar nach Erhalt der Halbjahreszeugnisse\u00a0und zwar im <a href=\"https:\/\/schulbewerbung.de\/app\/startseite\">[<strong>Anmeldeverfahren \u00fcber Schulbewerbung.de<\/strong>]<\/a>.<\/p>\n<p>Die Anmeldung zur<strong>\u00a0Berufsschule<\/strong>\u00a0erfolgt\u00a0nach Abschluss des Ausbildungsvertrages\u00a0und zwar im\u00a0<a href=\"https:\/\/schulbewerbung.de\/app\/startseite\">[<strong>Anmeldeverfahren \u00fcber Schulbewerbung.de<\/strong>]<\/a>.<\/p>\n<p>N\u00e4here Informationen zur Online-Anmeldung f\u00fcr alle Bildungsg\u00e4nge erhalten Sie im Sekretariat der K1.<\/p>\n<p>&nbsp;<\/p>\n<p><strong>Hinweise zum Erwerb der Fachhochschulreife in der Berufsausbildung (Doppelqualifizierung) gibt es <a href=\"https:\/\/www.k1-hagen.de\/index.php\/infomaterial\/\">[hier]<\/a>.<\/strong><\/p>\n","protected":false},"excerpt":{"rendered":"<p>Berufsschule Wir sind Partner&#8230; &#8230;von Industrie, Gro\u00dfhandel, Kreditinstituten, \u00c4rzten, Zahn\u00e4rzten, Apothekern, Steuerberatern, kommunalen Verwaltungen, Eisenbahnunternehmen im Dualen System der Berufsbildung in kaufm\u00e4nnischen und verwaltenden Berufen. Die meisten Auszubildenden werden im schulischen Teil ihrer Berufsausbildung&#46;&#46;&#46;<\/p>\n","protected":false},"author":1,"featured_media":0,"parent":0,"menu_order":0,"comment_status":"closed","ping_status":"closed","template":"","meta":{"footnotes":""},"class_list":["post-345","page","type-page","status-publish","hentry"],"_links":{"self":[{"href":"https:\/\/www.k1-hagen.de\/index.php\/wp-json\/wp\/v2\/pages\/345","targetHints":{"allow":["GET"]}}],"collection":[{"href":"https:\/\/www.k1-hagen.de\/index.php\/wp-json\/wp\/v2\/pages"}],"about":[{"href":"https:\/\/www.k1-hagen.de\/index.php\/wp-json\/wp\/v2\/types\/page"}],"author":[{"embeddable":true,"href":"https:\/\/www.k1-hagen.de\/index.php\/wp-json\/wp\/v2\/users\/1"}],"replies":[{"embeddable":true,"href":"https:\/\/www.k1-hagen.de\/index.php\/wp-json\/wp\/v2\/comments?post=345"}],"version-history":[{"count":14,"href":"https:\/\/www.k1-hagen.de\/index.php\/wp-json\/wp\/v2\/pages\/345\/revisions"}],"predecessor-version":[{"id":2071,"href":"https:\/\/www.k1-hagen.de\/index.php\/wp-json\/wp\/v2\/pages\/345\/revisions\/2071"}],"wp:attachment":[{"href":"https:\/\/www.k1-hagen.de\/index.php\/wp-json\/wp\/v2\/media?parent=345"}],"curies":[{"name":"wp","href":"https:\/\/api.w.org\/{rel}","templated":true}]}}