{"id":336,"date":"2021-10-27T16:08:53","date_gmt":"2021-10-27T16:08:53","guid":{"rendered":"https:\/\/new.k1-hagen.de\/?page_id=336"},"modified":"2023-11-27T09:15:21","modified_gmt":"2023-11-27T09:15:21","slug":"einjaehrige-berufsfachschule-typ-1","status":"publish","type":"page","link":"https:\/\/www.k1-hagen.de\/index.php\/einjaehrige-berufsfachschule-typ-1\/","title":{"rendered":"Einj\u00e4hrige Berufsfachschule Typ 1"},"content":{"rendered":"<div class=\"article-rel-wrapper\">\n<h1 class=\"contentheading\">Einj\u00e4hrige Berufsfachschule f\u00fcr Wirtschaft und Verwaltung (fr\u00fcher Handelsschule) Typ I<\/h1>\n<\/div>\n<div>Der Schulbesuch ist mit einem verpflichtenden Praktikum an einem Tag in der Woche verbunden. (Beginn nach den Herbstferien)<\/div>\n<div><\/div>\n<p><strong><br \/>\nAufnahmevoraussetzungen<\/strong><\/p>\n<p>Erster Schulabschluss (HS9)<\/p>\n<p><strong>Anmeldung<\/strong><\/p>\n<p>Folgende Unterlagen sind erforderlich:<\/p>\n<ul>\n<li>ausgedrucktes und unterschriebenes Anmeldeformular <a href=\"https:\/\/schulbewerbung.de\/app\/startseite\" target=\"_blank\" rel=\"noopener\">[<strong>Anmeldeverfahren \u00fcber Schulbewerbung.de<\/strong>]<\/a>.<\/li>\n<li>letztes Halbjahreszeugnis in beglaubigter Kopie<\/li>\n<li>Tabellarischer Lebenslauf mit Lichtbild<\/li>\n<li>Anschlussvereinbarung (KAoA)<\/li>\n<li>Kopie des Personalausweises\/Passports (oder g\u00fcltige Aufenthaltsgenehmigung)<\/li>\n<\/ul>\n<h2 class=\"contentheading\">Unterrichtsschwerpunkte<\/h2>\n<p><strong>Berufsbezogener Lernbereich<\/strong><\/p>\n<ul>\n<li>Bereichsspezifische F\u00e4cher\n<ul>\n<li>Gesch\u00e4ftsprozesse im Unternehmen<\/li>\n<li>Personalbezogene Prozesse<\/li>\n<\/ul>\n<\/li>\n<li>Mathematik<\/li>\n<li>Englisch<\/li>\n<\/ul>\n<p><strong>Berufs\u00fcbergreifender Lernbereich<\/strong><\/p>\n<ul>\n<li>Deutsch\/Kommunikation<\/li>\n<li>Religionslehre<\/li>\n<li>Sport\/Gesundheitsf\u00f6rderung<\/li>\n<li>Politik\/Gesellschaftslehre<\/li>\n<\/ul>\n<p><strong>Differenzierungsbereich<\/strong><\/p>\n<ul>\n<li>Gemeinsam Leben<\/li>\n<\/ul>\n<h2 class=\"contentheading\">Abschl\u00fcsse<\/h2>\n<ul>\n<li>Abschlusszeugnis mit dem Nachweis beruflicher Kenntnisse, F\u00e4higkeiten und Fertigkeiten<\/li>\n<li>Erweiterter Erster Schulabschluss (HS10)<\/li>\n<\/ul>\n<h2 class=\"contentheading\">Berechtigungen<\/h2>\n<p>Der erfolgreiche Abschluss der Berufsfachschule Typ I berechtigt zum Besuch der Berufsfachschule Typ II. Hier kann neben dem Mittleren Schulabschluss der Qualifikationsvermerk zum Besuch der gymnasialen Oberstufe erworben werden.<\/p>\n","protected":false},"excerpt":{"rendered":"<p>Einj\u00e4hrige Berufsfachschule f\u00fcr Wirtschaft und Verwaltung (fr\u00fcher Handelsschule) Typ I Der Schulbesuch ist mit einem verpflichtenden Praktikum an einem Tag in der Woche verbunden. (Beginn nach den Herbstferien) Aufnahmevoraussetzungen Erster Schulabschluss (HS9) Anmeldung Folgende&#46;&#46;&#46;<\/p>\n","protected":false},"author":1,"featured_media":0,"parent":0,"menu_order":0,"comment_status":"closed","ping_status":"closed","template":"","meta":{"footnotes":""},"class_list":["post-336","page","type-page","status-publish","hentry"],"_links":{"self":[{"href":"https:\/\/www.k1-hagen.de\/index.php\/wp-json\/wp\/v2\/pages\/336","targetHints":{"allow":["GET"]}}],"collection":[{"href":"https:\/\/www.k1-hagen.de\/index.php\/wp-json\/wp\/v2\/pages"}],"about":[{"href":"https:\/\/www.k1-hagen.de\/index.php\/wp-json\/wp\/v2\/types\/page"}],"author":[{"embeddable":true,"href":"https:\/\/www.k1-hagen.de\/index.php\/wp-json\/wp\/v2\/users\/1"}],"replies":[{"embeddable":true,"href":"https:\/\/www.k1-hagen.de\/index.php\/wp-json\/wp\/v2\/comments?post=336"}],"version-history":[{"count":9,"href":"https:\/\/www.k1-hagen.de\/index.php\/wp-json\/wp\/v2\/pages\/336\/revisions"}],"predecessor-version":[{"id":1856,"href":"https:\/\/www.k1-hagen.de\/index.php\/wp-json\/wp\/v2\/pages\/336\/revisions\/1856"}],"wp:attachment":[{"href":"https:\/\/www.k1-hagen.de\/index.php\/wp-json\/wp\/v2\/media?parent=336"}],"curies":[{"name":"wp","href":"https:\/\/api.w.org\/{rel}","templated":true}]}}