{"id":2120,"date":"2024-09-09T09:04:28","date_gmt":"2024-09-09T09:04:28","guid":{"rendered":"https:\/\/www.k1-hagen.de\/?page_id=2120"},"modified":"2024-09-09T09:24:40","modified_gmt":"2024-09-09T09:24:40","slug":"teilzeit","status":"publish","type":"page","link":"https:\/\/www.k1-hagen.de\/index.php\/teilzeit\/","title":{"rendered":"Ausbildungsvorbereitung &#8211; Teilzeit"},"content":{"rendered":"<p><strong>Dauer des Bildungsganges: 1 Jahr<\/strong><\/p>\n<p>&nbsp;<\/p>\n<p><strong>Aufnahmevoraussetzungen<\/strong><\/p>\n<p>Die Ausbildungsvorbereitung ist f\u00fcr Sch\u00fcler und Sch\u00fclerinnen ohne Schulabschluss vorgesehen.<\/p>\n<p>In die Ausbildungsvorbereitung werden in der Regel die Sch\u00fclerinnen und Sch\u00fcler aufgenommen,<\/p>\n<ul>\n<li>die sich in einem sozialversicherungspflichtigen Arbeitsverh\u00e4ltnis befinden oder an einer Ma\u00dfnahme zur beruflichen Orientierung und zur Vorbereitung auf eine Berufsausbildung teilnehmen,<\/li>\n<li>die sich auf eine Berufsausbildung vorbereiten wollen;<\/li>\n<li>die die Schulpflicht in der Primarstufe und der Sekundarstufe I erf\u00fcllt haben,<\/li>\n<li>die sich in keinem Berufsausbildungsverh\u00e4ltnis nach dem BBiG oder HwO befinden.<\/li>\n<\/ul>\n<p>&nbsp;<\/p>\n<p><strong>M\u00f6glicher Abschluss<\/strong><\/p>\n<p>Der Bildungsgang erm\u00f6glicht den Ersten Schulabschluss sowie berufliche Kenntnisse, F\u00e4higkeiten und Fertigkeiten im Fachbereich Wirtschaft und Verwaltung.<\/p>\n<p>&nbsp;<\/p>\n<p><strong>Berechtigung<\/strong><\/p>\n<p>Der erfolgreiche Abschluss der Ausbildungsvorbereitung berechtigt z.B. zum Besuch der Berufsfachschule Typ I.<\/p>\n<p>&nbsp;<\/p>\n<p><strong>Berufsschulunterricht<\/strong><\/p>\n<p>Teilzeitunterricht am Berufskolleg der Stadt Hagen \u2013 Kaufmannsschule I an zwei Berufsschultagen in der Woche.<\/p>\n<p>&nbsp;<\/p>\n<p><strong>Lernbereiche und F\u00e4cher<\/strong><\/p>\n<p><em><strong>Berufsbezogener Lernbereich<\/strong><\/em><\/p>\n<ul>\n<li>Gesch\u00e4ftsprozesse im Unternehmen<\/li>\n<li>Personalbezogene Prozesse<\/li>\n<li>Gesamtwirtschaftliche Prozesse<\/li>\n<li>Mathematik<\/li>\n<li>Englisch<\/li>\n<\/ul>\n<p>&nbsp;<\/p>\n<p><em><strong>Berufs\u00fcbergreifender Lernbereich<\/strong><\/em><\/p>\n<ul>\n<li>Deutsch\/Kommunikation<\/li>\n<li>Religionslehre<\/li>\n<li>Sport\/Gesundheitsf\u00f6rderung<\/li>\n<li>Politik\/Gesellschaftslehre<\/li>\n<\/ul>\n<p>&nbsp;<\/p>\n<p><strong><em>Differenzierungsbereich<\/em><\/strong><\/p>\n<p>&nbsp;<\/p>\n<p><strong>Anmeldung<\/strong><\/p>\n<p>Die Anmeldung nehmen Sie bitte online \u00fcber<\/p>\n<p><a href=\"https:\/\/www.schueleranmeldung.de\/ProdB\/Startseiten\/login.aspx\">Sch\u00fcler Online | Login-Bereich und Hilfen zur Benutzung der Anwendung (schueleranmeldung.de)<\/a> vor.<\/p>\n<p>&nbsp;<\/p>\n<p><strong>Ansprechpartner<\/strong><\/p>\n<p>Frau StD\u00b4 Wosch, Fachbereichsleiterin, steht Ihnen gerne f\u00fcr weitere Informationen zur Verf\u00fcgung.<\/p>\n","protected":false},"excerpt":{"rendered":"<p>Dauer des Bildungsganges: 1 Jahr &nbsp; Aufnahmevoraussetzungen Die Ausbildungsvorbereitung ist f\u00fcr Sch\u00fcler und Sch\u00fclerinnen ohne Schulabschluss vorgesehen. In die Ausbildungsvorbereitung werden in der Regel die Sch\u00fclerinnen und Sch\u00fcler aufgenommen, die sich in einem sozialversicherungspflichtigen&#46;&#46;&#46;<\/p>\n","protected":false},"author":1,"featured_media":0,"parent":0,"menu_order":0,"comment_status":"closed","ping_status":"closed","template":"","meta":{"footnotes":""},"class_list":["post-2120","page","type-page","status-publish","hentry"],"_links":{"self":[{"href":"https:\/\/www.k1-hagen.de\/index.php\/wp-json\/wp\/v2\/pages\/2120","targetHints":{"allow":["GET"]}}],"collection":[{"href":"https:\/\/www.k1-hagen.de\/index.php\/wp-json\/wp\/v2\/pages"}],"about":[{"href":"https:\/\/www.k1-hagen.de\/index.php\/wp-json\/wp\/v2\/types\/page"}],"author":[{"embeddable":true,"href":"https:\/\/www.k1-hagen.de\/index.php\/wp-json\/wp\/v2\/users\/1"}],"replies":[{"embeddable":true,"href":"https:\/\/www.k1-hagen.de\/index.php\/wp-json\/wp\/v2\/comments?post=2120"}],"version-history":[{"count":5,"href":"https:\/\/www.k1-hagen.de\/index.php\/wp-json\/wp\/v2\/pages\/2120\/revisions"}],"predecessor-version":[{"id":2138,"href":"https:\/\/www.k1-hagen.de\/index.php\/wp-json\/wp\/v2\/pages\/2120\/revisions\/2138"}],"wp:attachment":[{"href":"https:\/\/www.k1-hagen.de\/index.php\/wp-json\/wp\/v2\/media?parent=2120"}],"curies":[{"name":"wp","href":"https:\/\/api.w.org\/{rel}","templated":true}]}}