{"id":1979,"date":"2024-04-26T13:06:34","date_gmt":"2024-04-26T13:06:34","guid":{"rendered":"https:\/\/www.k1-hagen.de\/?page_id=1979"},"modified":"2025-05-28T12:06:06","modified_gmt":"2025-05-28T12:06:06","slug":"bewerbungsunterlagen-praktikum-polen","status":"publish","type":"page","link":"https:\/\/www.k1-hagen.de\/index.php\/bewerbungsunterlagen-praktikum-polen\/","title":{"rendered":"Bewerbungsunterlagen Praktikum Polen"},"content":{"rendered":"<p>&nbsp;<\/p>\n<p><a href=\"https:\/\/www.k1-hagen.de\/index.php\/bewerbungsunterlagen-praktikum-polen\/img_1280\/\" rel=\"attachment wp-att-2418\"><img loading=\"lazy\" decoding=\"async\" class=\"alignnone size-full wp-image-2418\" src=\"https:\/\/www.k1-hagen.de\/wp-content\/uploads\/2025\/05\/IMG_1280.jpeg\" alt=\"\" width=\"1536\" height=\"1960\" srcset=\"https:\/\/www.k1-hagen.de\/wp-content\/uploads\/2025\/05\/IMG_1280.jpeg 1536w, https:\/\/www.k1-hagen.de\/wp-content\/uploads\/2025\/05\/IMG_1280-235x300.jpeg 235w, https:\/\/www.k1-hagen.de\/wp-content\/uploads\/2025\/05\/IMG_1280-802x1024.jpeg 802w, https:\/\/www.k1-hagen.de\/wp-content\/uploads\/2025\/05\/IMG_1280-768x980.jpeg 768w, https:\/\/www.k1-hagen.de\/wp-content\/uploads\/2025\/05\/IMG_1280-1204x1536.jpeg 1204w\" sizes=\"auto, (max-width: 1536px) 100vw, 1536px\" \/><\/a><\/p>\n<p>&nbsp;<\/p>\n<p><strong>Hier kommen Sie zu den Unterlagen:<\/strong><\/p>\n<p>&nbsp;<\/p>\n<ul>\n<li><a href=\"https:\/\/www.k1-hagen.de\/wp-content\/uploads\/2025\/05\/Bewerbungsformular_Erasmus_2025-1.pdf\"><strong>Einstellungsformular (bitte Teil 1 ausf\u00fcllen!)<\/strong><\/a><\/li>\n<\/ul>\n<p>&nbsp;<\/p>\n<ul>\n<li><a href=\"https:\/\/www.k1-hagen.de\/wp-content\/uploads\/2025\/05\/Einverstaendniserklaerung-fuer-die-Verwendung-der-persoenlichen-Daten_2025.pdf\"><strong>Einverst\u00e4ndniserkl\u00e4rung f\u00fcr die Verwendung der pers\u00f6nlichen Daten, des Bildes, des Tons und der Filmver\u00f6ffentlichung (bitte unterschreiben!)<\/strong><\/a><\/li>\n<\/ul>\n<p>&nbsp;<\/p>\n<ul>\n<li><a href=\"https:\/\/www.k1-hagen.de\/wp-content\/uploads\/2025\/05\/Erasmus_-Kriterien_2025.pdf\"><strong>Regeln f\u00fcr die Rekrutierung (Auswahlkriterien zur Einsicht)<\/strong><\/a><\/li>\n<\/ul>\n<p>&nbsp;<\/p>\n","protected":false},"excerpt":{"rendered":"<p>&nbsp; &nbsp; Hier kommen Sie zu den Unterlagen: &nbsp; Einstellungsformular (bitte Teil 1 ausf\u00fcllen!) &nbsp; Einverst\u00e4ndniserkl\u00e4rung f\u00fcr die Verwendung der pers\u00f6nlichen Daten, des Bildes, des Tons und der Filmver\u00f6ffentlichung (bitte unterschreiben!) &nbsp; Regeln f\u00fcr&#46;&#46;&#46;<\/p>\n","protected":false},"author":1,"featured_media":0,"parent":0,"menu_order":0,"comment_status":"closed","ping_status":"closed","template":"","meta":{"footnotes":""},"class_list":["post-1979","page","type-page","status-publish","hentry"],"_links":{"self":[{"href":"https:\/\/www.k1-hagen.de\/index.php\/wp-json\/wp\/v2\/pages\/1979","targetHints":{"allow":["GET"]}}],"collection":[{"href":"https:\/\/www.k1-hagen.de\/index.php\/wp-json\/wp\/v2\/pages"}],"about":[{"href":"https:\/\/www.k1-hagen.de\/index.php\/wp-json\/wp\/v2\/types\/page"}],"author":[{"embeddable":true,"href":"https:\/\/www.k1-hagen.de\/index.php\/wp-json\/wp\/v2\/users\/1"}],"replies":[{"embeddable":true,"href":"https:\/\/www.k1-hagen.de\/index.php\/wp-json\/wp\/v2\/comments?post=1979"}],"version-history":[{"count":8,"href":"https:\/\/www.k1-hagen.de\/index.php\/wp-json\/wp\/v2\/pages\/1979\/revisions"}],"predecessor-version":[{"id":2419,"href":"https:\/\/www.k1-hagen.de\/index.php\/wp-json\/wp\/v2\/pages\/1979\/revisions\/2419"}],"wp:attachment":[{"href":"https:\/\/www.k1-hagen.de\/index.php\/wp-json\/wp\/v2\/media?parent=1979"}],"curies":[{"name":"wp","href":"https:\/\/api.w.org\/{rel}","templated":true}]}}