{"id":1794,"date":"2023-11-15T11:24:11","date_gmt":"2023-11-15T11:24:11","guid":{"rendered":"https:\/\/www.k1-hagen.de\/?page_id=1794"},"modified":"2023-11-15T11:30:35","modified_gmt":"2023-11-15T11:30:35","slug":"erasmus-besuch-von-expertinnen-unserer-partnerschule-aus-raciborz-polen","status":"publish","type":"page","link":"https:\/\/www.k1-hagen.de\/index.php\/erasmus-besuch-von-expertinnen-unserer-partnerschule-aus-raciborz-polen\/","title":{"rendered":"\u201eErasmus+\u201c-Besuch von Expertinnen unserer Partnerschule aus Racib\u00f3rz, Polen"},"content":{"rendered":"<h1 class=\"post-title entry-title\"><span style=\"font-size: 16px;\">Als Europabeauftragte des Berufskollegs der Stadt Hagen \u2013 Kaufmannsschule I freue ich mich, Ihnen einen Bericht \u00fcber einen erfolgreichen Besuch im Rahmen des \u201eErasmus+\u201c-Lernprogramms pr\u00e4sentieren zu d\u00fcrfen. Unsere Schule hatte im September die Ehre, die renommierten Expertinnen Beata Gawlik und Anna Jaroniak von unserer Partnerschule ZESP\u00d3\u0141 SZK\u00d3\u0141 EKONOMICZNYCH W RACIBORZU aus Racib\u00f3rz, Polen, willkommen zu hei\u00dfen.<\/span><\/h1>\n<div class=\"entry themeform\">\n<div class=\"entry-inner\">\n<p>&nbsp;<\/p>\n<p>Der Besuch erstreckte sich \u00fcber vier Tage, in denen die Expertinnen nicht nur Einblicke in den Unterricht unserer verschiedenen Klassen erhielten, sondern sich besonders intensiv mit den Sch\u00fclerinnen und Sch\u00fclern im Bildungsgang \u201eFachkraft f\u00fcr Lagerlogistik\u201c auseinandersetzten. Zus\u00e4tzlich fanden konstruktive Gespr\u00e4che im Rahmen der Bildungsgangkonferenz \u201eFachkr\u00e4fte f\u00fcr Lagerlogistik\u201c statt, in denen Ideen f\u00fcr eine zuk\u00fcnftige weitere Zusammenarbeit diskutiert wurden.<\/p>\n<p>&nbsp;<\/p>\n<p>Die Besprechungen mit unseren engagierten Kolleginnen und Kollegen sowie die abschlie\u00dfenden gemeinsamen Aktivit\u00e4ten, darunter ein Kaffeetrinken und Essen mit unserer Schulleiterin Frau OStD` Carolina H\u00f6nninger und der \u201eArbeitsgruppe Austausch\u201c, boten eine Plattform, um Perspektiven f\u00fcr eine vertiefte Kooperation zu entwickeln. Unter anderem wurden M\u00f6glichkeiten f\u00fcr den Sch\u00fcleraustausch im Bereich Logistik, inklusive betrieblicher Praktika vor Ort, er\u00f6rtert.<\/p>\n<p>&nbsp;<\/p>\n<p>Der Besuch der Expertinnen war jedoch nicht nur auf schulische Angelegenheiten beschr\u00e4nkt. Die Gelegenheit, sich mit unseren Kolleginnen und Kollegen auch au\u00dferhalb der Schule auszutauschen, erm\u00f6glichte die Schaffung eines erweiterten kulturellen Verst\u00e4ndnisses und ein Kn\u00fcpfen von Freundschaften. Die Teilnahme an einer gelungenen Stadtf\u00fchrung und Wanderung durch Hagen erlaubte den G\u00e4sten, die interessanten Orte der Stadt und die Sch\u00f6nheit der umgebenden Landschaft kennenzulernen.<\/p>\n<p>&nbsp;<\/p>\n<p>Nach vier aufschlussreichen und anregenden Besuchstagen verabschiedeten wir die Expertinnen herzlich am Flughafen Dortmund. Dort trafen sie \u00fcberraschenderweise auf die Bundesligamannschaft des BVB, was zu gemeinsamen Fotos und einem unvergesslichen Abschiedsmoment f\u00fchrte.<\/p>\n<p>&nbsp;<\/p>\n<p>Die Zusammenarbeit mit unserer Partnerschule setzt sich selbstverst\u00e4ndlich fort. Ein intensiver Austausch findet nahezu w\u00f6chentlich statt, und wir schmieden bereits Pl\u00e4ne f\u00fcr die Vertiefung unserer Kooperation in der Zukunft. Diese Begegnung war nicht nur eine Bereicherung f\u00fcr die Sch\u00fclerinnen und Sch\u00fcler, sondern st\u00e4rkte auch die internationalen Bindungen und den kulturellen Austausch zwischen unseren Schulen. Wir freuen uns auf die Fortsetzung dieser fruchtbaren Zusammenarbeit im Rahmen des \u201eErasmus+\u201c-Programms.<\/p>\n<p>&nbsp;<\/p>\n<p>Marzena Wosch, Europabeauftragte des Berufskollegs der Stadt Hagen \u2013 Kaufmannsschule I<\/p>\n<\/div>\n<\/div>\n","protected":false},"excerpt":{"rendered":"<p>Als Europabeauftragte des Berufskollegs der Stadt Hagen \u2013 Kaufmannsschule I freue ich mich, Ihnen einen Bericht \u00fcber einen erfolgreichen Besuch im Rahmen des \u201eErasmus+\u201c-Lernprogramms pr\u00e4sentieren zu d\u00fcrfen. Unsere Schule hatte im September die Ehre,&#46;&#46;&#46;<\/p>\n","protected":false},"author":1,"featured_media":0,"parent":0,"menu_order":0,"comment_status":"closed","ping_status":"closed","template":"","meta":{"footnotes":""},"class_list":["post-1794","page","type-page","status-publish","hentry"],"_links":{"self":[{"href":"https:\/\/www.k1-hagen.de\/index.php\/wp-json\/wp\/v2\/pages\/1794","targetHints":{"allow":["GET"]}}],"collection":[{"href":"https:\/\/www.k1-hagen.de\/index.php\/wp-json\/wp\/v2\/pages"}],"about":[{"href":"https:\/\/www.k1-hagen.de\/index.php\/wp-json\/wp\/v2\/types\/page"}],"author":[{"embeddable":true,"href":"https:\/\/www.k1-hagen.de\/index.php\/wp-json\/wp\/v2\/users\/1"}],"replies":[{"embeddable":true,"href":"https:\/\/www.k1-hagen.de\/index.php\/wp-json\/wp\/v2\/comments?post=1794"}],"version-history":[{"count":1,"href":"https:\/\/www.k1-hagen.de\/index.php\/wp-json\/wp\/v2\/pages\/1794\/revisions"}],"predecessor-version":[{"id":1796,"href":"https:\/\/www.k1-hagen.de\/index.php\/wp-json\/wp\/v2\/pages\/1794\/revisions\/1796"}],"wp:attachment":[{"href":"https:\/\/www.k1-hagen.de\/index.php\/wp-json\/wp\/v2\/media?parent=1794"}],"curies":[{"name":"wp","href":"https:\/\/api.w.org\/{rel}","templated":true}]}}