{"id":117,"date":"2021-04-08T10:45:58","date_gmt":"2021-04-08T10:45:58","guid":{"rendered":"https:\/\/new.k1-hagen.de\/?page_id=117"},"modified":"2024-08-11T08:33:41","modified_gmt":"2024-08-11T08:33:41","slug":"bildungsgaenge","status":"publish","type":"page","link":"https:\/\/www.k1-hagen.de\/index.php\/bildungsgaenge\/","title":{"rendered":"Bildungsg\u00e4nge"},"content":{"rendered":"\r\n<h1>Bildungsg\u00e4nge<\/h1>\r\n<p>Hier k\u00f6nnen Sie sich \u00fcber die an der K1 angebotenen Bildungsg\u00e4nge informieren. W\u00e4hlen Sie dazu aus dem Men\u00fc den entsprechenden Eintrag oder folgen Sie den unten stehenden Links:<\/p>\r\n<ul>\r\n<li>Berufsfachschule\r\n<ul>\r\n<li><a href=\"https:\/\/k1-hagen.de\/index.php\/einjaehrige-berufsfachschule-typ-1\/\">Einj\u00e4hrige Berufsfachschule Typ 1<\/a><img loading=\"lazy\" decoding=\"async\" class=\" wp-image-208 alignright\" src=\"https:\/\/k1-hagen.de\/wp-content\/uploads\/2021\/10\/2021_08_30_2814-small-200x300.jpg\" alt=\"\" width=\"333\" height=\"500\" srcset=\"https:\/\/www.k1-hagen.de\/wp-content\/uploads\/2021\/10\/2021_08_30_2814-small-200x300.jpg 200w, https:\/\/www.k1-hagen.de\/wp-content\/uploads\/2021\/10\/2021_08_30_2814-small-683x1024.jpg 683w, https:\/\/www.k1-hagen.de\/wp-content\/uploads\/2021\/10\/2021_08_30_2814-small-768x1152.jpg 768w, https:\/\/www.k1-hagen.de\/wp-content\/uploads\/2021\/10\/2021_08_30_2814-small-1024x1536.jpg 1024w, https:\/\/www.k1-hagen.de\/wp-content\/uploads\/2021\/10\/2021_08_30_2814-small-rotated.jpg 1080w\" sizes=\"auto, (max-width: 333px) 100vw, 333px\" \/><\/li>\r\n<li><a href=\"https:\/\/k1-hagen.de\/index.php\/einjaehrige-berufsfachschule-typ-2\/\">Einj\u00e4hrige Berufsfachschule Typ 2<\/a><\/li>\r\n<\/ul>\r\n<\/li>\r\n<li>Berufsschule\r\n<ul>\r\n<li><a href=\"https:\/\/k1-hagen.de\/index.php\/ausbildungsvorbereitung\/\">Ausbildungsvorbereitung<\/a><\/li>\r\n<li><a href=\"https:\/\/k1-hagen.de\/index.php\/356-2\/\">Automobilkauffrau\/-kaufmann<\/a><\/li>\r\n<li><a href=\"https:\/\/k1-hagen.de\/index.php\/bankkauffrau-mann\/\">Bankkauffrau\/-kaufmann<\/a><\/li>\r\n<li><a href=\"https:\/\/www.k1-hagen.de\/index.php\/eisenbahner-in-im-betriebsdienst-2\/\">Eisenbahner\/in im Betriebdienst Lokf\u00fchrer\/in und Transport<\/a><\/li>\r\n<li><a href=\"https:\/\/k1-hagen.de\/index.php\/eisenbahner-in-im-betriebsdienst\/\">Eisenbahner\/in der Zugverkehrssteuerung<\/a><\/li>\r\n<li><a href=\"https:\/\/k1-hagen.de\/index.php\/fachkraft-fuer-lagerlogistik\/\">Fachkraft f\u00fcr Lagerlogistik<\/a><\/li>\r\n<li><a href=\"https:\/\/k1-hagen.de\/index.php\/fachlagerist-in\/\">Fachlagerist\/in<\/a><\/li>\r\n<li><a href=\"https:\/\/k1-hagen.de\/index.php\/industriekauffrau-mann\/\">Industriekauffrau\/-kaufmann<\/a><\/li>\r\n<li><a href=\"https:\/\/k1-hagen.de\/index.php\/it-berufe\/\">IT-Berufe<\/a><\/li>\r\n<li><a href=\"https:\/\/k1-hagen.de\/index.php\/kaufmann-kauffrau-fuer-bueromanagement\/\">Kauffrau\/Kaufmann f\u00fcr B\u00fcromanagement<\/a><\/li>\r\n<li><a href=\"https:\/\/k1-hagen.de\/index.php\/kauffrau-kaufmann-im-e-commerce\/\">Kauffrau\/Kaufmann im E-Commerce<\/a><\/li>\r\n<li><a href=\"https:\/\/k1-hagen.de\/index.php\/kauffrau-mann-im-gross-und-aussenhandelsmanagement\/\">Kauffrau\/Kaufmann im Gro\u00df- und Au\u00dfenhandelsmanagement<\/a><\/li>\r\n<li><a href=\"https:\/\/k1-hagen.de\/index.php\/medizinische-r-fachangestellte-r\/\">Medizinische\/r Fachangestellte\/r<\/a><\/li>\r\n<li><a href=\"https:\/\/k1-hagen.de\/index.php\/personaldienstleistungskauffrau-mann\/\">Personaldienstleistungskauffrau\/-kaufmann<\/a><\/li>\r\n<li><a href=\"https:\/\/k1-hagen.de\/index.php\/pharmazeutisch-kaufmaennische-r-angestellte-r\/\">Pharmazeutisch-kaufm\u00e4nnische\/r Angestellte\/r<\/a><\/li>\r\n<li><a href=\"https:\/\/k1-hagen.de\/index.php\/steuerfachangestellte-r\/\">Steuerfachangestellte\/r<\/a><\/li>\r\n<li><a href=\"https:\/\/k1-hagen.de\/index.php\/tourismuskauffrau-mann\/\">Tourismuskaufmann (Kaufmann f\u00fcr Privat- und Gesch\u00e4ftsreisen) \/ Tourismuskauffrau (Kauffrau f\u00fcr Privat- und Gesch\u00e4ftsreisen)<\/a><\/li>\r\n<li><a href=\"https:\/\/k1-hagen.de\/index.php\/verwaltungsfachangestellte-r\/\">Verwaltungsfachangestellte\/r<\/a><\/li>\r\n<li><a href=\"https:\/\/k1-hagen.de\/index.php\/zahnmedizinische-r-fachangestellte-r\/\">Zahnmedizinische\/r Fachangestellte\/r<\/a><\/li>\r\n<\/ul>\r\n<\/li>\r\n<li><a href=\"https:\/\/k1-hagen.de\/index.php\/fachschule-fuer-wirtschaft-abendstudium-schwerpunkt-absatzwirtschaft\/\">Fachschule f\u00fcr Wirtschaft<\/a><\/li>\r\n<li><a href=\"https:\/\/k1-hagen.de\/index.php\/duales-studium\/\">Duales Studium<\/a><\/li>\r\n<\/ul>\r\n<p><\/p>","protected":false},"excerpt":{"rendered":"<p>Bildungsg\u00e4nge Hier k\u00f6nnen Sie sich \u00fcber die an der K1 angebotenen Bildungsg\u00e4nge informieren. W\u00e4hlen Sie dazu aus dem Men\u00fc den entsprechenden Eintrag oder folgen Sie den unten stehenden Links: Berufsfachschule Einj\u00e4hrige Berufsfachschule Typ 1&#46;&#46;&#46;<\/p>\n","protected":false},"author":1,"featured_media":0,"parent":0,"menu_order":0,"comment_status":"closed","ping_status":"closed","template":"","meta":{"footnotes":""},"class_list":["post-117","page","type-page","status-publish","hentry"],"_links":{"self":[{"href":"https:\/\/www.k1-hagen.de\/index.php\/wp-json\/wp\/v2\/pages\/117","targetHints":{"allow":["GET"]}}],"collection":[{"href":"https:\/\/www.k1-hagen.de\/index.php\/wp-json\/wp\/v2\/pages"}],"about":[{"href":"https:\/\/www.k1-hagen.de\/index.php\/wp-json\/wp\/v2\/types\/page"}],"author":[{"embeddable":true,"href":"https:\/\/www.k1-hagen.de\/index.php\/wp-json\/wp\/v2\/users\/1"}],"replies":[{"embeddable":true,"href":"https:\/\/www.k1-hagen.de\/index.php\/wp-json\/wp\/v2\/comments?post=117"}],"version-history":[{"count":15,"href":"https:\/\/www.k1-hagen.de\/index.php\/wp-json\/wp\/v2\/pages\/117\/revisions"}],"predecessor-version":[{"id":2072,"href":"https:\/\/www.k1-hagen.de\/index.php\/wp-json\/wp\/v2\/pages\/117\/revisions\/2072"}],"wp:attachment":[{"href":"https:\/\/www.k1-hagen.de\/index.php\/wp-json\/wp\/v2\/media?parent=117"}],"curies":[{"name":"wp","href":"https:\/\/api.w.org\/{rel}","templated":true}]}}