{"id":1151,"date":"2022-04-29T09:45:13","date_gmt":"2022-04-29T09:45:13","guid":{"rendered":"https:\/\/www.k1-hagen.de\/?page_id=1151"},"modified":"2022-04-29T09:45:13","modified_gmt":"2022-04-29T09:45:13","slug":"projektablauf","status":"publish","type":"page","link":"https:\/\/www.k1-hagen.de\/index.php\/projektablauf\/","title":{"rendered":"Projektablauf"},"content":{"rendered":"<p><img loading=\"lazy\" decoding=\"async\" class=\"size-medium wp-image-1068 aligncenter\" src=\"https:\/\/www.k1-hagen.de\/wp-content\/uploads\/2022\/03\/C5137E24-46FF-4307-88DF-52125CD11E14-300x172.jpeg\" alt=\"\" width=\"300\" height=\"172\" srcset=\"https:\/\/www.k1-hagen.de\/wp-content\/uploads\/2022\/03\/C5137E24-46FF-4307-88DF-52125CD11E14-300x172.jpeg 300w, https:\/\/www.k1-hagen.de\/wp-content\/uploads\/2022\/03\/C5137E24-46FF-4307-88DF-52125CD11E14-1024x585.jpeg 1024w, https:\/\/www.k1-hagen.de\/wp-content\/uploads\/2022\/03\/C5137E24-46FF-4307-88DF-52125CD11E14-768x439.jpeg 768w, https:\/\/www.k1-hagen.de\/wp-content\/uploads\/2022\/03\/C5137E24-46FF-4307-88DF-52125CD11E14.jpeg 1401w\" sizes=\"auto, (max-width: 300px) 100vw, 300px\" \/><\/p>\n<p style=\"text-align: center;\"><strong>STORYS OF EUROPE \u2013 ZEIG MIR DEIN EUROPA<\/strong><\/p>\n<p>Europa und die EU in ihrer ganzen Vielfalt haben f\u00fcr jeden eine unterschiedliche Bedeutung. F\u00fcr den einen bedeutet Europa die eigenen Tr\u00e4ume zu verwirklichen, in andere L\u00e4nder zu reisen und neue Kulturen kennenzulernen. F\u00fcr den anderen bedeutet Europa, multiple nationale Identit\u00e4ten durch eine europ\u00e4ische Identit\u00e4t verbinden zu k\u00f6nnen. Andere wiederum verbinden Europa mit gemeinsamen Werten, rechtsstaatlichen Strukturen und Presse- und Meinungsfreiheit. Oftmals ist uns gar nicht bewusst, wo und wie Europa und die EU vor Ort wirken, was Europa uns erm\u00f6glicht und welchen Einfluss Europa auf das t\u00e4gliche Leben aller Menschen hat.<br \/>\nDie Europawoche soll dieses Jahr dazu anregen zu entdecken, was die EU \u00fcberhaupt mit mir und meiner Lebenswirklichkeit zu tun hat und wie Europa meinen Alltag in NRW pr\u00e4gt.<br \/>\nUnsere Sch\u00fcler und Sch\u00fclerinnen haben sich an dem Wettbewerb kr\u00e4ftig beteiligt. Das Ergebnis kann man sich auf unserer Homepage: https:\/\/www.k1-hagen.de\/index.php\/2022-2\/ und in Moodle: https:\/\/k1-wislearn.lms.schulon.org\/course\/view.php?id=2317 anschauen.<br \/>\nIch lade Sie herzlich ein, die Europawoche an unserer Schule aktiv mitzuerleben.<\/p>\n<p>1. W\u00e4hlen Sie eine Pr\u00e4sentation aus und starten Sie ein interessantes Gespr\u00e4ch im Klassenraum. Nutzen Sie dabei die drei Themen:<br \/>\n&#8211; Was macht Europa f\u00fcr mich aus?<br \/>\n&#8211; Was hat die EU mit meinem Alltag zu tun?<br \/>\n&#8211; Was w\u00fcnsche ich mir f\u00fcr die Zukunft der EU?<\/p>\n<p>2. Halten Sie die Ergebnisse dieses Gespr\u00e4chs mit kleinen Notizen fest und pinnen Sie sie an den Tafeln in den Fluren an. Diese dekoriere ich morgen mit Informationen \u00fcber Europa. Sie sind, hoffe ich, nicht zu \u00fcbersehen.<\/p>\n<p>3. Am Freitag, den 06.05.2022 wollen wir eine kleine Freundschaftskette vor der Schule im Park bilden und das Ereignis mit einer Drohne aufnehmen. Wer dabei sein m\u00f6chte, soll mir das bitte mitteilen.<\/p>\n<p>Ich w\u00fcnsche Euch viel Spa\u00df!!!<\/p>\n<p>Marzena Wosch<\/p>\n<p><img loading=\"lazy\" decoding=\"async\" class=\"alignnone size-medium wp-image-1145\" src=\"https:\/\/www.k1-hagen.de\/wp-content\/uploads\/2022\/04\/Europawoche_IB20A_03.2022_-300x300.jpeg\" alt=\"\" width=\"300\" height=\"300\" srcset=\"https:\/\/www.k1-hagen.de\/wp-content\/uploads\/2022\/04\/Europawoche_IB20A_03.2022_-300x300.jpeg 300w, https:\/\/www.k1-hagen.de\/wp-content\/uploads\/2022\/04\/Europawoche_IB20A_03.2022_-150x150.jpeg 150w, https:\/\/www.k1-hagen.de\/wp-content\/uploads\/2022\/04\/Europawoche_IB20A_03.2022_-768x765.jpeg 768w, https:\/\/www.k1-hagen.de\/wp-content\/uploads\/2022\/04\/Europawoche_IB20A_03.2022_-80x80.jpeg 80w, https:\/\/www.k1-hagen.de\/wp-content\/uploads\/2022\/04\/Europawoche_IB20A_03.2022_-320x320.jpeg 320w, https:\/\/www.k1-hagen.de\/wp-content\/uploads\/2022\/04\/Europawoche_IB20A_03.2022_.jpeg 982w\" sizes=\"auto, (max-width: 300px) 100vw, 300px\" \/><br \/>\nIB20A mit Frau Wosch<\/p>\n","protected":false},"excerpt":{"rendered":"<p>STORYS OF EUROPE \u2013 ZEIG MIR DEIN EUROPA Europa und die EU in ihrer ganzen Vielfalt haben f\u00fcr jeden eine unterschiedliche Bedeutung. F\u00fcr den einen bedeutet Europa die eigenen Tr\u00e4ume zu verwirklichen, in andere&#46;&#46;&#46;<\/p>\n","protected":false},"author":1,"featured_media":0,"parent":0,"menu_order":0,"comment_status":"closed","ping_status":"closed","template":"","meta":{"footnotes":""},"class_list":["post-1151","page","type-page","status-publish","hentry"],"_links":{"self":[{"href":"https:\/\/www.k1-hagen.de\/index.php\/wp-json\/wp\/v2\/pages\/1151","targetHints":{"allow":["GET"]}}],"collection":[{"href":"https:\/\/www.k1-hagen.de\/index.php\/wp-json\/wp\/v2\/pages"}],"about":[{"href":"https:\/\/www.k1-hagen.de\/index.php\/wp-json\/wp\/v2\/types\/page"}],"author":[{"embeddable":true,"href":"https:\/\/www.k1-hagen.de\/index.php\/wp-json\/wp\/v2\/users\/1"}],"replies":[{"embeddable":true,"href":"https:\/\/www.k1-hagen.de\/index.php\/wp-json\/wp\/v2\/comments?post=1151"}],"version-history":[{"count":1,"href":"https:\/\/www.k1-hagen.de\/index.php\/wp-json\/wp\/v2\/pages\/1151\/revisions"}],"predecessor-version":[{"id":1153,"href":"https:\/\/www.k1-hagen.de\/index.php\/wp-json\/wp\/v2\/pages\/1151\/revisions\/1153"}],"wp:attachment":[{"href":"https:\/\/www.k1-hagen.de\/index.php\/wp-json\/wp\/v2\/media?parent=1151"}],"curies":[{"name":"wp","href":"https:\/\/api.w.org\/{rel}","templated":true}]}}